{"id":1017,"date":"2025-04-26T17:27:30","date_gmt":"2025-04-26T17:27:30","guid":{"rendered":"https:\/\/moera.lt\/?post_type=product&#038;p=1017"},"modified":"2026-04-16T19:56:49","modified_gmt":"2026-04-16T19:56:49","slug":"sijonas-2","status":"publish","type":"product","link":"https:\/\/alizeja.lt\/en\/rubai\/sijonas-2\/","title":{"rendered":"Sijonas"},"content":{"rendered":"","protected":false},"excerpt":{"rendered":"<p><strong>Krentantis midi ilgis ir patogus A formos kirpimas nevar\u017eo judesi\u0173 ir leid\u017eia jaustis laisvai. Subtilus languotas ra\u0161tas, persipyn\u0119s \u0161velniomis spalvomis, suteikia \u017eaismingumo.<\/strong><\/p>\n<p><strong>Sud\u0117tis: 100 % medviln\u0117.<\/strong><\/p>\n<p><strong>Tinka S,M,L,XL<\/strong><\/p>\n<p><strong>I\u0161matavimai:<\/strong><\/p>\n<p><strong>Bendras ilgis 87 cm., <\/strong><\/p>\n<p><strong>Liemens\u00a0 ne i\u0161 temta apimtis 74 cm., i\u0161 temta 104 cm<\/strong><\/p>\n<div class=\"woocommerce-product-details__short-description\" style=\"box-sizing: border-box; --product-element-spacing: 35px; margin-bottom: var(--product-element-spacing, 10px); color: #222222; font-family: Montserrat, sans-serif;\"><\/div>\n<div class=\"ct-product-add-to-cart\" style=\"box-sizing: border-box; --product-element-spacing: 12px; margin-bottom: var(--product-element-spacing, 10px); color: #222222; font-family: Montserrat, sans-serif;\"><\/div>","protected":false},"featured_media":1509,"comment_status":"open","ping_status":"closed","template":"","meta":{"_gspb_post_css":"","_kad_blocks_custom_css":"","_kad_blocks_head_custom_js":"","_kad_blocks_body_custom_js":"","_kad_blocks_footer_custom_js":""},"product_brand":[],"product_cat":[112,22,19],"product_tag":[],"class_list":{"0":"post-1017","1":"product","2":"type-product","3":"status-publish","4":"has-post-thumbnail","6":"product_cat-ispardavimai","7":"product_cat-sijonai","8":"product_cat-drabuziai","10":"first","11":"instock","12":"sale","13":"taxable","14":"shipping-taxable","15":"purchasable","16":"product-type-variable","17":"has-default-attributes"},"supplier_id":null,"supplier_sku":"","barcode":null,"atum_controlled":true,"out_stock_date":null,"out_stock_threshold":null,"inheritable":true,"inbound_stock":0,"stock_on_hold":0,"sold_today":0,"sales_last_days":0,"reserved_stock":0,"customer_returns":0,"warehouse_damage":0,"lost_in_post":0,"other_logs":0,"out_stock_days":0,"lost_sales":0,"has_location":false,"update_date":"2026-05-15T02:35:29","atum_locations":[],"atum_stock_status":"instock","restock_status":false,"low_stock_amount":0,"sales_update_date":"2026-05-15T02:35:29","calc_backorders":null,"taxonomy_info":{"product_cat":[{"value":112,"label":"I\u0161pardavimai"},{"value":22,"label":"Sijonai"},{"value":19,"label":"Visi drabu\u017eiai"}]},"featured_image_src_large":["https:\/\/alizeja.lt\/wp-content\/uploads\/2025\/04\/pol_pl_Brazowa-midi-spodnica-z-paskiem-RUE-PARIS-414465_4-768x1024.jpg",768,1024,true],"author_info":[],"comment_info":0,"_links":{"self":[{"href":"https:\/\/alizeja.lt\/en\/wp-json\/wp\/v2\/product\/1017","targetHints":{"allow":["GET"]}}],"collection":[{"href":"https:\/\/alizeja.lt\/en\/wp-json\/wp\/v2\/product"}],"about":[{"href":"https:\/\/alizeja.lt\/en\/wp-json\/wp\/v2\/types\/product"}],"replies":[{"embeddable":true,"href":"https:\/\/alizeja.lt\/en\/wp-json\/wp\/v2\/comments?post=1017"}],"wp:featuredmedia":[{"embeddable":true,"href":"https:\/\/alizeja.lt\/en\/wp-json\/wp\/v2\/media\/1509"}],"wp:attachment":[{"href":"https:\/\/alizeja.lt\/en\/wp-json\/wp\/v2\/media?parent=1017"}],"wp:term":[{"taxonomy":"product_brand","embeddable":true,"href":"https:\/\/alizeja.lt\/en\/wp-json\/wp\/v2\/product_brand?post=1017"},{"taxonomy":"product_cat","embeddable":true,"href":"https:\/\/alizeja.lt\/en\/wp-json\/wp\/v2\/product_cat?post=1017"},{"taxonomy":"product_tag","embeddable":true,"href":"https:\/\/alizeja.lt\/en\/wp-json\/wp\/v2\/product_tag?post=1017"}],"curies":[{"name":"wp","href":"https:\/\/api.w.org\/{rel}","templated":true}]}}