{"id":1018,"date":"2025-04-26T17:28:37","date_gmt":"2025-04-26T17:28:37","guid":{"rendered":"https:\/\/moera.lt\/?post_type=product&#038;p=1018"},"modified":"2026-04-16T17:01:51","modified_gmt":"2026-04-16T17:01:51","slug":"svarkas","status":"publish","type":"product","link":"https:\/\/alizeja.lt\/en\/rubai\/svarkas\/","title":{"rendered":"palaidin\u0117 su geometriniu ra\u0161tu"},"content":{"rendered":"","protected":false},"excerpt":{"rendered":"<p><strong><span style=\"color: #0a0a0a; font-family: 'Google Sans', Roboto, Arial, sans-serif;\">Palaidin\u0117 yra ne nuobodi klasika, o dr\u0105sus ir i\u0161skirtinis pasirinkimas. D\u0117l laisvo kirpimo ji leid\u017eia jaustis laisvai ir patogiai, o geometriniai ra\u0161tai sukuria \u017eaisming\u0105 ir \u0161iuolaiki\u0161k\u0105 \u012fvaizd\u012f.<\/span><\/strong><\/p>\n<p><strong>Med\u017eiaga labai \u0161velni, megzta, tempiasi.<\/strong><\/p>\n<p><strong>Sud\u0117tis: 88% viskoz\u0117s, 12% nailono.<\/strong><\/p>\n<p><strong>Pagaminta P.R.C.<br \/>\n<\/strong><\/p>\n<p><strong>I\u0161matavimai:<\/strong><\/p>\n<p><strong>Pe\u010di\u0173 plotis: 56 cm<\/strong><\/p>\n<p><strong>Bendras ilgis : 55 cm<\/strong><\/p>\n<p><strong>Matavimas, nuo kaklo iki rankovi\u0173 pabaigos, bendras ilgis: 47 cm<\/strong><\/p>\n<p><strong>Kr\u016btin\u0117s apimtis: 122 cm <\/strong><\/p>\n<p><strong>Apa\u010dios apimtis: 122 cm<\/strong><\/p>\n<p><strong>\u00a0<\/strong><\/p>\n<p>&nbsp;<\/p>","protected":false},"featured_media":1172,"comment_status":"open","ping_status":"closed","template":"","meta":{"_gspb_post_css":"","_kad_blocks_custom_css":"","_kad_blocks_head_custom_js":"","_kad_blocks_body_custom_js":"","_kad_blocks_footer_custom_js":""},"product_brand":[],"product_cat":[112,34,19],"product_tag":[],"class_list":{"0":"post-1018","1":"product","2":"type-product","3":"status-publish","4":"has-post-thumbnail","6":"product_cat-ispardavimai","7":"product_cat-palaidines","8":"product_cat-drabuziai","10":"first","11":"instock","12":"sale","13":"taxable","14":"shipping-taxable","15":"purchasable","16":"product-type-variable","17":"has-default-attributes"},"supplier_id":null,"supplier_sku":"","barcode":null,"atum_controlled":true,"out_stock_date":null,"out_stock_threshold":null,"inheritable":true,"inbound_stock":0,"stock_on_hold":0,"sold_today":0,"sales_last_days":0,"reserved_stock":0,"customer_returns":0,"warehouse_damage":0,"lost_in_post":0,"other_logs":0,"out_stock_days":0,"lost_sales":0,"has_location":false,"update_date":"2026-05-15T02:35:28","atum_locations":[],"atum_stock_status":"instock","restock_status":false,"low_stock_amount":0,"sales_update_date":"2026-05-15T02:35:28","calc_backorders":null,"taxonomy_info":{"product_cat":[{"value":112,"label":"I\u0161pardavimai"},{"value":34,"label":"Palaidin\u0117s"},{"value":19,"label":"Visi drabu\u017eiai"}]},"featured_image_src_large":["https:\/\/alizeja.lt\/wp-content\/uploads\/2025\/04\/1000009190-1024x1024.webp",1024,1024,true],"author_info":[],"comment_info":0,"_links":{"self":[{"href":"https:\/\/alizeja.lt\/en\/wp-json\/wp\/v2\/product\/1018","targetHints":{"allow":["GET"]}}],"collection":[{"href":"https:\/\/alizeja.lt\/en\/wp-json\/wp\/v2\/product"}],"about":[{"href":"https:\/\/alizeja.lt\/en\/wp-json\/wp\/v2\/types\/product"}],"replies":[{"embeddable":true,"href":"https:\/\/alizeja.lt\/en\/wp-json\/wp\/v2\/comments?post=1018"}],"wp:featuredmedia":[{"embeddable":true,"href":"https:\/\/alizeja.lt\/en\/wp-json\/wp\/v2\/media\/1172"}],"wp:attachment":[{"href":"https:\/\/alizeja.lt\/en\/wp-json\/wp\/v2\/media?parent=1018"}],"wp:term":[{"taxonomy":"product_brand","embeddable":true,"href":"https:\/\/alizeja.lt\/en\/wp-json\/wp\/v2\/product_brand?post=1018"},{"taxonomy":"product_cat","embeddable":true,"href":"https:\/\/alizeja.lt\/en\/wp-json\/wp\/v2\/product_cat?post=1018"},{"taxonomy":"product_tag","embeddable":true,"href":"https:\/\/alizeja.lt\/en\/wp-json\/wp\/v2\/product_tag?post=1018"}],"curies":[{"name":"wp","href":"https:\/\/api.w.org\/{rel}","templated":true}]}}