{"id":1260,"date":"2025-10-19T11:56:43","date_gmt":"2025-10-19T11:56:43","guid":{"rendered":"https:\/\/alizeja.lt\/?post_type=product&#038;p=1260"},"modified":"2026-04-17T13:41:14","modified_gmt":"2026-04-17T13:41:14","slug":"pavadinima","status":"publish","type":"product","link":"https:\/\/alizeja.lt\/en\/rubai\/pavadinima\/","title":{"rendered":"PALAIDIN\u0116"},"content":{"rendered":"<p>&nbsp;<\/p>\n<p>&nbsp;<\/p>","protected":false},"excerpt":{"rendered":"<p><strong>Blizgi palaidin\u0117.<\/strong><\/p>\n<p><strong>Priekin\u0117s dalies abi pus\u0117s, skirting\u0173 atspalvi\u0173.<\/strong><\/p>\n<p><strong>Sud\u0117tis: 95% viskoz\u0117s 5%\u00a0 elastanas.<br \/>\n<\/strong><\/p>\n<p><strong>Med\u017eiaga truput\u012f tempiasi, plona.<br \/>\n<\/strong><\/p>\n<p><strong>Rankov\u0117s reguliuojasi, galima sutrumpinti, yra dir\u017eelis kuris susisega.<\/strong><\/p>\n<p><strong>Pagaminta Italijoje.<\/strong><\/p>\n<p><strong>Tinka\u00a0 S, M, L, XL<br \/>\n<\/strong><\/p>\n<p><strong>I\u0161matavimai:<\/strong><\/p>\n<ul>\n<li><strong>Ilgis: 47 cm<\/strong><\/li>\n<li><strong>Pe\u010di\u0173 plo.: 61 cm<\/strong><\/li>\n<li><strong>Rankov\u0117s: 76 cm., matuota nuo kaklo.<br \/>\n<\/strong><\/li>\n<li><strong>Kr\u016btin\u0117: 102 cm<\/strong><\/li>\n<li><strong>Apa\u010dia:\u00a0 102 cm<\/strong><\/li>\n<\/ul>","protected":false},"featured_media":1363,"comment_status":"open","ping_status":"closed","template":"","meta":{"_gspb_post_css":"","_kad_blocks_custom_css":"","_kad_blocks_head_custom_js":"","_kad_blocks_body_custom_js":"","_kad_blocks_footer_custom_js":""},"product_brand":[],"product_cat":[112,34,19],"product_tag":[],"class_list":{"0":"post-1260","1":"product","2":"type-product","3":"status-publish","4":"has-post-thumbnail","6":"product_cat-ispardavimai","7":"product_cat-palaidines","8":"product_cat-drabuziai","10":"first","11":"instock","12":"sale","13":"taxable","14":"shipping-taxable","15":"purchasable","16":"product-type-variable","17":"has-default-attributes"},"supplier_id":null,"supplier_sku":"","barcode":null,"atum_controlled":true,"out_stock_date":null,"out_stock_threshold":null,"inheritable":true,"inbound_stock":0,"stock_on_hold":0,"sold_today":0,"sales_last_days":0,"reserved_stock":0,"customer_returns":0,"warehouse_damage":0,"lost_in_post":0,"other_logs":0,"out_stock_days":0,"lost_sales":0,"has_location":false,"update_date":"2026-05-15T02:35:28","atum_locations":[],"atum_stock_status":"instock","restock_status":false,"low_stock_amount":"","sales_update_date":"2026-05-15T02:35:28","calc_backorders":null,"taxonomy_info":{"product_cat":[{"value":112,"label":"I\u0161pardavimai"},{"value":34,"label":"Palaidin\u0117s"},{"value":19,"label":"Visi drabu\u017eiai"}]},"featured_image_src_large":["https:\/\/alizeja.lt\/wp-content\/uploads\/2025\/04\/171362-1024x1024.jpg",1024,1024,true],"author_info":[],"comment_info":0,"_links":{"self":[{"href":"https:\/\/alizeja.lt\/en\/wp-json\/wp\/v2\/product\/1260","targetHints":{"allow":["GET"]}}],"collection":[{"href":"https:\/\/alizeja.lt\/en\/wp-json\/wp\/v2\/product"}],"about":[{"href":"https:\/\/alizeja.lt\/en\/wp-json\/wp\/v2\/types\/product"}],"replies":[{"embeddable":true,"href":"https:\/\/alizeja.lt\/en\/wp-json\/wp\/v2\/comments?post=1260"}],"wp:featuredmedia":[{"embeddable":true,"href":"https:\/\/alizeja.lt\/en\/wp-json\/wp\/v2\/media\/1363"}],"wp:attachment":[{"href":"https:\/\/alizeja.lt\/en\/wp-json\/wp\/v2\/media?parent=1260"}],"wp:term":[{"taxonomy":"product_brand","embeddable":true,"href":"https:\/\/alizeja.lt\/en\/wp-json\/wp\/v2\/product_brand?post=1260"},{"taxonomy":"product_cat","embeddable":true,"href":"https:\/\/alizeja.lt\/en\/wp-json\/wp\/v2\/product_cat?post=1260"},{"taxonomy":"product_tag","embeddable":true,"href":"https:\/\/alizeja.lt\/en\/wp-json\/wp\/v2\/product_tag?post=1260"}],"curies":[{"name":"wp","href":"https:\/\/api.w.org\/{rel}","templated":true}]}}