{"id":1306,"date":"2025-10-21T19:34:12","date_gmt":"2025-10-21T19:34:12","guid":{"rendered":"https:\/\/alizeja.lt\/?post_type=product&#038;p=1306"},"modified":"2026-04-14T09:34:50","modified_gmt":"2026-04-14T09:34:50","slug":"palaidine-2","status":"publish","type":"product","link":"https:\/\/alizeja.lt\/en\/rubai\/palaidine-2\/","title":{"rendered":"Palaidin\u0117."},"content":{"rendered":"<div class=\"ct-product-add-to-cart\" style=\"box-sizing: border-box; --product-element-spacing: 12px; margin-bottom: 12px; color: #222222; font-family: Montserrat, sans-serif; font-size: 16px; font-style: normal; font-variant-ligatures: normal; font-variant-caps: normal; font-weight: 400; letter-spacing: normal; orphans: 2; text-align: start; text-indent: 0px; text-transform: none; widows: 2; word-spacing: 0px; -webkit-text-stroke-width: 0px; white-space: normal; background-color: #ffffff; text-decoration-thickness: initial; text-decoration-style: initial; text-decoration-color: initial;\"><\/div>\n<div class=\"woocommerce-product-details__short-description\" style=\"box-sizing: border-box; --product-element-spacing: 35px; margin-bottom: 35px; color: #222222; font-family: Montserrat, sans-serif; font-size: 16px; font-style: normal; font-variant-ligatures: normal; font-variant-caps: normal; font-weight: 400; letter-spacing: normal; orphans: 2; text-align: start; text-indent: 0px; text-transform: none; widows: 2; word-spacing: 0px; -webkit-text-stroke-width: 0px; white-space: normal; background-color: #ffffff; text-decoration-thickness: initial; text-decoration-style: initial; text-decoration-color: initial;\">\n<p style=\"box-sizing: border-box; margin: 0px; padding: 0px; border: none; font: inherit; margin-block-end: 24px;\">\n<p style=\"box-sizing: border-box; margin: 0px; padding: 0px; border: none; font: inherit; margin-block-end: 24px;\">\n<\/div>","protected":false},"excerpt":{"rendered":"<p><strong>Tai stilingas ir subtilus pasirinkimas, priver\u010diantis atsisukti. Juodai baltas zigzago ra\u0161tas sukuria \u017eaisming\u0105, ta\u010diau eleganti\u0161k\u0105 \u012fsp\u016bd\u012f.\u00a0<\/strong><\/p>\n<p><strong>Med\u017eiaga labai \u0161velni, megzta, tempiasi.<\/strong><\/p>\n<p><strong>Pagaminta Italijoje!<\/strong><\/p>\n<p><strong>Sud\u0117tis: 52% viskoz\u0117s 26% poliesteris, 22% poliamido.<\/strong><\/p>\n<div class=\"entry-content is-layout-constrained\">\n<p><strong>Tinka:\u00a0 M, L, XL, XXL.<\/strong><\/p>\n<\/div>\n<p><strong>I\u0161matavimai:<\/strong><\/p>\n<ul>\n<li><strong>Ilgis:\u00a0 53 cm.<br \/>\n<\/strong><\/li>\n<li><strong>Pe\u010di\u0173 plo.: 58 cm<\/strong><\/li>\n<li><strong>Rankov\u0117s: 59 cm., matuota nuo kaklo.<br \/>\n<\/strong><\/li>\n<li><strong>Kr\u016btin\u0117: 130cm<\/strong><\/li>\n<li><strong>Apa\u010dia:\u00a0 128 cm<\/strong><\/li>\n<\/ul>\n<p>&nbsp;<\/p>","protected":false},"featured_media":1292,"comment_status":"open","ping_status":"closed","template":"","meta":{"_gspb_post_css":"","_kad_blocks_custom_css":"","_kad_blocks_head_custom_js":"","_kad_blocks_body_custom_js":"","_kad_blocks_footer_custom_js":""},"product_brand":[],"product_cat":[112,34,19],"product_tag":[],"class_list":{"0":"post-1306","1":"product","2":"type-product","3":"status-publish","4":"has-post-thumbnail","6":"product_cat-ispardavimai","7":"product_cat-palaidines","8":"product_cat-drabuziai","10":"first","11":"instock","12":"sale","13":"taxable","14":"shipping-taxable","15":"purchasable","16":"product-type-variable","17":"has-default-attributes"},"supplier_id":null,"supplier_sku":"","barcode":null,"atum_controlled":true,"out_stock_date":null,"out_stock_threshold":null,"inheritable":true,"inbound_stock":0,"stock_on_hold":0,"sold_today":0,"sales_last_days":0,"reserved_stock":0,"customer_returns":0,"warehouse_damage":0,"lost_in_post":0,"other_logs":0,"out_stock_days":0,"lost_sales":0,"has_location":false,"update_date":"2026-05-15T02:35:29","atum_locations":[],"atum_stock_status":"instock","restock_status":false,"low_stock_amount":0,"sales_update_date":"2026-05-15T02:35:29","calc_backorders":null,"taxonomy_info":{"product_cat":[{"value":112,"label":"I\u0161pardavimai"},{"value":34,"label":"Palaidin\u0117s"},{"value":19,"label":"Visi drabu\u017eiai"}]},"featured_image_src_large":["https:\/\/alizeja.lt\/wp-content\/uploads\/2025\/10\/172489-1-1024x1024.jpg",1024,1024,true],"author_info":[],"comment_info":0,"_links":{"self":[{"href":"https:\/\/alizeja.lt\/en\/wp-json\/wp\/v2\/product\/1306","targetHints":{"allow":["GET"]}}],"collection":[{"href":"https:\/\/alizeja.lt\/en\/wp-json\/wp\/v2\/product"}],"about":[{"href":"https:\/\/alizeja.lt\/en\/wp-json\/wp\/v2\/types\/product"}],"replies":[{"embeddable":true,"href":"https:\/\/alizeja.lt\/en\/wp-json\/wp\/v2\/comments?post=1306"}],"wp:featuredmedia":[{"embeddable":true,"href":"https:\/\/alizeja.lt\/en\/wp-json\/wp\/v2\/media\/1292"}],"wp:attachment":[{"href":"https:\/\/alizeja.lt\/en\/wp-json\/wp\/v2\/media?parent=1306"}],"wp:term":[{"taxonomy":"product_brand","embeddable":true,"href":"https:\/\/alizeja.lt\/en\/wp-json\/wp\/v2\/product_brand?post=1306"},{"taxonomy":"product_cat","embeddable":true,"href":"https:\/\/alizeja.lt\/en\/wp-json\/wp\/v2\/product_cat?post=1306"},{"taxonomy":"product_tag","embeddable":true,"href":"https:\/\/alizeja.lt\/en\/wp-json\/wp\/v2\/product_tag?post=1306"}],"curies":[{"name":"wp","href":"https:\/\/api.w.org\/{rel}","templated":true}]}}