{"id":1311,"date":"2025-10-21T20:01:16","date_gmt":"2025-10-21T20:01:16","guid":{"rendered":"https:\/\/alizeja.lt\/?post_type=product&#038;p=1311"},"modified":"2026-04-17T04:50:43","modified_gmt":"2026-04-17T04:50:43","slug":"marskineliai","status":"publish","type":"product","link":"https:\/\/alizeja.lt\/en\/rubai\/marskineliai\/","title":{"rendered":"Mar\u0161kin\u0117liai"},"content":{"rendered":"","protected":false},"excerpt":{"rendered":"<p><strong><span style=\"color: #0a0a0a; font-family: 'Google Sans', Roboto, Arial, sans-serif;\">Norite atrodyti eleganti\u0161kai, bet kartu ir \u017eaismingai? \u0160ie mar\u0161kin\u0117liai\u00a0 yra puikus pasirinkimas! J\u0173 pagrindinis akcentas \u2013 tai ne \u0161iaip apykakl\u0117, o ilgas, \u017eavus kaspinas, kur\u012f galite suri\u0161ti taip, kaip tik norite! B\u016bk romanti\u0161ka ir subtili arba dr\u0105si ir i\u0161skirtin\u0117 \u2013 rinkit\u0117s pati.<\/span><\/strong><\/p>\n<p><strong>\u0160velni med\u017eiaga.<\/strong><\/p>\n<p><strong>Pagaminta Europoje.<\/strong><\/p>\n<p><strong>Sud\u0117tis: 95% medviln\u0117, 5% elastano.<br \/>\n<\/strong><\/p>\n<p><strong>I\u0161matavimai: <\/strong><\/p>\n<p><strong>Pe\u010di\u0173 plotis: 43 cm<\/strong><\/p>\n<p><strong>Kr\u016btin\u0117s apimtis: 104cm<\/strong><\/p>\n<p><strong>Rankovi\u0173 ilgis: 63 cm<\/strong><\/p>\n<p><strong>Apa\u010dios apimtis: 112 cm<\/strong><\/p>\n<p><strong>\u00a0<\/strong><\/p>","protected":false},"featured_media":1314,"comment_status":"open","ping_status":"closed","template":"","meta":{"_gspb_post_css":"","_kad_blocks_custom_css":"","_kad_blocks_head_custom_js":"","_kad_blocks_body_custom_js":"","_kad_blocks_footer_custom_js":""},"product_brand":[],"product_cat":[112,61,19],"product_tag":[],"class_list":{"0":"post-1311","1":"product","2":"type-product","3":"status-publish","4":"has-post-thumbnail","6":"product_cat-ispardavimai","7":"product_cat-marskineliai","8":"product_cat-drabuziai","10":"first","11":"instock","12":"sale","13":"taxable","14":"shipping-taxable","15":"purchasable","16":"product-type-variable","17":"has-default-attributes"},"supplier_id":null,"supplier_sku":"","barcode":null,"atum_controlled":true,"out_stock_date":null,"out_stock_threshold":null,"inheritable":true,"inbound_stock":0,"stock_on_hold":0,"sold_today":0,"sales_last_days":0,"reserved_stock":0,"customer_returns":0,"warehouse_damage":0,"lost_in_post":0,"other_logs":0,"out_stock_days":0,"lost_sales":0,"has_location":false,"update_date":"2026-05-15T02:35:30","atum_locations":[],"atum_stock_status":"instock","restock_status":false,"low_stock_amount":"","sales_update_date":"2026-05-15T02:35:30","calc_backorders":0,"taxonomy_info":{"product_cat":[{"value":112,"label":"I\u0161pardavimai"},{"value":61,"label":"Mar\u0161kin\u0117liai"},{"value":19,"label":"Visi drabu\u017eiai"}]},"featured_image_src_large":["https:\/\/alizeja.lt\/wp-content\/uploads\/2025\/10\/169661-1024x1024.jpg",1024,1024,true],"author_info":[],"comment_info":0,"_links":{"self":[{"href":"https:\/\/alizeja.lt\/en\/wp-json\/wp\/v2\/product\/1311","targetHints":{"allow":["GET"]}}],"collection":[{"href":"https:\/\/alizeja.lt\/en\/wp-json\/wp\/v2\/product"}],"about":[{"href":"https:\/\/alizeja.lt\/en\/wp-json\/wp\/v2\/types\/product"}],"replies":[{"embeddable":true,"href":"https:\/\/alizeja.lt\/en\/wp-json\/wp\/v2\/comments?post=1311"}],"wp:featuredmedia":[{"embeddable":true,"href":"https:\/\/alizeja.lt\/en\/wp-json\/wp\/v2\/media\/1314"}],"wp:attachment":[{"href":"https:\/\/alizeja.lt\/en\/wp-json\/wp\/v2\/media?parent=1311"}],"wp:term":[{"taxonomy":"product_brand","embeddable":true,"href":"https:\/\/alizeja.lt\/en\/wp-json\/wp\/v2\/product_brand?post=1311"},{"taxonomy":"product_cat","embeddable":true,"href":"https:\/\/alizeja.lt\/en\/wp-json\/wp\/v2\/product_cat?post=1311"},{"taxonomy":"product_tag","embeddable":true,"href":"https:\/\/alizeja.lt\/en\/wp-json\/wp\/v2\/product_tag?post=1311"}],"curies":[{"name":"wp","href":"https:\/\/api.w.org\/{rel}","templated":true}]}}