{"id":1353,"date":"2025-10-22T12:19:09","date_gmt":"2025-10-22T12:19:09","guid":{"rendered":"https:\/\/alizeja.lt\/?post_type=product&#038;p=1353"},"modified":"2026-04-17T05:24:22","modified_gmt":"2026-04-17T05:24:22","slug":"marskineliai-2","status":"publish","type":"product","link":"https:\/\/alizeja.lt\/en\/rubai\/marskineliai-2\/","title":{"rendered":"Mar\u0161kiniai, kupini paslap\u010di\u0173 ir spindesio!"},"content":{"rendered":"<div class=\"ct-product-add-to-cart\" style=\"box-sizing: border-box; --product-element-spacing: 12px; margin-bottom: var(--product-element-spacing, 10px); color: #222222; font-family: Montserrat, sans-serif; font-size: 16px; font-style: normal; font-variant-ligatures: normal; font-variant-caps: normal; font-weight: 400; letter-spacing: normal; orphans: 2; text-align: start; text-indent: 0px; text-transform: none; widows: 2; word-spacing: 0px; -webkit-text-stroke-width: 0px; white-space: normal; background-color: #ffffff; text-decoration-thickness: initial; text-decoration-style: initial; text-decoration-color: initial;\"><\/div>\n<div class=\"woocommerce-product-details__short-description\" style=\"box-sizing: border-box; --product-element-spacing: 35px; margin-bottom: var(--product-element-spacing, 10px); color: #222222; font-family: Montserrat, sans-serif; font-size: 16px; font-style: normal; font-variant-ligatures: normal; font-variant-caps: normal; font-weight: 400; letter-spacing: normal; orphans: 2; text-align: start; text-indent: 0px; text-transform: none; widows: 2; word-spacing: 0px; -webkit-text-stroke-width: 0px; white-space: normal; background-color: #ffffff; text-decoration-thickness: initial; text-decoration-style: initial; text-decoration-color: initial;\">\n<p style=\"box-sizing: border-box; margin: 0px; padding: 0px; border: none; font: inherit; margin-block-end: var(--theme-content-spacing);\">\n<\/div>","protected":false},"excerpt":{"rendered":"<p><strong><span style=\"color: #0a0a0a; font-family: 'Google Sans', Roboto, Arial, sans-serif;\">Ie\u0161kote aprangos, kuri atspind\u0117t\u0173 j\u016bs\u0173 asmenyb\u0119 ir i\u0161skirtinum\u0105? \u0160ie mar\u0161kin\u0117liai su \u201eKristalin\u0117s Kaukol\u0117s\u201c motyvu yra puikus pasirinkimas! Sukurti tiems, kurie nebijo i\u0161siskirti ir vertina originalum\u0105.<\/span><\/strong><\/p>\n<p><strong>U\u017esegimas su sagomis.<\/strong><\/p>\n<p><strong>Rankov\u0117s ilgos, rankogaliai u\u017esisega saga.<\/strong><\/p>\n<p><strong>Inkrustacija su metalin\u0117mis knied\u0117mis.<\/strong><\/p>\n<p><strong>Sud\u0117tis: 100% medviln\u0117.<\/strong><\/p>\n<p><strong>Pagaminta Italijoje.<\/strong><\/p>\n<p><strong>I\u0161matavimai:<\/strong><\/p>\n<p><strong>Pe\u010di\u0173 plotis:\u00a055 m<\/strong><\/p>\n<p><strong>Rankov\u0117s ilgis:\u00a052 cm<\/strong><\/p>\n<p><strong>Kr\u016btin\u0117s apimtis:\u00a0138 cm<\/strong><\/p>\n<p><strong>Juosmens apimtis:\u00a0140 cm<\/strong><\/p>\n<p><strong>Bendras ilgis:\u00a065 cm<\/strong><\/p>\n<p>&nbsp;<\/p>\n<p><strong>\u00a0<\/strong><\/p>","protected":false},"featured_media":1332,"comment_status":"open","ping_status":"closed","template":"","meta":{"_gspb_post_css":"","_kad_blocks_custom_css":"","_kad_blocks_head_custom_js":"","_kad_blocks_body_custom_js":"","_kad_blocks_footer_custom_js":""},"product_brand":[],"product_cat":[112,61,19],"product_tag":[],"class_list":{"0":"post-1353","1":"product","2":"type-product","3":"status-publish","4":"has-post-thumbnail","6":"product_cat-ispardavimai","7":"product_cat-marskineliai","8":"product_cat-drabuziai","10":"first","11":"instock","12":"sale","13":"taxable","14":"shipping-taxable","15":"purchasable","16":"product-type-variable","17":"has-default-attributes"},"supplier_id":null,"supplier_sku":"","barcode":null,"atum_controlled":true,"out_stock_date":null,"out_stock_threshold":null,"inheritable":true,"inbound_stock":0,"stock_on_hold":0,"sold_today":0,"sales_last_days":0,"reserved_stock":0,"customer_returns":0,"warehouse_damage":0,"lost_in_post":0,"other_logs":0,"out_stock_days":0,"lost_sales":0,"has_location":false,"update_date":"2026-05-15T02:35:29","atum_locations":[],"atum_stock_status":"instock","restock_status":false,"low_stock_amount":0,"sales_update_date":"2026-05-15T02:35:29","calc_backorders":null,"taxonomy_info":{"product_cat":[{"value":112,"label":"I\u0161pardavimai"},{"value":61,"label":"Mar\u0161kin\u0117liai"},{"value":19,"label":"Visi drabu\u017eiai"}]},"featured_image_src_large":["https:\/\/alizeja.lt\/wp-content\/uploads\/2025\/10\/170868-1024x1024.jpg",1024,1024,true],"author_info":[],"comment_info":0,"_links":{"self":[{"href":"https:\/\/alizeja.lt\/en\/wp-json\/wp\/v2\/product\/1353","targetHints":{"allow":["GET"]}}],"collection":[{"href":"https:\/\/alizeja.lt\/en\/wp-json\/wp\/v2\/product"}],"about":[{"href":"https:\/\/alizeja.lt\/en\/wp-json\/wp\/v2\/types\/product"}],"replies":[{"embeddable":true,"href":"https:\/\/alizeja.lt\/en\/wp-json\/wp\/v2\/comments?post=1353"}],"wp:featuredmedia":[{"embeddable":true,"href":"https:\/\/alizeja.lt\/en\/wp-json\/wp\/v2\/media\/1332"}],"wp:attachment":[{"href":"https:\/\/alizeja.lt\/en\/wp-json\/wp\/v2\/media?parent=1353"}],"wp:term":[{"taxonomy":"product_brand","embeddable":true,"href":"https:\/\/alizeja.lt\/en\/wp-json\/wp\/v2\/product_brand?post=1353"},{"taxonomy":"product_cat","embeddable":true,"href":"https:\/\/alizeja.lt\/en\/wp-json\/wp\/v2\/product_cat?post=1353"},{"taxonomy":"product_tag","embeddable":true,"href":"https:\/\/alizeja.lt\/en\/wp-json\/wp\/v2\/product_tag?post=1353"}],"curies":[{"name":"wp","href":"https:\/\/api.w.org\/{rel}","templated":true}]}}