{"id":1415,"date":"2025-10-22T18:24:53","date_gmt":"2025-10-22T18:24:53","guid":{"rendered":"https:\/\/alizeja.lt\/?post_type=product&#038;p=1415"},"modified":"2026-04-16T17:22:04","modified_gmt":"2026-04-16T17:22:04","slug":"marskineliai-3","status":"publish","type":"product","link":"https:\/\/alizeja.lt\/en\/rubai\/marskineliai-3\/","title":{"rendered":"Juodi mar\u0161kiniai su me\u0161kiuko aplikacija!"},"content":{"rendered":"","protected":false},"excerpt":{"rendered":"<p><strong>Tradicinio kirpimo balti mar\u0161kiniai su apykakle ir sagomis, puikiai tinka prie \u012fvairi\u0173 aprangos stili\u0173.<\/strong><\/p>\n<p><strong>Petys \u012fsi\u016btos ir pakietintos, kad forma i\u0161silaikyt\u0173.<\/strong><\/p>\n<p><strong>Pagrindinis akcentas \u2013 ant kr\u016btin\u0117s prisi\u016bta \u017eaisminga, detali me\u0161kiuko aplikacija su numeriu \u201e82\u201c.<\/strong><\/p>\n<p><strong>Pagaminta Italijoje.<\/strong><\/p>\n<p><strong>Sud\u0117tis:95% medviln\u0117, 5% elastanas.<br \/>\n<\/strong><\/p>\n<p><strong>Tinka XL, XXL, XXXL, XXXXL<\/strong><\/p>\n<p><strong>Dydis:<\/strong><\/p>\n<p><strong>Pe\u010di\u0173 plotis: 43 cm<\/strong><\/p>\n<p><strong>Kr\u016btin\u0117s apimtis: 112 cm<\/strong><\/p>\n<p><strong>Bendras ilgis:68 cm<\/strong><\/p>\n<p><strong>Apa\u010dios apimtis: 114 cm<\/strong><\/p>\n<p>&nbsp;<\/p>\n<p><strong>\u00a0<\/strong><\/p>\n<p>&nbsp;<\/p>","protected":false},"featured_media":1368,"comment_status":"open","ping_status":"closed","template":"","meta":{"_gspb_post_css":"","_kad_blocks_custom_css":"","_kad_blocks_head_custom_js":"","_kad_blocks_body_custom_js":"","_kad_blocks_footer_custom_js":""},"product_brand":[],"product_cat":[112,61,19],"product_tag":[],"class_list":{"0":"post-1415","1":"product","2":"type-product","3":"status-publish","4":"has-post-thumbnail","6":"product_cat-ispardavimai","7":"product_cat-marskineliai","8":"product_cat-drabuziai","10":"first","11":"instock","12":"sale","13":"taxable","14":"shipping-taxable","15":"purchasable","16":"product-type-variable","17":"has-default-attributes"},"supplier_id":null,"supplier_sku":"","barcode":null,"atum_controlled":true,"out_stock_date":null,"out_stock_threshold":null,"inheritable":true,"inbound_stock":0,"stock_on_hold":0,"sold_today":0,"sales_last_days":0,"reserved_stock":0,"customer_returns":0,"warehouse_damage":0,"lost_in_post":0,"other_logs":0,"out_stock_days":0,"lost_sales":0,"has_location":false,"update_date":"2026-05-15T02:35:29","atum_locations":[],"atum_stock_status":"instock","restock_status":false,"low_stock_amount":0,"sales_update_date":"2026-05-15T02:35:29","calc_backorders":null,"taxonomy_info":{"product_cat":[{"value":112,"label":"I\u0161pardavimai"},{"value":61,"label":"Mar\u0161kin\u0117liai"},{"value":19,"label":"Visi drabu\u017eiai"}]},"featured_image_src_large":["https:\/\/alizeja.lt\/wp-content\/uploads\/2025\/04\/147651-1024x1024.jpg",1024,1024,true],"author_info":[],"comment_info":0,"_links":{"self":[{"href":"https:\/\/alizeja.lt\/en\/wp-json\/wp\/v2\/product\/1415","targetHints":{"allow":["GET"]}}],"collection":[{"href":"https:\/\/alizeja.lt\/en\/wp-json\/wp\/v2\/product"}],"about":[{"href":"https:\/\/alizeja.lt\/en\/wp-json\/wp\/v2\/types\/product"}],"replies":[{"embeddable":true,"href":"https:\/\/alizeja.lt\/en\/wp-json\/wp\/v2\/comments?post=1415"}],"wp:featuredmedia":[{"embeddable":true,"href":"https:\/\/alizeja.lt\/en\/wp-json\/wp\/v2\/media\/1368"}],"wp:attachment":[{"href":"https:\/\/alizeja.lt\/en\/wp-json\/wp\/v2\/media?parent=1415"}],"wp:term":[{"taxonomy":"product_brand","embeddable":true,"href":"https:\/\/alizeja.lt\/en\/wp-json\/wp\/v2\/product_brand?post=1415"},{"taxonomy":"product_cat","embeddable":true,"href":"https:\/\/alizeja.lt\/en\/wp-json\/wp\/v2\/product_cat?post=1415"},{"taxonomy":"product_tag","embeddable":true,"href":"https:\/\/alizeja.lt\/en\/wp-json\/wp\/v2\/product_tag?post=1415"}],"curies":[{"name":"wp","href":"https:\/\/api.w.org\/{rel}","templated":true}]}}