{"id":1429,"date":"2025-10-23T10:35:27","date_gmt":"2025-10-23T10:35:27","guid":{"rendered":"https:\/\/alizeja.lt\/?post_type=product&#038;p=1429"},"modified":"2026-04-14T17:38:51","modified_gmt":"2026-04-14T17:38:51","slug":"palaidine-4","status":"publish","type":"product","link":"https:\/\/alizeja.lt\/en\/rubai\/palaidine-4\/","title":{"rendered":"Palaidin\u0117"},"content":{"rendered":"","protected":false},"excerpt":{"rendered":"<div class=\"woocommerce-product-details__short-description\">\n<p><strong>Med\u017eiaga labai \u0161velni, megzta, tempiasi.<\/strong><\/p>\n<p><strong>Sud\u0117tis: 52% viskoz\u0117s 26% polesteris, 22% polamido.<\/strong><\/p>\n<div class=\"woocommerce-product-details__short-description\">\n<div class=\"woocommerce-product-details__short-description\">\n<p><strong>Pagaminta Italijoje.<\/strong><\/p>\n<div class=\"entry-content is-layout-constrained\">\n<p><strong>Tinka:\u00a0 M, L, XL<br \/>\n<\/strong><\/p>\n<\/div>\n<p><strong>I\u0161matavimai:<\/strong><\/p>\n<ul>\n<li><strong>Ilgis:\u00a0 52 cm.<br \/>\n<\/strong><\/li>\n<li><strong>Pe\u010di\u0173 plo.: 58 cm<\/strong><\/li>\n<li><strong>Rankov\u0117s: matuota nuo kaklo 49 cm<br \/>\n<\/strong><\/li>\n<li><strong>Kr\u016btin\u0117: 106cm<\/strong><\/li>\n<li><strong>Apa\u010dia:\u00a0 94 cm<\/strong><\/li>\n<\/ul>\n<\/div>\n<\/div>\n<p><strong>\u00a0<\/strong><\/p>\n<\/div>","protected":false},"featured_media":1369,"comment_status":"open","ping_status":"closed","template":"","meta":{"_gspb_post_css":"","_kad_blocks_custom_css":"","_kad_blocks_head_custom_js":"","_kad_blocks_body_custom_js":"","_kad_blocks_footer_custom_js":""},"product_brand":[],"product_cat":[112,34,19],"product_tag":[],"class_list":{"0":"post-1429","1":"product","2":"type-product","3":"status-publish","4":"has-post-thumbnail","6":"product_cat-ispardavimai","7":"product_cat-palaidines","8":"product_cat-drabuziai","10":"first","11":"instock","12":"sale","13":"taxable","14":"shipping-taxable","15":"purchasable","16":"product-type-variable","17":"has-default-attributes"},"supplier_id":null,"supplier_sku":"","barcode":null,"atum_controlled":true,"out_stock_date":null,"out_stock_threshold":null,"inheritable":true,"inbound_stock":0,"stock_on_hold":0,"sold_today":0,"sales_last_days":0,"reserved_stock":0,"customer_returns":0,"warehouse_damage":0,"lost_in_post":0,"other_logs":0,"out_stock_days":0,"lost_sales":0,"has_location":false,"update_date":"2026-05-15T02:35:28","atum_locations":[],"atum_stock_status":"instock","restock_status":false,"low_stock_amount":0,"sales_update_date":"2026-05-15T02:35:28","calc_backorders":null,"taxonomy_info":{"product_cat":[{"value":112,"label":"I\u0161pardavimai"},{"value":34,"label":"Palaidin\u0117s"},{"value":19,"label":"Visi drabu\u017eiai"}]},"featured_image_src_large":["https:\/\/alizeja.lt\/wp-content\/uploads\/2025\/04\/172031-1024x1024.jpg",1024,1024,true],"author_info":[],"comment_info":0,"_links":{"self":[{"href":"https:\/\/alizeja.lt\/en\/wp-json\/wp\/v2\/product\/1429","targetHints":{"allow":["GET"]}}],"collection":[{"href":"https:\/\/alizeja.lt\/en\/wp-json\/wp\/v2\/product"}],"about":[{"href":"https:\/\/alizeja.lt\/en\/wp-json\/wp\/v2\/types\/product"}],"replies":[{"embeddable":true,"href":"https:\/\/alizeja.lt\/en\/wp-json\/wp\/v2\/comments?post=1429"}],"wp:featuredmedia":[{"embeddable":true,"href":"https:\/\/alizeja.lt\/en\/wp-json\/wp\/v2\/media\/1369"}],"wp:attachment":[{"href":"https:\/\/alizeja.lt\/en\/wp-json\/wp\/v2\/media?parent=1429"}],"wp:term":[{"taxonomy":"product_brand","embeddable":true,"href":"https:\/\/alizeja.lt\/en\/wp-json\/wp\/v2\/product_brand?post=1429"},{"taxonomy":"product_cat","embeddable":true,"href":"https:\/\/alizeja.lt\/en\/wp-json\/wp\/v2\/product_cat?post=1429"},{"taxonomy":"product_tag","embeddable":true,"href":"https:\/\/alizeja.lt\/en\/wp-json\/wp\/v2\/product_tag?post=1429"}],"curies":[{"name":"wp","href":"https:\/\/api.w.org\/{rel}","templated":true}]}}