{"id":1445,"date":"2025-10-23T12:59:00","date_gmt":"2025-10-23T12:59:00","guid":{"rendered":"https:\/\/alizeja.lt\/?post_type=product&#038;p=1445"},"modified":"2026-04-16T17:04:56","modified_gmt":"2026-04-16T17:04:56","slug":"marskineliai-6","status":"publish","type":"product","link":"https:\/\/alizeja.lt\/en\/rubai\/marskineliai-6\/","title":{"rendered":"Mar\u0161kin\u0117liai"},"content":{"rendered":"","protected":false},"excerpt":{"rendered":"<p><strong><span style=\"color: #0a0a0a; font-family: 'Google Sans', Roboto, Arial, sans-serif;\">Ie\u0161kote stilingo, bet tuo pa\u010diu universalaus drabu\u017eio? \u0160i vyno spalvos palaidin\u0117 su i\u0161skirtiniu kaspinu \u2013 puikus pasirinkimas!\u00a0<\/span><\/strong><\/p>\n<p><strong>Kaspinas i\u0161sileid\u017eia ir galit ri\u0161ti kaip jums patogu.<\/strong><\/p>\n<p><strong>Pagaminta Europoje<\/strong><\/p>\n<p><strong>Sud\u0117tis: 70% medviln\u0117, 25% nailono, 5% elastano. \u0160velni med\u017eiaga.<\/strong><\/p>\n<p><strong>I\u0161matavimai: <\/strong><\/p>\n<p><strong>Pe\u010di\u0173 plotis: 43 cm<\/strong><\/p>\n<p><strong>Kr\u016btin\u0117s apimtis: 100 cm<\/strong><\/p>\n<p><strong>Bendras ilgis: 56 cm<\/strong><\/p>\n<p><strong>Rankovi\u0173 ilgis: 64 cm<\/strong><\/p>\n<p><strong>Apa\u010dios apimtis: 104 cm<br \/>\n<\/strong><\/p>\n<p>&nbsp;<\/p>\n<p><strong>\u00a0<\/strong><\/p>\n<p>&nbsp;<\/p>","protected":false},"featured_media":1315,"comment_status":"open","ping_status":"closed","template":"","meta":{"_gspb_post_css":"","_kad_blocks_custom_css":"","_kad_blocks_head_custom_js":"","_kad_blocks_body_custom_js":"","_kad_blocks_footer_custom_js":""},"product_brand":[],"product_cat":[112,61,19],"product_tag":[],"class_list":{"0":"post-1445","1":"product","2":"type-product","3":"status-publish","4":"has-post-thumbnail","6":"product_cat-ispardavimai","7":"product_cat-marskineliai","8":"product_cat-drabuziai","10":"first","11":"instock","12":"sale","13":"taxable","14":"shipping-taxable","15":"purchasable","16":"product-type-variable"},"supplier_id":null,"supplier_sku":"","barcode":null,"atum_controlled":true,"out_stock_date":null,"out_stock_threshold":null,"inheritable":true,"inbound_stock":0,"stock_on_hold":0,"sold_today":0,"sales_last_days":0,"reserved_stock":0,"customer_returns":0,"warehouse_damage":0,"lost_in_post":0,"other_logs":0,"out_stock_days":0,"lost_sales":0,"has_location":false,"update_date":"2026-05-15T02:35:28","atum_locations":[],"atum_stock_status":"instock","restock_status":false,"low_stock_amount":0,"sales_update_date":"2026-05-15T02:35:28","calc_backorders":null,"taxonomy_info":{"product_cat":[{"value":112,"label":"I\u0161pardavimai"},{"value":61,"label":"Mar\u0161kin\u0117liai"},{"value":19,"label":"Visi drabu\u017eiai"}]},"featured_image_src_large":["https:\/\/alizeja.lt\/wp-content\/uploads\/2025\/10\/169655-1024x1024.jpg",1024,1024,true],"author_info":[],"comment_info":0,"_links":{"self":[{"href":"https:\/\/alizeja.lt\/en\/wp-json\/wp\/v2\/product\/1445","targetHints":{"allow":["GET"]}}],"collection":[{"href":"https:\/\/alizeja.lt\/en\/wp-json\/wp\/v2\/product"}],"about":[{"href":"https:\/\/alizeja.lt\/en\/wp-json\/wp\/v2\/types\/product"}],"replies":[{"embeddable":true,"href":"https:\/\/alizeja.lt\/en\/wp-json\/wp\/v2\/comments?post=1445"}],"wp:featuredmedia":[{"embeddable":true,"href":"https:\/\/alizeja.lt\/en\/wp-json\/wp\/v2\/media\/1315"}],"wp:attachment":[{"href":"https:\/\/alizeja.lt\/en\/wp-json\/wp\/v2\/media?parent=1445"}],"wp:term":[{"taxonomy":"product_brand","embeddable":true,"href":"https:\/\/alizeja.lt\/en\/wp-json\/wp\/v2\/product_brand?post=1445"},{"taxonomy":"product_cat","embeddable":true,"href":"https:\/\/alizeja.lt\/en\/wp-json\/wp\/v2\/product_cat?post=1445"},{"taxonomy":"product_tag","embeddable":true,"href":"https:\/\/alizeja.lt\/en\/wp-json\/wp\/v2\/product_tag?post=1445"}],"curies":[{"name":"wp","href":"https:\/\/api.w.org\/{rel}","templated":true}]}}