{"id":1646,"date":"2025-10-26T11:54:04","date_gmt":"2025-10-26T11:54:04","guid":{"rendered":"https:\/\/alizeja.lt\/?post_type=product&#038;p=1646"},"modified":"2026-04-09T19:45:45","modified_gmt":"2026-04-09T19:45:45","slug":"kailinukai-2","status":"publish","type":"product","link":"https:\/\/alizeja.lt\/en\/rubai\/kailinukai-2\/","title":{"rendered":"dirbtinio kailio kailiniai."},"content":{"rendered":"","protected":false},"excerpt":{"rendered":"<p><b>Dirbtinio kailio kailinukai yra eleganti\u0161kas ir patogus pasirinkimas, puikiai tinkantis kasdieniams pasivaik\u0161\u010diojimams, darbui ar ypatingoms progoms. Pagaminta i\u0161 mink\u0161tos ir \u0161iltos med\u017eiagos\u00a0 su pamu\u0161alu, ji u\u017etikrina komfort\u0105 ir \u0161ilum\u0105 v\u0117sesn\u0117mis dienomis.<\/b><\/p>\n<p><strong>Dydis: vienas \u2013 tinka S, M, L.<\/strong><\/p>\n<p><strong> Sud\u0117tis: 60% poliesteris, 40% viskoz\u0117.<\/strong><br \/>\n<strong> Gamintojas: P.R.C. <\/strong><\/p>\n<p><strong>I\u0161matavimai:<\/strong><br \/>\n<strong> Pe\u010di\u0173 plotis \u2013 55 cm<\/strong><br \/>\n<strong> Rankovi\u0173 ilgis \u2013 56 cm<\/strong><br \/>\n<strong> Kr\u016btin\u0117s apimtis \u2013 110 cm<\/strong><br \/>\n<strong> Apa\u010dios apimtis \u2013 112 cm<\/strong><\/p>\n<p>&nbsp;<\/p>\n<p>&nbsp;<\/p>","protected":false},"featured_media":1648,"comment_status":"open","ping_status":"closed","template":"","meta":{"_gspb_post_css":"","_kad_blocks_custom_css":"","_kad_blocks_head_custom_js":"","_kad_blocks_body_custom_js":"","_kad_blocks_footer_custom_js":""},"product_brand":[],"product_cat":[112,48,19],"product_tag":[],"class_list":{"0":"post-1646","1":"product","2":"type-product","3":"status-publish","4":"has-post-thumbnail","6":"product_cat-ispardavimai","7":"product_cat-paltai","8":"product_cat-drabuziai","10":"first","11":"instock","12":"sale","13":"taxable","14":"shipping-taxable","15":"purchasable","16":"product-type-variable","17":"has-default-attributes"},"supplier_id":null,"supplier_sku":"","barcode":null,"atum_controlled":true,"out_stock_date":null,"out_stock_threshold":null,"inheritable":true,"inbound_stock":0,"stock_on_hold":0,"sold_today":0,"sales_last_days":0,"reserved_stock":0,"customer_returns":0,"warehouse_damage":0,"lost_in_post":0,"other_logs":0,"out_stock_days":0,"lost_sales":0,"has_location":false,"update_date":"2026-05-15T02:35:29","atum_locations":[],"atum_stock_status":"instock","restock_status":false,"low_stock_amount":0,"sales_update_date":"2026-05-15T02:35:29","calc_backorders":null,"taxonomy_info":{"product_cat":[{"value":112,"label":"I\u0161pardavimai"},{"value":48,"label":"Paltai"},{"value":19,"label":"Visi drabu\u017eiai"}]},"featured_image_src_large":["https:\/\/alizeja.lt\/wp-content\/uploads\/2025\/10\/pol_pl_Ciemnobrazowa-futrzana-kurtka-z-kolnierzem-RUE-PARIS-413568_1-768x1024.jpg",768,1024,true],"author_info":[],"comment_info":0,"_links":{"self":[{"href":"https:\/\/alizeja.lt\/en\/wp-json\/wp\/v2\/product\/1646","targetHints":{"allow":["GET"]}}],"collection":[{"href":"https:\/\/alizeja.lt\/en\/wp-json\/wp\/v2\/product"}],"about":[{"href":"https:\/\/alizeja.lt\/en\/wp-json\/wp\/v2\/types\/product"}],"replies":[{"embeddable":true,"href":"https:\/\/alizeja.lt\/en\/wp-json\/wp\/v2\/comments?post=1646"}],"wp:featuredmedia":[{"embeddable":true,"href":"https:\/\/alizeja.lt\/en\/wp-json\/wp\/v2\/media\/1648"}],"wp:attachment":[{"href":"https:\/\/alizeja.lt\/en\/wp-json\/wp\/v2\/media?parent=1646"}],"wp:term":[{"taxonomy":"product_brand","embeddable":true,"href":"https:\/\/alizeja.lt\/en\/wp-json\/wp\/v2\/product_brand?post=1646"},{"taxonomy":"product_cat","embeddable":true,"href":"https:\/\/alizeja.lt\/en\/wp-json\/wp\/v2\/product_cat?post=1646"},{"taxonomy":"product_tag","embeddable":true,"href":"https:\/\/alizeja.lt\/en\/wp-json\/wp\/v2\/product_tag?post=1646"}],"curies":[{"name":"wp","href":"https:\/\/api.w.org\/{rel}","templated":true}]}}