{"id":1696,"date":"2025-10-26T12:19:30","date_gmt":"2025-10-26T12:19:30","guid":{"rendered":"https:\/\/alizeja.lt\/?post_type=product&#038;p=1696"},"modified":"2026-03-22T16:53:58","modified_gmt":"2026-03-22T16:53:58","slug":"palaidine-13","status":"publish","type":"product","link":"https:\/\/alizeja.lt\/en\/rubai\/palaidine-13\/","title":{"rendered":"Nuotyki\u0173 kupina palaidin\u0117!"},"content":{"rendered":"<p><strong>Sud\u0117tis: 75% polesteris, 20% viskoz\u0117, 5% elastano\u00a0<\/strong><\/p>\n<p style=\"box-sizing: border-box; padding: 0px; border: none; font-variant-numeric: inherit; font-variant-east-asian: inherit; font-variant-alternates: inherit; font-variant-position: inherit; font-stretch: inherit; line-height: inherit; font-family: Montserrat, sans-serif; font-optical-sizing: inherit; font-size-adjust: inherit; font-kerning: inherit; font-feature-settings: inherit; font-variation-settings: inherit; margin-block: 0px; width: var(--theme-block-width); max-width: var(--wp--style--global--content-size); color: #222222; margin: 0px auto !important 0px auto !important;\"><strong style=\"box-sizing: border-box;\"><span style=\"box-sizing: border-box; font-size: 17px;\">Med\u017eiaga \u0161velni, lengvai krentanti ir netampri, su \u012fvairios formos auksin\u0117mis spalvos sag\u0117mis, kurias, norint keisti palaidin\u0117s stili\u0173, galima i\u0161segti, lieka ma\u017eos sagut\u0117s kurios atlieka u\u017esegimo funkcij\u0105, pavaizduota nuotraukoje.<\/span><\/strong><\/p>\n<p><strong>Ilgis:<\/strong><\/p>\n<p style=\"box-sizing: border-box; padding: 0px; border: none; font-variant-numeric: inherit; font-variant-east-asian: inherit; font-variant-alternates: inherit; font-variant-position: inherit; font-stretch: inherit; line-height: inherit; font-family: Montserrat, sans-serif; font-optical-sizing: inherit; font-size-adjust: inherit; font-kerning: inherit; font-feature-settings: inherit; font-variation-settings: inherit; margin-block-end: 0px; margin-block-start: var(--theme-content-spacing); width: var(--theme-block-width); max-width: var(--wp--style--global--content-size); color: #222222; margin: 0px auto !important 0px auto !important;\"><strong style=\"box-sizing: border-box;\"><span style=\"box-sizing: border-box; font-size: 17px;\">Bendras ilgis, priekin\u0117 dalis nuo vir\u0161utin\u0117s sagos: 63 cm.,<\/span><\/strong><br style=\"box-sizing: border-box;\" \/><strong style=\"box-sizing: border-box;\"><span style=\"box-sizing: border-box; font-size: 17px;\">Kr\u016btin\u0117s apimtis: 118 cm.,<\/span><\/strong><br style=\"box-sizing: border-box;\" \/><strong style=\"box-sizing: border-box;\"><span style=\"box-sizing: border-box; font-size: 17px;\">Apatin\u0117 dalis: 108 cm.,<\/span><\/strong><br style=\"box-sizing: border-box;\" \/><strong style=\"box-sizing: border-box;\"><span style=\"box-sizing: border-box; font-size: 17px;\">Pe\u010di\u0173 plotis: 65 cm.,<\/span><\/strong><br style=\"box-sizing: border-box;\" \/><strong style=\"box-sizing: border-box;\"><span style=\"box-sizing: border-box; font-size: 17px;\">Rankovi\u0173 ilgis: galima formuoti iki 26cm., o i\u0161leidus 39 cm.,<\/span><\/strong><br style=\"box-sizing: border-box;\" \/><strong style=\"box-sizing: border-box;\"><span style=\"box-sizing: border-box; font-size: 17px;\">Bendras ilgis nuo kaklo iki rankovi\u0173 gal\u0173: 64,5 cm.,<\/span><\/strong><br style=\"box-sizing: border-box;\" \/><strong style=\"box-sizing: border-box;\"><span style=\"box-sizing: border-box; font-size: 17px;\">Prisi\u016btas dir\u017eelis ramkov\u0117ms u\u017eraitoti ir susegamas su auksin\u0117s spalvos sagute.<\/span><\/strong><\/p>","protected":false},"excerpt":{"rendered":"<p><strong><span style=\"color: #0a0a0a; font-family: 'Google Sans', Roboto, Arial, sans-serif;\">Pasiruo\u0161kite \u0161vyt\u0117ti su \u0161ia <\/span><span class=\"Yjhzub\" style=\"max-height: 999999px; color: #0a0a0a; font-family: 'Google Sans', Roboto, Arial, sans-serif;\" data-complete=\"true\" data-processed=\"true\">\u00a0palaidine<\/span><span style=\"color: #0a0a0a; font-family: 'Google Sans', Roboto, Arial, sans-serif;\">, kuri tiesiog kvie\u010dia \u012f nuotykius!<\/span><\/strong><\/p>\n<p><strong><span style=\"color: #0a0a0a; font-family: 'Google Sans', Roboto, Arial, sans-serif;\"> Laisvas, lengvas ir nevar\u017eantis siluetas leis jaustis patogiai, o i\u0161skirtinis akcentas \u2013 trys didel\u0117s, prabangios sagos \u2013 pavers jus tikra stiliaus deive. <\/span><\/strong><\/p>\n<p><strong><span style=\"color: #0a0a0a; font-family: 'Google Sans', Roboto, Arial, sans-serif;\">Pasiraitokite rankoves, jei norite daugiau laisv\u0117s, arba palikite jas ilgas, kad i\u0161laikytum\u0117te elegancij\u0105.\u00a0<\/span><\/strong><\/p>\n<p><strong>Pagaminta Italijoje.\u00a0<\/strong><\/p>\n<p><strong>Dyd\u017eiai ir palaidin\u0117s apib\u016bdinimas sukeltas \u012f APRA\u0160YMUS.\u00a0<\/strong><\/p>","protected":false},"featured_media":1684,"comment_status":"open","ping_status":"closed","template":"","meta":{"_gspb_post_css":"","_kad_blocks_custom_css":"","_kad_blocks_head_custom_js":"","_kad_blocks_body_custom_js":"","_kad_blocks_footer_custom_js":""},"product_brand":[],"product_cat":[34,19],"product_tag":[],"class_list":{"0":"post-1696","1":"product","2":"type-product","3":"status-publish","4":"has-post-thumbnail","6":"product_cat-palaidines","7":"product_cat-drabuziai","9":"first","10":"outofstock","11":"sale","12":"taxable","13":"shipping-taxable","14":"purchasable","15":"product-type-variable","16":"has-default-attributes"},"supplier_id":null,"supplier_sku":"","barcode":null,"atum_controlled":true,"out_stock_date":"2026-03-22 16:53:57","out_stock_threshold":null,"inheritable":true,"inbound_stock":0,"stock_on_hold":0,"sold_today":0,"sales_last_days":0,"reserved_stock":0,"customer_returns":0,"warehouse_damage":0,"lost_in_post":0,"other_logs":0,"out_stock_days":53,"lost_sales":0,"has_location":false,"update_date":"2026-05-15T02:35:24","atum_locations":[],"atum_stock_status":"outofstock","restock_status":false,"low_stock_amount":0,"sales_update_date":"2026-05-15T02:35:24","calc_backorders":null,"taxonomy_info":{"product_cat":[{"value":34,"label":"Palaidin\u0117s"},{"value":19,"label":"Visi drabu\u017eiai"}]},"featured_image_src_large":["https:\/\/alizeja.lt\/wp-content\/uploads\/2025\/10\/pol_pl_Czarna-koszula-z-ozdobnymi-broszkami-RUE-PARIS-414451_4-768x1024.jpg",768,1024,true],"author_info":[],"comment_info":0,"_links":{"self":[{"href":"https:\/\/alizeja.lt\/en\/wp-json\/wp\/v2\/product\/1696","targetHints":{"allow":["GET"]}}],"collection":[{"href":"https:\/\/alizeja.lt\/en\/wp-json\/wp\/v2\/product"}],"about":[{"href":"https:\/\/alizeja.lt\/en\/wp-json\/wp\/v2\/types\/product"}],"replies":[{"embeddable":true,"href":"https:\/\/alizeja.lt\/en\/wp-json\/wp\/v2\/comments?post=1696"}],"wp:featuredmedia":[{"embeddable":true,"href":"https:\/\/alizeja.lt\/en\/wp-json\/wp\/v2\/media\/1684"}],"wp:attachment":[{"href":"https:\/\/alizeja.lt\/en\/wp-json\/wp\/v2\/media?parent=1696"}],"wp:term":[{"taxonomy":"product_brand","embeddable":true,"href":"https:\/\/alizeja.lt\/en\/wp-json\/wp\/v2\/product_brand?post=1696"},{"taxonomy":"product_cat","embeddable":true,"href":"https:\/\/alizeja.lt\/en\/wp-json\/wp\/v2\/product_cat?post=1696"},{"taxonomy":"product_tag","embeddable":true,"href":"https:\/\/alizeja.lt\/en\/wp-json\/wp\/v2\/product_tag?post=1696"}],"curies":[{"name":"wp","href":"https:\/\/api.w.org\/{rel}","templated":true}]}}