{"id":1702,"date":"2025-10-26T12:31:20","date_gmt":"2025-10-26T12:31:20","guid":{"rendered":"https:\/\/alizeja.lt\/?post_type=product&#038;p=1702"},"modified":"2026-04-14T16:44:59","modified_gmt":"2026-04-14T16:44:59","slug":"palaidines","status":"publish","type":"product","link":"https:\/\/alizeja.lt\/en\/rubai\/palaidines\/","title":{"rendered":"palaidin\u0117"},"content":{"rendered":"","protected":false},"excerpt":{"rendered":"<p><strong>Laisvas, lengvas ir nevar\u017eantis siluetas leis jaustis patogiai, o i\u0161skirtinis akcentas \u2013 trys didel\u0117s, prabangios sagos \u2013 seg\u0117s pavers jus tikra stiliaus deive. <\/strong><\/p>\n<p><strong>Prisi\u016btas dir\u017eelis rankov\u0117ms patrumpinti ir su segamas su auksin\u0117s spalvos sagute.<\/strong><\/p>\n<p><strong>Sud\u0117tis: 75% polesteris, 20% viskoz\u0117, 5% elastano\u00a0<\/strong><\/p>\n<p><strong>Med\u017eiaga \u0161velni, lengvai krentanti ir ne tampri, su \u012fvairios formos auksin\u0117mis spalvos sag\u0117mis, kurias, norint keisti palaidin\u0117s stili\u0173, galima i\u0161segti, lieka ma\u017eos sagut\u0117s kurios atlieka u\u017esegimo funkcij\u0105, pavaizduota nuotraukoje.<\/strong><\/p>\n<p><strong>Pagaminta Italijoje.\u00a0<\/strong><\/p>\n<p><strong>I\u0161matavimai:<\/strong><\/p>\n<ul>\n<li><strong>Ilgis: priekis 63 cm., nugaros dalis 64,5 cm<\/strong><\/li>\n<li><strong>Kr\u016btin\u0117: 118 cm<\/strong><\/li>\n<li><strong>Petys: 65 cm<\/strong><\/li>\n<li><strong>Rankov\u0117s: nuo kaklo 64,5 cm<\/strong><\/li>\n<\/ul>\n<p><strong>\u00a0<\/strong><\/p>","protected":false},"featured_media":1708,"comment_status":"open","ping_status":"closed","template":"","meta":{"_gspb_post_css":"","_kad_blocks_custom_css":"","_kad_blocks_head_custom_js":"","_kad_blocks_body_custom_js":"","_kad_blocks_footer_custom_js":""},"product_brand":[],"product_cat":[112,34,19],"product_tag":[],"class_list":{"0":"post-1702","1":"product","2":"type-product","3":"status-publish","4":"has-post-thumbnail","6":"product_cat-ispardavimai","7":"product_cat-palaidines","8":"product_cat-drabuziai","10":"first","11":"instock","12":"sale","13":"taxable","14":"shipping-taxable","15":"purchasable","16":"product-type-variable","17":"has-default-attributes"},"supplier_id":null,"supplier_sku":"","barcode":null,"atum_controlled":true,"out_stock_date":null,"out_stock_threshold":null,"inheritable":true,"inbound_stock":0,"stock_on_hold":0,"sold_today":0,"sales_last_days":0,"reserved_stock":0,"customer_returns":0,"warehouse_damage":0,"lost_in_post":0,"other_logs":0,"out_stock_days":0,"lost_sales":0,"has_location":false,"update_date":"2026-05-15T02:35:30","atum_locations":[],"atum_stock_status":"instock","restock_status":false,"low_stock_amount":0,"sales_update_date":"2026-05-15T02:35:30","calc_backorders":null,"taxonomy_info":{"product_cat":[{"value":112,"label":"I\u0161pardavimai"},{"value":34,"label":"Palaidin\u0117s"},{"value":19,"label":"Visi drabu\u017eiai"}]},"featured_image_src_large":["https:\/\/alizeja.lt\/wp-content\/uploads\/2025\/10\/pol_pl_Ecru-rozpinana-koszula-z-kolnierzykiem-RUE-PARIS-414452_5-768x1024.jpg",768,1024,true],"author_info":[],"comment_info":0,"_links":{"self":[{"href":"https:\/\/alizeja.lt\/en\/wp-json\/wp\/v2\/product\/1702","targetHints":{"allow":["GET"]}}],"collection":[{"href":"https:\/\/alizeja.lt\/en\/wp-json\/wp\/v2\/product"}],"about":[{"href":"https:\/\/alizeja.lt\/en\/wp-json\/wp\/v2\/types\/product"}],"replies":[{"embeddable":true,"href":"https:\/\/alizeja.lt\/en\/wp-json\/wp\/v2\/comments?post=1702"}],"wp:featuredmedia":[{"embeddable":true,"href":"https:\/\/alizeja.lt\/en\/wp-json\/wp\/v2\/media\/1708"}],"wp:attachment":[{"href":"https:\/\/alizeja.lt\/en\/wp-json\/wp\/v2\/media?parent=1702"}],"wp:term":[{"taxonomy":"product_brand","embeddable":true,"href":"https:\/\/alizeja.lt\/en\/wp-json\/wp\/v2\/product_brand?post=1702"},{"taxonomy":"product_cat","embeddable":true,"href":"https:\/\/alizeja.lt\/en\/wp-json\/wp\/v2\/product_cat?post=1702"},{"taxonomy":"product_tag","embeddable":true,"href":"https:\/\/alizeja.lt\/en\/wp-json\/wp\/v2\/product_tag?post=1702"}],"curies":[{"name":"wp","href":"https:\/\/api.w.org\/{rel}","templated":true}]}}