{"id":1723,"date":"2025-10-27T06:48:50","date_gmt":"2025-10-27T06:48:50","guid":{"rendered":"https:\/\/alizeja.lt\/?post_type=product&#038;p=1723"},"modified":"2026-04-17T06:12:39","modified_gmt":"2026-04-17T06:12:39","slug":"apsigaubk-siluma-ir-stiliumi-tavo-nauji-geriausi-kailinukai","status":"publish","type":"product","link":"https:\/\/alizeja.lt\/en\/rubai\/apsigaubk-siluma-ir-stiliumi-tavo-nauji-geriausi-kailinukai\/","title":{"rendered":"megztinis \/ kardiganas"},"content":{"rendered":"","protected":false},"excerpt":{"rendered":"<p style=\"box-sizing: border-box; margin: 0px; padding: 0px; border: none; font-variant-numeric: inherit; font-variant-east-asian: inherit; font-variant-alternates: inherit; font-variant-position: inherit; font-stretch: inherit; line-height: inherit; font-family: Montserrat, sans-serif; font-optical-sizing: inherit; font-size-adjust: inherit; font-kerning: inherit; font-feature-settings: inherit; font-variation-settings: inherit; margin-block-end: var(--theme-content-spacing); color: #222222;\"><strong style=\"box-sizing: border-box;\"><span style=\"box-sizing: border-box; color: #0a0a0a; font-family: 'Google Sans', Roboto, Arial, sans-serif;\">\u0160is stilingas ir jaukus kardiganas yra tikras komforto ir stiliaus derinys, kuris privers jus jaustis ypatinga! Ar ie\u0161kote tobulos detal\u0117s jaukiems vakarams namuose ar norite su\u017eib\u0117ti mieste? \u0160is kardiganas yra atsakymas!<\/span><\/strong><\/p>\n<p><strong> Tamprus mezginys. U\u017esegimas su metaliniu u\u017etrauktuku.<\/strong><\/p>\n<p><strong>Prie\u017ei\u016bra: skalbti 30 laipsni\u0173 temperat\u016broje rankomis arba \u0161velnioj programoje.<\/strong><\/p>\n<p><strong>Pagaminta Italijoje!<\/strong><\/p>\n<p><strong style=\"box-sizing: border-box; color: #222222; font-family: Montserrat, sans-serif;\"><span style=\"box-sizing: border-box; font-size: 17px;\">Sud\u0117tis: 4% alpakos vilna, 8% lamos vilna, 62% akrilato, 18% poliesterio.<\/span><\/strong><\/p>\n<p><strong>I\u0161matavimai:<\/strong><\/p>\n<p><strong>Bendras ilgis &#8211; 59 cm.<\/strong><\/p>\n<p><strong>Pe\u010di\u0173 plotis &#8211; 66 cm.,<\/strong><\/p>\n<p><strong>Rankovi\u0173 ilgis &#8211; matuotas ilgis nuo kaklo iki rankovi\u0173 gal\u0173 72 cm.,<br \/>\n<\/strong><\/p>\n<p><strong>Kr\u016btin\u0117s apimtis 118 cm.,<\/strong><\/p>\n<p><strong>Ne i\u0161 temta apa\u010dia 96 cm., i\u0161 temta 120 cm., gali dar temptis.,<\/strong><\/p>\n<p style=\"box-sizing: border-box; margin: 0px; padding: 0px; border: none; font-variant-numeric: inherit; font-variant-east-asian: inherit; font-variant-alternates: inherit; font-variant-position: inherit; font-stretch: inherit; line-height: inherit; font-family: Montserrat, sans-serif; font-optical-sizing: inherit; font-size-adjust: inherit; font-kerning: inherit; font-feature-settings: inherit; font-variation-settings: inherit; margin-block-end: var(--theme-content-spacing); color: #222222;\"><!--more--><\/p>\n<p style=\"box-sizing: border-box; margin: 0px; padding: 0px; border: none; font-variant-numeric: inherit; font-variant-east-asian: inherit; font-variant-alternates: inherit; font-variant-position: inherit; font-stretch: inherit; line-height: inherit; font-family: Montserrat, sans-serif; font-optical-sizing: inherit; font-size-adjust: inherit; font-kerning: inherit; font-feature-settings: inherit; font-variation-settings: inherit; margin-block-end: var(--theme-content-spacing); color: #222222;\">","protected":false},"featured_media":1724,"comment_status":"open","ping_status":"closed","template":"","meta":{"_gspb_post_css":"","_kad_blocks_custom_css":"","_kad_blocks_head_custom_js":"","_kad_blocks_body_custom_js":"","_kad_blocks_footer_custom_js":""},"product_brand":[],"product_cat":[112,33,19],"product_tag":[],"class_list":{"0":"post-1723","1":"product","2":"type-product","3":"status-publish","4":"has-post-thumbnail","6":"product_cat-ispardavimai","7":"product_cat-megztiniai","8":"product_cat-drabuziai","10":"first","11":"instock","12":"sale","13":"taxable","14":"shipping-taxable","15":"purchasable","16":"product-type-variable","17":"has-default-attributes"},"supplier_id":null,"supplier_sku":"","barcode":null,"atum_controlled":true,"out_stock_date":null,"out_stock_threshold":null,"inheritable":true,"inbound_stock":0,"stock_on_hold":0,"sold_today":0,"sales_last_days":0,"reserved_stock":0,"customer_returns":0,"warehouse_damage":0,"lost_in_post":0,"other_logs":0,"out_stock_days":0,"lost_sales":0,"has_location":false,"update_date":"2026-05-15T02:35:30","atum_locations":[],"atum_stock_status":"instock","restock_status":false,"low_stock_amount":0,"sales_update_date":"2026-05-15T02:35:30","calc_backorders":null,"taxonomy_info":{"product_cat":[{"value":112,"label":"I\u0161pardavimai"},{"value":33,"label":"Megztiniai\/ kardiganai"},{"value":19,"label":"Visi drabu\u017eiai"}]},"featured_image_src_large":["https:\/\/alizeja.lt\/wp-content\/uploads\/2025\/10\/pol_pl_Czekoladowy-sweter-boucle-z-suwakiem-RUE-PARIS-414491_3-768x1024.jpg",768,1024,true],"author_info":[],"comment_info":0,"_links":{"self":[{"href":"https:\/\/alizeja.lt\/en\/wp-json\/wp\/v2\/product\/1723","targetHints":{"allow":["GET"]}}],"collection":[{"href":"https:\/\/alizeja.lt\/en\/wp-json\/wp\/v2\/product"}],"about":[{"href":"https:\/\/alizeja.lt\/en\/wp-json\/wp\/v2\/types\/product"}],"replies":[{"embeddable":true,"href":"https:\/\/alizeja.lt\/en\/wp-json\/wp\/v2\/comments?post=1723"}],"wp:featuredmedia":[{"embeddable":true,"href":"https:\/\/alizeja.lt\/en\/wp-json\/wp\/v2\/media\/1724"}],"wp:attachment":[{"href":"https:\/\/alizeja.lt\/en\/wp-json\/wp\/v2\/media?parent=1723"}],"wp:term":[{"taxonomy":"product_brand","embeddable":true,"href":"https:\/\/alizeja.lt\/en\/wp-json\/wp\/v2\/product_brand?post=1723"},{"taxonomy":"product_cat","embeddable":true,"href":"https:\/\/alizeja.lt\/en\/wp-json\/wp\/v2\/product_cat?post=1723"},{"taxonomy":"product_tag","embeddable":true,"href":"https:\/\/alizeja.lt\/en\/wp-json\/wp\/v2\/product_tag?post=1723"}],"curies":[{"name":"wp","href":"https:\/\/api.w.org\/{rel}","templated":true}]}}