{"id":1737,"date":"2025-10-27T08:36:55","date_gmt":"2025-10-27T08:36:55","guid":{"rendered":"https:\/\/alizeja.lt\/?post_type=product&#038;p=1737"},"modified":"2026-04-17T07:25:15","modified_gmt":"2026-04-17T07:25:15","slug":"kardiganas-3","status":"publish","type":"product","link":"https:\/\/alizeja.lt\/en\/rubai\/kardiganas-3\/","title":{"rendered":"megztiniz \/ kardiganas"},"content":{"rendered":"","protected":false},"excerpt":{"rendered":"<p><strong>\u0160is megztinis puikiai atspindi v\u0117saus oro nuotaikas, o didel\u0117s, aukso spalvos sagos suteikia prabangos ir i\u0161skirtinumo.\u00a0<\/strong><\/p>\n<p><strong>Pagaminta Italijoje. <\/strong><\/p>\n<p><strong>U\u017esisega su sagut\u0117mis.<\/strong><\/p>\n<p><strong>Sud\u0117tis: 9% lamos vilna, 9% viskoz\u0117s, 65% poliakrilato, 17% poliamidas.<\/strong><\/p>\n<p><strong>I\u0161matavimai:<\/strong><\/p>\n<p><strong>Kaklas: 8 cm.,<\/strong><\/p>\n<p><strong>Rankovi\u0173 ilgis: matuota nuo kaklo iki rankovi\u0173 gal\u0173, ilgis 67 cm.,<\/strong><\/p>\n<p><strong> Bendras ilgis: 59 cm.,<\/strong><\/p>\n<p><strong>Apa\u010dia: ne i\u0161 temta 88 cm., i\u0161 temta 110 cm., <\/strong><\/p>\n<p><strong>Prie\u017ei\u016bra: skalbti 30 laipsni\u0173 temperat\u016broje, rankomis, negalima kabinti, i\u0161skalbus pad\u0117ti i\u0161tiest\u0105 ant rank\u0161luos\u010dio.<br \/>\n<\/strong><\/p>\n<p>&nbsp;<\/p>","protected":false},"featured_media":1738,"comment_status":"open","ping_status":"closed","template":"","meta":{"_gspb_post_css":"","_kad_blocks_custom_css":"","_kad_blocks_head_custom_js":"","_kad_blocks_body_custom_js":"","_kad_blocks_footer_custom_js":""},"product_brand":[],"product_cat":[112,33,19],"product_tag":[],"class_list":{"0":"post-1737","1":"product","2":"type-product","3":"status-publish","4":"has-post-thumbnail","6":"product_cat-ispardavimai","7":"product_cat-megztiniai","8":"product_cat-drabuziai","10":"first","11":"instock","12":"sale","13":"taxable","14":"shipping-taxable","15":"purchasable","16":"product-type-variable","17":"has-default-attributes"},"supplier_id":null,"supplier_sku":"","barcode":null,"atum_controlled":true,"out_stock_date":null,"out_stock_threshold":null,"inheritable":true,"inbound_stock":0,"stock_on_hold":0,"sold_today":0,"sales_last_days":0,"reserved_stock":0,"customer_returns":0,"warehouse_damage":0,"lost_in_post":0,"other_logs":0,"out_stock_days":0,"lost_sales":0,"has_location":false,"update_date":"2026-05-15T02:35:30","atum_locations":[],"atum_stock_status":"instock","restock_status":false,"low_stock_amount":0,"sales_update_date":"2026-05-15T02:35:30","calc_backorders":null,"taxonomy_info":{"product_cat":[{"value":112,"label":"I\u0161pardavimai"},{"value":33,"label":"Megztiniai\/ kardiganai"},{"value":19,"label":"Visi drabu\u017eiai"}]},"featured_image_src_large":["https:\/\/alizeja.lt\/wp-content\/uploads\/2025\/10\/pol_pl_Jasnobezowy-rozpinany-sweter-ze-stojka-414382_1-768x1024.jpg",768,1024,true],"author_info":[],"comment_info":0,"_links":{"self":[{"href":"https:\/\/alizeja.lt\/en\/wp-json\/wp\/v2\/product\/1737","targetHints":{"allow":["GET"]}}],"collection":[{"href":"https:\/\/alizeja.lt\/en\/wp-json\/wp\/v2\/product"}],"about":[{"href":"https:\/\/alizeja.lt\/en\/wp-json\/wp\/v2\/types\/product"}],"replies":[{"embeddable":true,"href":"https:\/\/alizeja.lt\/en\/wp-json\/wp\/v2\/comments?post=1737"}],"wp:featuredmedia":[{"embeddable":true,"href":"https:\/\/alizeja.lt\/en\/wp-json\/wp\/v2\/media\/1738"}],"wp:attachment":[{"href":"https:\/\/alizeja.lt\/en\/wp-json\/wp\/v2\/media?parent=1737"}],"wp:term":[{"taxonomy":"product_brand","embeddable":true,"href":"https:\/\/alizeja.lt\/en\/wp-json\/wp\/v2\/product_brand?post=1737"},{"taxonomy":"product_cat","embeddable":true,"href":"https:\/\/alizeja.lt\/en\/wp-json\/wp\/v2\/product_cat?post=1737"},{"taxonomy":"product_tag","embeddable":true,"href":"https:\/\/alizeja.lt\/en\/wp-json\/wp\/v2\/product_tag?post=1737"}],"curies":[{"name":"wp","href":"https:\/\/api.w.org\/{rel}","templated":true}]}}