{"id":1777,"date":"2025-10-28T14:45:21","date_gmt":"2025-10-28T14:45:21","guid":{"rendered":"https:\/\/alizeja.lt\/?post_type=product&#038;p=1777"},"modified":"2026-04-16T19:15:11","modified_gmt":"2026-04-16T19:15:11","slug":"paltukas-2","status":"publish","type":"product","link":"https:\/\/alizeja.lt\/en\/rubai\/paltukas-2\/","title":{"rendered":"Eleganti\u0161kas Juodas  Paltas"},"content":{"rendered":"<p>&nbsp;<\/p>\n<p>&nbsp;<\/p>","protected":false},"excerpt":{"rendered":"<div data-subtree=\"aimfl\" data-complete=\"true\" data-processed=\"true\">\n<div data-subtree=\"aimfl\" data-complete=\"true\" data-processed=\"true\"><span style=\"color: #0a0a0a; font-family: Google Sans, Roboto, Arial, sans-serif;\"><b>Atraskite nesenstan\u010di\u0105 elegancij\u0105 su \u0161iuo\u00a0 juodu paltu moterims. Pagamintas i\u0161 mielo ir mink\u0161to audinio,\u00a0 Laisvo silueto, tiesaus kirpimo ir su viena dekoratyvine auksine saga, jis puikiai tinka tiek kasdieniam ne\u0161iojimui, tiek i\u0161skirtin\u0117ms progoms.<\/b><\/span><\/div>\n<div data-subtree=\"aimfl\" data-complete=\"true\" data-processed=\"true\"><\/div>\n<div data-subtree=\"aimfl\" data-complete=\"true\" data-processed=\"true\"><span style=\"color: #0a0a0a; font-family: Google Sans, Roboto, Arial, sans-serif;\"><b>Tai idealus demisezoninis paltas \u2013 puikus pasirinkimas rudeniui ir pavasariui, o \u0161iltesn\u0117mis \u017eiemos dienomis taip pat suteiks pakankamai jaukumo. <\/b><\/span><\/div>\n<div data-subtree=\"aimfl\" data-complete=\"true\" data-processed=\"true\"><span style=\"color: #0a0a0a; font-family: Google Sans, Roboto, Arial, sans-serif;\"><b>Nesenstantis dizainas: Investuokite \u012f klasikin\u012f palt\u0105, kuris niekada nei\u0161eis i\u0161 mados ir tarnaus ilgus sezonus.<\/b><\/span><\/div>\n<div data-subtree=\"aimfl\" data-complete=\"true\" data-processed=\"true\"><span style=\"color: #0a0a0a; font-family: Google Sans, Roboto, Arial, sans-serif;\"><b>Universalumas: Lengvai pritaikomas skirtingoms progoms ir oro s\u0105lygoms.<\/b><\/span><\/div>\n<div data-subtree=\"aimfl\" data-complete=\"true\" data-processed=\"true\"><strong>Paltukas su pamu\u0161alu, tinka pasipuo\u0161ti ir kas dienai.<\/strong><br \/>\n<strong>U\u017esisega su viena saga, yra du ki\u0161eniai.<\/strong><\/div>\n<div data-subtree=\"aimfl\" data-complete=\"true\" data-processed=\"true\"><\/div>\n<\/div>\n<p style=\"box-sizing: border-box; margin: 0px; padding: 0px; border: none; font-variant-numeric: inherit; font-variant-east-asian: inherit; font-variant-alternates: inherit; font-variant-position: inherit; font-stretch: inherit; line-height: inherit; font-family: Montserrat, sans-serif; font-optical-sizing: inherit; font-size-adjust: inherit; font-kerning: inherit; font-feature-settings: inherit; font-variation-settings: inherit; margin-block-end: var(--theme-content-spacing); color: #222222;\"><strong style=\"box-sizing: border-box;\">Pagaminta Italijoje!<\/strong><\/p>\n<p><strong>Sud\u0117tis: 100% polesteris.<\/strong><\/p>\n<p><strong>S netinka, nor pasitikrinkite matavimus, gal tiks, tinka M-L.<\/strong><br \/>\n<strong>Bendras ilgis matuota nuo priekio: 80 cm.,<\/strong><br \/>\n<strong>Kr\u016btin\u0117s apimtis: 100 cm.,<\/strong><br \/>\n<strong>Apa\u010dios apimtis: 116 cm.,<\/strong><br \/>\n<strong>Pe\u010di\u0173 plotis: 37 cm.,<\/strong><br \/>\n<strong>Rankovi\u0173 ilgis: 61 cm.,<\/strong><\/p>\n<p style=\"box-sizing: border-box; margin: 0px; padding: 0px; border: none; font-variant-numeric: inherit; font-variant-east-asian: inherit; font-variant-alternates: inherit; font-variant-position: inherit; font-stretch: inherit; line-height: inherit; font-family: Montserrat, sans-serif; font-optical-sizing: inherit; font-size-adjust: inherit; font-kerning: inherit; font-feature-settings: inherit; font-variation-settings: inherit; margin-block-end: var(--theme-content-spacing); color: #222222;\">","protected":false},"featured_media":1778,"comment_status":"open","ping_status":"closed","template":"","meta":{"_gspb_post_css":"","_kad_blocks_custom_css":"","_kad_blocks_head_custom_js":"","_kad_blocks_body_custom_js":"","_kad_blocks_footer_custom_js":""},"product_brand":[],"product_cat":[112,48,19],"product_tag":[],"class_list":{"0":"post-1777","1":"product","2":"type-product","3":"status-publish","4":"has-post-thumbnail","6":"product_cat-ispardavimai","7":"product_cat-paltai","8":"product_cat-drabuziai","10":"first","11":"instock","12":"sale","13":"taxable","14":"shipping-taxable","15":"purchasable","16":"product-type-variable","17":"has-default-attributes"},"supplier_id":null,"supplier_sku":"","barcode":null,"atum_controlled":true,"out_stock_date":null,"out_stock_threshold":null,"inheritable":true,"inbound_stock":0,"stock_on_hold":0,"sold_today":0,"sales_last_days":0,"reserved_stock":0,"customer_returns":0,"warehouse_damage":0,"lost_in_post":0,"other_logs":0,"out_stock_days":0,"lost_sales":0,"has_location":false,"update_date":"2026-05-15T02:35:30","atum_locations":[],"atum_stock_status":"instock","restock_status":false,"low_stock_amount":0,"sales_update_date":"2026-05-15T02:35:30","calc_backorders":null,"taxonomy_info":{"product_cat":[{"value":112,"label":"I\u0161pardavimai"},{"value":48,"label":"Paltai"},{"value":19,"label":"Visi drabu\u017eiai"}]},"featured_image_src_large":["https:\/\/alizeja.lt\/wp-content\/uploads\/2025\/10\/pol_pl_Czarny-plaszcz-boucle-z-ozdobnym-guzikiem-413657_1-768x1024.jpg",768,1024,true],"author_info":[],"comment_info":0,"_links":{"self":[{"href":"https:\/\/alizeja.lt\/en\/wp-json\/wp\/v2\/product\/1777","targetHints":{"allow":["GET"]}}],"collection":[{"href":"https:\/\/alizeja.lt\/en\/wp-json\/wp\/v2\/product"}],"about":[{"href":"https:\/\/alizeja.lt\/en\/wp-json\/wp\/v2\/types\/product"}],"replies":[{"embeddable":true,"href":"https:\/\/alizeja.lt\/en\/wp-json\/wp\/v2\/comments?post=1777"}],"wp:featuredmedia":[{"embeddable":true,"href":"https:\/\/alizeja.lt\/en\/wp-json\/wp\/v2\/media\/1778"}],"wp:attachment":[{"href":"https:\/\/alizeja.lt\/en\/wp-json\/wp\/v2\/media?parent=1777"}],"wp:term":[{"taxonomy":"product_brand","embeddable":true,"href":"https:\/\/alizeja.lt\/en\/wp-json\/wp\/v2\/product_brand?post=1777"},{"taxonomy":"product_cat","embeddable":true,"href":"https:\/\/alizeja.lt\/en\/wp-json\/wp\/v2\/product_cat?post=1777"},{"taxonomy":"product_tag","embeddable":true,"href":"https:\/\/alizeja.lt\/en\/wp-json\/wp\/v2\/product_tag?post=1777"}],"curies":[{"name":"wp","href":"https:\/\/api.w.org\/{rel}","templated":true}]}}