{"id":1806,"date":"2025-10-30T17:08:55","date_gmt":"2025-10-30T17:08:55","guid":{"rendered":"https:\/\/alizeja.lt\/?post_type=product&#038;p=1806"},"modified":"2026-04-14T17:12:53","modified_gmt":"2026-04-14T17:12:53","slug":"palaidine-15","status":"publish","type":"product","link":"https:\/\/alizeja.lt\/en\/rubai\/palaidine-15\/","title":{"rendered":"Palaidin\u0117."},"content":{"rendered":"","protected":false},"excerpt":{"rendered":"<div class=\"woocommerce-product-details__short-description\" style=\"box-sizing: border-box; --product-element-spacing: 35px; margin-bottom: var(--product-element-spacing, 10px); color: #222222; font-family: Montserrat, sans-serif; font-size: 16px; font-style: normal; font-variant-ligatures: normal; font-variant-caps: normal; font-weight: 400; letter-spacing: normal; orphans: 2; text-align: start; text-indent: 0px; text-transform: none; widows: 2; word-spacing: 0px; -webkit-text-stroke-width: 0px; white-space: normal; background-color: #ffffff; text-decoration-thickness: initial; text-decoration-style: initial; text-decoration-color: initial;\">\n<p><strong>Itin \u0161velnus audinys ir laisvas kirpimas, leis tau jaustis patogiai ir jud\u0117ti be joki\u0173 apribojim\u0173.<\/strong><\/p>\n<p><strong>Puikiai tinka tiek jaukiam pasivaik\u0161\u010diojimui mieste, tiek smagiam susitikimui su draugais.<br \/>\n<\/strong><\/p>\n<p><strong>Tampri med\u017eiaga,\u00a0 \u0161velni, su aplikacija, nugaroje yra si\u016bl\u0117.<\/strong><\/p>\n<p><strong>Med\u017eiagos sud\u0117tis: 90% medviln\u0117, 10% elastano.<\/strong><\/p>\n<p><strong>Pagaminta Turkijoje.<\/strong><\/p>\n<p><strong>Tinka S, M, L, XL.<\/strong><\/p>\n<p><strong>I\u0161matavimai:<\/strong><\/p>\n<ul>\n<li><strong>Ilgis: 62 cm<\/strong><\/li>\n<li><strong>Kr\u016btin\u0117: 120 cm<\/strong><\/li>\n<li><strong>Petys: 69 cm<\/strong><\/li>\n<li><strong>Rankov\u0117s: nuo kaklo matuota 54 cm<\/strong><\/li>\n<li><strong>Apa\u010dia: 104 cm<\/strong><\/li>\n<\/ul>\n<\/div>","protected":false},"featured_media":1811,"comment_status":"open","ping_status":"closed","template":"","meta":{"_gspb_post_css":"","_kad_blocks_custom_css":"","_kad_blocks_head_custom_js":"","_kad_blocks_body_custom_js":"","_kad_blocks_footer_custom_js":""},"product_brand":[],"product_cat":[112,34,19],"product_tag":[],"class_list":{"0":"post-1806","1":"product","2":"type-product","3":"status-publish","4":"has-post-thumbnail","6":"product_cat-ispardavimai","7":"product_cat-palaidines","8":"product_cat-drabuziai","10":"first","11":"instock","12":"sale","13":"taxable","14":"shipping-taxable","15":"purchasable","16":"product-type-variable","17":"has-default-attributes"},"supplier_id":null,"supplier_sku":"","barcode":null,"atum_controlled":true,"out_stock_date":null,"out_stock_threshold":null,"inheritable":true,"inbound_stock":0,"stock_on_hold":0,"sold_today":0,"sales_last_days":0,"reserved_stock":0,"customer_returns":0,"warehouse_damage":0,"lost_in_post":0,"other_logs":0,"out_stock_days":0,"lost_sales":0,"has_location":false,"update_date":"2026-05-15T02:35:31","atum_locations":[],"atum_stock_status":"instock","restock_status":false,"low_stock_amount":0,"sales_update_date":"2026-05-15T02:35:31","calc_backorders":null,"taxonomy_info":{"product_cat":[{"value":112,"label":"I\u0161pardavimai"},{"value":34,"label":"Palaidin\u0117s"},{"value":19,"label":"Visi drabu\u017eiai"}]},"featured_image_src_large":["https:\/\/alizeja.lt\/wp-content\/uploads\/2025\/10\/pol_pl_Czekoladowa-bluzka-z-metalizowanym-nadrukiem-414363_1-1-768x1024.jpg",768,1024,true],"author_info":[],"comment_info":0,"_links":{"self":[{"href":"https:\/\/alizeja.lt\/en\/wp-json\/wp\/v2\/product\/1806","targetHints":{"allow":["GET"]}}],"collection":[{"href":"https:\/\/alizeja.lt\/en\/wp-json\/wp\/v2\/product"}],"about":[{"href":"https:\/\/alizeja.lt\/en\/wp-json\/wp\/v2\/types\/product"}],"replies":[{"embeddable":true,"href":"https:\/\/alizeja.lt\/en\/wp-json\/wp\/v2\/comments?post=1806"}],"wp:featuredmedia":[{"embeddable":true,"href":"https:\/\/alizeja.lt\/en\/wp-json\/wp\/v2\/media\/1811"}],"wp:attachment":[{"href":"https:\/\/alizeja.lt\/en\/wp-json\/wp\/v2\/media?parent=1806"}],"wp:term":[{"taxonomy":"product_brand","embeddable":true,"href":"https:\/\/alizeja.lt\/en\/wp-json\/wp\/v2\/product_brand?post=1806"},{"taxonomy":"product_cat","embeddable":true,"href":"https:\/\/alizeja.lt\/en\/wp-json\/wp\/v2\/product_cat?post=1806"},{"taxonomy":"product_tag","embeddable":true,"href":"https:\/\/alizeja.lt\/en\/wp-json\/wp\/v2\/product_tag?post=1806"}],"curies":[{"name":"wp","href":"https:\/\/api.w.org\/{rel}","templated":true}]}}