{"id":1857,"date":"2025-11-01T16:44:06","date_gmt":"2025-11-01T16:44:06","guid":{"rendered":"https:\/\/alizeja.lt\/?post_type=product&#038;p=1857"},"modified":"2026-04-09T20:08:05","modified_gmt":"2026-04-09T20:08:05","slug":"silkinio-puko-kailinukai","status":"publish","type":"product","link":"https:\/\/alizeja.lt\/en\/rubai\/silkinio-puko-kailinukai\/","title":{"rendered":"Pilkas \u0161ilkinio kailio \u0161varkas!"},"content":{"rendered":"","protected":false},"excerpt":{"rendered":"<div class=\"Y3BBE\" data-sfc-cp=\"\" data-hveid=\"CAEIBBAA\" data-processed=\"true\" data-complete=\"true\"><strong>\u0160is\u00a0 \u0161velnus ir p\u016bkuotas \u0161varkas,\u00a0 puikiai tinka pereinamajam sezonui. Ilgos rankov\u0117s ir standartinis ilgis leis jaustis patogiai ir stilingai bet kokia proga, o eleganti\u0161kas kirpimas suteiks i\u0161skirtinumo. Plunksn\u0173 imitacija, u\u017esegimas su kabliukais, u\u017esisega kra\u0161tai vienas prie kito, neu\u017esimeta, labai \u0161velnus, yra dvi ki\u0161en\u0117s. Su pamu\u0161alu.<br \/>\n<\/strong><\/div>\n<div data-sfc-cp=\"\" data-hveid=\"CAEIBBAA\" data-processed=\"true\" data-complete=\"true\">\n<p><strong>Pagaminta Italijoje.<\/strong><br \/>\n<strong>Sud\u0117tis: 100% poliesteris<\/strong><\/p>\n<p><strong>S \/ M<\/strong><\/p>\n<p><strong> Pe\u010di\u0173 plotis: 38 cm.,<\/strong><br \/>\n<strong>Bendras ilgis: 50 cm.,<\/strong><br \/>\n<strong>Rankovi\u0173 ilgis: 57 cm.,<\/strong><br \/>\n<strong>Kr\u016btin\u0117s apimtis: 98 cm.,<\/strong><br \/>\n<strong>Apa\u010dios apimtis: 51 cm.,<\/strong><\/p>\n<p><strong>M\/ L <\/strong><\/p>\n<p><strong>Pe\u010di\u0173 plotis: 41 cm.,<\/strong><br \/>\n<strong>Bendras ilgis: 47 cm.,<\/strong><br \/>\n<strong>Kr\u016btin\u0117s apimtis: 104 cm.,<\/strong><br \/>\n<strong>Rankovi\u0173 ilgis: 57 cm.,<\/strong><br \/>\n<strong>Apa\u010dios apimtis: 110 cm.,<\/strong><\/p>\n<p><strong>L \/ XL <\/strong><\/p>\n<p><strong>Pe\u010di\u0173 plotis: 44 cm.,<\/strong><br \/>\n<strong>Bendras ilgis: 51 cm.,<\/strong><br \/>\n<strong>Rankovi\u0173 ilgis: 59 cm.,<\/strong><br \/>\n<strong>Kr\u016btin\u0117s apimtis: 115 cm,.<\/strong><br \/>\n<strong>Apa\u010dios apimtis: 115 cm.,<\/strong><\/p>\n<\/div>","protected":false},"featured_media":1863,"comment_status":"open","ping_status":"closed","template":"","meta":{"_gspb_post_css":"","_kad_blocks_custom_css":"","_kad_blocks_head_custom_js":"","_kad_blocks_body_custom_js":"","_kad_blocks_footer_custom_js":""},"product_brand":[],"product_cat":[112,48,19],"product_tag":[],"class_list":{"0":"post-1857","1":"product","2":"type-product","3":"status-publish","4":"has-post-thumbnail","6":"product_cat-ispardavimai","7":"product_cat-paltai","8":"product_cat-drabuziai","10":"first","11":"instock","12":"sale","13":"taxable","14":"shipping-taxable","15":"purchasable","16":"product-type-variable","17":"has-default-attributes"},"supplier_id":null,"supplier_sku":"","barcode":null,"atum_controlled":true,"out_stock_date":null,"out_stock_threshold":null,"inheritable":true,"inbound_stock":0,"stock_on_hold":0,"sold_today":0,"sales_last_days":0,"reserved_stock":0,"customer_returns":0,"warehouse_damage":0,"lost_in_post":0,"other_logs":0,"out_stock_days":0,"lost_sales":0,"has_location":false,"update_date":"2026-05-15T02:35:24","atum_locations":[],"atum_stock_status":"instock","restock_status":false,"low_stock_amount":0,"sales_update_date":"2026-05-15T02:35:24","calc_backorders":null,"taxonomy_info":{"product_cat":[{"value":112,"label":"I\u0161pardavimai"},{"value":48,"label":"Paltai"},{"value":19,"label":"Visi drabu\u017eiai"}]},"featured_image_src_large":["https:\/\/alizeja.lt\/wp-content\/uploads\/2025\/11\/pol_pl_Hurt-Szara-futrzana-kurtka-przejsciowa-z-kieszeniami-404487_5-768x1024.jpg",768,1024,true],"author_info":[],"comment_info":0,"_links":{"self":[{"href":"https:\/\/alizeja.lt\/en\/wp-json\/wp\/v2\/product\/1857","targetHints":{"allow":["GET"]}}],"collection":[{"href":"https:\/\/alizeja.lt\/en\/wp-json\/wp\/v2\/product"}],"about":[{"href":"https:\/\/alizeja.lt\/en\/wp-json\/wp\/v2\/types\/product"}],"replies":[{"embeddable":true,"href":"https:\/\/alizeja.lt\/en\/wp-json\/wp\/v2\/comments?post=1857"}],"wp:featuredmedia":[{"embeddable":true,"href":"https:\/\/alizeja.lt\/en\/wp-json\/wp\/v2\/media\/1863"}],"wp:attachment":[{"href":"https:\/\/alizeja.lt\/en\/wp-json\/wp\/v2\/media?parent=1857"}],"wp:term":[{"taxonomy":"product_brand","embeddable":true,"href":"https:\/\/alizeja.lt\/en\/wp-json\/wp\/v2\/product_brand?post=1857"},{"taxonomy":"product_cat","embeddable":true,"href":"https:\/\/alizeja.lt\/en\/wp-json\/wp\/v2\/product_cat?post=1857"},{"taxonomy":"product_tag","embeddable":true,"href":"https:\/\/alizeja.lt\/en\/wp-json\/wp\/v2\/product_tag?post=1857"}],"curies":[{"name":"wp","href":"https:\/\/api.w.org\/{rel}","templated":true}]}}