{"id":2153,"date":"2025-11-18T14:30:42","date_gmt":"2025-11-18T14:30:42","guid":{"rendered":"https:\/\/alizeja.lt\/?post_type=product&#038;p=2153"},"modified":"2026-04-09T18:34:09","modified_gmt":"2026-04-09T18:34:09","slug":"la-dodgers-dzemperis-kuris-tikrai-nepaliks-abejingu","status":"publish","type":"product","link":"https:\/\/alizeja.lt\/en\/rubai\/la-dodgers-dzemperis-kuris-tikrai-nepaliks-abejingu\/","title":{"rendered":"\u201eLA Dodgers\u201c megztinis."},"content":{"rendered":"<article id=\"tab-description\" class=\"\" aria-hidden=\"false\" data-behaviour=\"drop-down\">\n<div class=\"entry-content is-layout-constrained\">\n<p>Pagaminta P.R.C.<\/p>\n<p>Med\u017eiagos sud\u0117tis: 50% Viskoz\u0117, 22% Nailono, 28% Poliesteris.<\/p>\n<p>Megztas audinys, truput\u012f tempiasi.<\/p>\n<p>I\u0161matavimai:<br \/>\nBendras ilgis \u2013 56cm<br \/>\nPe\u010di\u0173 plotis \u2013 56 cm<br \/>\nRankovi\u0173 ilgis \u2013 51cm (nuo kaklo \u2013 71 cm)<br \/>\nKr\u016btin\u0117s apimtis \u2013 112 cm<br \/>\nApa\u010dios apimtis: nei\u0161tempta 92 cm, i\u0161tempta 110 cm<\/p>\n<\/div>\n<\/article>","protected":false},"excerpt":{"rendered":"<p>Megztas audinys, truput\u012f tempiasi. Audinys \u0161velnus.<\/p>\n<p>U\u017era\u0161as ne lipdukas.<\/p>\n<p>Med\u017eiagos sud\u0117tis: 50% viskoz\u0117, 22% nailono, 28% poliesteris.<\/p>\n<p>I\u0161matavimai:<br \/>\nBendras ilgis \u2013 56cm<br \/>\nPe\u010di\u0173 plotis \u2013 56 cm<br \/>\nRankovi\u0173 ilgis \u2013 51cm (nuo kaklo \u2013 71 cm)<br \/>\nKr\u016btin\u0117s apimtis \u2013 112 cm<br \/>\nApa\u010dios apimtis: nei\u0161tempta 92 cm, i\u0161tempta 110 cm<\/p>\n<p>Pagaminta P.R.C.<\/p>","protected":false},"featured_media":2155,"comment_status":"open","ping_status":"closed","template":"","meta":{"_gspb_post_css":"","_kad_blocks_custom_css":"","_kad_blocks_head_custom_js":"","_kad_blocks_body_custom_js":"","_kad_blocks_footer_custom_js":""},"product_brand":[],"product_cat":[19,112,33],"product_tag":[],"class_list":{"0":"post-2153","1":"product","2":"type-product","3":"status-publish","4":"has-post-thumbnail","6":"product_cat-drabuziai","7":"product_cat-ispardavimai","8":"product_cat-megztiniai","10":"first","11":"instock","12":"sale","13":"taxable","14":"shipping-taxable","15":"purchasable","16":"product-type-variable","17":"has-default-attributes"},"supplier_id":null,"supplier_sku":"","barcode":null,"atum_controlled":true,"out_stock_date":null,"out_stock_threshold":null,"inheritable":true,"inbound_stock":null,"stock_on_hold":0,"sold_today":0,"sales_last_days":0,"reserved_stock":null,"customer_returns":null,"warehouse_damage":null,"lost_in_post":null,"other_logs":null,"out_stock_days":0,"lost_sales":0,"has_location":false,"update_date":"2026-05-15T02:35:26","atum_locations":[],"atum_stock_status":"instock","restock_status":false,"low_stock_amount":0,"sales_update_date":"2026-05-15T02:35:26","calc_backorders":null,"taxonomy_info":{"product_cat":[{"value":19,"label":"Visi drabu\u017eiai"},{"value":112,"label":"I\u0161pardavimai"},{"value":33,"label":"Megztiniai\/ kardiganai"}]},"featured_image_src_large":["https:\/\/alizeja.lt\/wp-content\/uploads\/2025\/11\/174308-1024x1024.jpg",1024,1024,true],"author_info":[],"comment_info":0,"_links":{"self":[{"href":"https:\/\/alizeja.lt\/en\/wp-json\/wp\/v2\/product\/2153","targetHints":{"allow":["GET"]}}],"collection":[{"href":"https:\/\/alizeja.lt\/en\/wp-json\/wp\/v2\/product"}],"about":[{"href":"https:\/\/alizeja.lt\/en\/wp-json\/wp\/v2\/types\/product"}],"replies":[{"embeddable":true,"href":"https:\/\/alizeja.lt\/en\/wp-json\/wp\/v2\/comments?post=2153"}],"wp:featuredmedia":[{"embeddable":true,"href":"https:\/\/alizeja.lt\/en\/wp-json\/wp\/v2\/media\/2155"}],"wp:attachment":[{"href":"https:\/\/alizeja.lt\/en\/wp-json\/wp\/v2\/media?parent=2153"}],"wp:term":[{"taxonomy":"product_brand","embeddable":true,"href":"https:\/\/alizeja.lt\/en\/wp-json\/wp\/v2\/product_brand?post=2153"},{"taxonomy":"product_cat","embeddable":true,"href":"https:\/\/alizeja.lt\/en\/wp-json\/wp\/v2\/product_cat?post=2153"},{"taxonomy":"product_tag","embeddable":true,"href":"https:\/\/alizeja.lt\/en\/wp-json\/wp\/v2\/product_tag?post=2153"}],"curies":[{"name":"wp","href":"https:\/\/api.w.org\/{rel}","templated":true}]}}