{"id":2234,"date":"2025-11-21T18:39:22","date_gmt":"2025-11-21T18:39:22","guid":{"rendered":"https:\/\/alizeja.lt\/?post_type=product&#038;p=2234"},"modified":"2026-04-16T16:32:43","modified_gmt":"2026-04-16T16:32:43","slug":"asimetrija-ir-neriniu-detales","status":"publish","type":"product","link":"https:\/\/alizeja.lt\/en\/rubai\/asimetrija-ir-neriniu-detales\/","title":{"rendered":"palaidin\u0117."},"content":{"rendered":"","protected":false},"excerpt":{"rendered":"<div class=\"entry-content is-layout-constrained\">\n<p><strong>Plonas audinys, su n\u0117rinukais.<\/strong><\/p>\n<p><strong>Pagaminta Italijoje!<\/strong><\/p>\n<\/div>\n<p><strong>Med\u017eiagos sud\u0117tis: 95% poliesteris,\u00a0 5% elastanas.<\/strong><\/p>\n<p><strong>N\u0117rinuko ilgiausi\u0105 viet\u0105 galima nukirpti.<\/strong><\/p>\n<div class=\"entry-content is-layout-constrained\">\n<p><strong>\u00a0Tinka:\u00a0 M, L, XL, XXL.<\/strong><\/p>\n<\/div>\n<p><strong>I\u0161matavimai:<\/strong><\/p>\n<ul>\n<li><strong>Ilgis: trumpiausia vieta 87 cm., per vidur\u012f 92 cm., ilgiausia vieta su n\u0117rinukais 133 cm., be ilgiausio n\u0117rinuk\u0173 113 cm.<br \/>\n<\/strong><\/li>\n<li><strong>Pe\u010di\u0173 plo.: 47 cm<\/strong><\/li>\n<li><strong>Rankov\u0117s: 55 cm<\/strong><\/li>\n<li><strong>Kr\u016btin\u0117: 108cm<\/strong><\/li>\n<li><strong>Apa\u010dia:\u00a0 144 cm<\/strong><\/li>\n<\/ul>","protected":false},"featured_media":2235,"comment_status":"open","ping_status":"closed","template":"","meta":{"_gspb_post_css":"","_kad_blocks_custom_css":"","_kad_blocks_head_custom_js":"","_kad_blocks_body_custom_js":"","_kad_blocks_footer_custom_js":""},"product_brand":[],"product_cat":[19,112,34],"product_tag":[],"class_list":{"0":"post-2234","1":"product","2":"type-product","3":"status-publish","4":"has-post-thumbnail","6":"product_cat-drabuziai","7":"product_cat-ispardavimai","8":"product_cat-palaidines","10":"first","11":"instock","12":"sale","13":"taxable","14":"shipping-taxable","15":"purchasable","16":"product-type-variable","17":"has-default-attributes"},"supplier_id":null,"supplier_sku":"","barcode":null,"atum_controlled":true,"out_stock_date":null,"out_stock_threshold":null,"inheritable":true,"inbound_stock":null,"stock_on_hold":0,"sold_today":0,"sales_last_days":0,"reserved_stock":null,"customer_returns":null,"warehouse_damage":null,"lost_in_post":null,"other_logs":null,"out_stock_days":0,"lost_sales":0,"has_location":false,"update_date":"2026-05-15T02:35:32","atum_locations":[],"atum_stock_status":"instock","restock_status":false,"low_stock_amount":0,"sales_update_date":"2026-05-15T02:35:32","calc_backorders":null,"taxonomy_info":{"product_cat":[{"value":19,"label":"Visi drabu\u017eiai"},{"value":112,"label":"I\u0161pardavimai"},{"value":34,"label":"Palaidin\u0117s"}]},"featured_image_src_large":["https:\/\/alizeja.lt\/wp-content\/uploads\/2025\/11\/175147-1024x1024.jpg",1024,1024,true],"author_info":[],"comment_info":0,"_links":{"self":[{"href":"https:\/\/alizeja.lt\/en\/wp-json\/wp\/v2\/product\/2234","targetHints":{"allow":["GET"]}}],"collection":[{"href":"https:\/\/alizeja.lt\/en\/wp-json\/wp\/v2\/product"}],"about":[{"href":"https:\/\/alizeja.lt\/en\/wp-json\/wp\/v2\/types\/product"}],"replies":[{"embeddable":true,"href":"https:\/\/alizeja.lt\/en\/wp-json\/wp\/v2\/comments?post=2234"}],"wp:featuredmedia":[{"embeddable":true,"href":"https:\/\/alizeja.lt\/en\/wp-json\/wp\/v2\/media\/2235"}],"wp:attachment":[{"href":"https:\/\/alizeja.lt\/en\/wp-json\/wp\/v2\/media?parent=2234"}],"wp:term":[{"taxonomy":"product_brand","embeddable":true,"href":"https:\/\/alizeja.lt\/en\/wp-json\/wp\/v2\/product_brand?post=2234"},{"taxonomy":"product_cat","embeddable":true,"href":"https:\/\/alizeja.lt\/en\/wp-json\/wp\/v2\/product_cat?post=2234"},{"taxonomy":"product_tag","embeddable":true,"href":"https:\/\/alizeja.lt\/en\/wp-json\/wp\/v2\/product_tag?post=2234"}],"curies":[{"name":"wp","href":"https:\/\/api.w.org\/{rel}","templated":true}]}}