{"id":2380,"date":"2025-12-04T09:50:22","date_gmt":"2025-12-04T09:50:22","guid":{"rendered":"https:\/\/alizeja.lt\/?post_type=product&#038;p=2380"},"modified":"2025-12-04T09:55:23","modified_gmt":"2025-12-04T09:55:23","slug":"vakarietisko-stiliaus-liemene-2","status":"publish","type":"product","link":"https:\/\/alizeja.lt\/en\/rubai\/vakarietisko-stiliaus-liemene-2\/","title":{"rendered":"Vakarieti\u0161ko stiliaus liemen\u0117!"},"content":{"rendered":"<p>Pagaminta Italijoje.<\/p>\n<p>Be u\u017esegimo.<\/p>\n<p>Sud\u0117tis 95 % poliesterio, 5% spandeksas.<\/p>\n<p>Tinka nuo S iki L<\/p>\n<p>I\u0161matavimai:<\/p>\n<p>Bendras ilgis 46 cm.<\/p>\n<p>Kr\u016btin\u0117s apimtis 96 cm.<\/p>\n<p>Apa\u010dios apimtis 92 cm..<\/p>\n<p>Med\u017eiaga labai \u0161velni, imituoja kaip zom\u0161\u0105, labai \u0161veln\u0173.<\/p>\n<p>Dekoruota med\u017eiagos i\u0161karpomis i\u0161 tos tos pa\u010dios med\u017eiagos.<\/p>","protected":false},"excerpt":{"rendered":"<p>Liemen\u0117, kuri papildys j\u016bs\u0173 r\u016bb\u0105 vakarieti\u0161ku stiliumi.<\/p>","protected":false},"featured_media":2367,"comment_status":"open","ping_status":"closed","template":"","meta":{"_gspb_post_css":"","_kad_blocks_custom_css":"","_kad_blocks_head_custom_js":"","_kad_blocks_body_custom_js":"","_kad_blocks_footer_custom_js":""},"product_brand":[],"product_cat":[19,91],"product_tag":[],"class_list":{"0":"post-2380","1":"product","2":"type-product","3":"status-publish","4":"has-post-thumbnail","6":"product_cat-drabuziai","7":"product_cat-liemenes","9":"first","10":"instock","11":"taxable","12":"shipping-taxable","13":"purchasable","14":"product-type-variable","15":"has-default-attributes"},"supplier_id":null,"supplier_sku":"","barcode":null,"atum_controlled":true,"out_stock_date":null,"out_stock_threshold":null,"inheritable":true,"inbound_stock":null,"stock_on_hold":0,"sold_today":0,"sales_last_days":0,"reserved_stock":null,"customer_returns":null,"warehouse_damage":null,"lost_in_post":null,"other_logs":null,"out_stock_days":0,"lost_sales":0,"has_location":false,"update_date":"2026-05-15T02:35:15","atum_locations":[],"atum_stock_status":"instock","restock_status":false,"low_stock_amount":0,"sales_update_date":"2026-05-15T02:35:15","calc_backorders":null,"taxonomy_info":{"product_cat":[{"value":19,"label":"Visi drabu\u017eiai"},{"value":91,"label":"Liemen\u0117s"}]},"featured_image_src_large":["https:\/\/alizeja.lt\/wp-content\/uploads\/2025\/12\/174556-1024x1024.jpg",1024,1024,true],"author_info":[],"comment_info":0,"_links":{"self":[{"href":"https:\/\/alizeja.lt\/en\/wp-json\/wp\/v2\/product\/2380","targetHints":{"allow":["GET"]}}],"collection":[{"href":"https:\/\/alizeja.lt\/en\/wp-json\/wp\/v2\/product"}],"about":[{"href":"https:\/\/alizeja.lt\/en\/wp-json\/wp\/v2\/types\/product"}],"replies":[{"embeddable":true,"href":"https:\/\/alizeja.lt\/en\/wp-json\/wp\/v2\/comments?post=2380"}],"wp:featuredmedia":[{"embeddable":true,"href":"https:\/\/alizeja.lt\/en\/wp-json\/wp\/v2\/media\/2367"}],"wp:attachment":[{"href":"https:\/\/alizeja.lt\/en\/wp-json\/wp\/v2\/media?parent=2380"}],"wp:term":[{"taxonomy":"product_brand","embeddable":true,"href":"https:\/\/alizeja.lt\/en\/wp-json\/wp\/v2\/product_brand?post=2380"},{"taxonomy":"product_cat","embeddable":true,"href":"https:\/\/alizeja.lt\/en\/wp-json\/wp\/v2\/product_cat?post=2380"},{"taxonomy":"product_tag","embeddable":true,"href":"https:\/\/alizeja.lt\/en\/wp-json\/wp\/v2\/product_tag?post=2380"}],"curies":[{"name":"wp","href":"https:\/\/api.w.org\/{rel}","templated":true}]}}