{"id":2424,"date":"2025-12-07T10:17:12","date_gmt":"2025-12-07T10:17:12","guid":{"rendered":"https:\/\/alizeja.lt\/?post_type=product&#038;p=2424"},"modified":"2026-04-16T17:15:09","modified_gmt":"2026-04-16T17:15:09","slug":"baltas-magztinukas","status":"publish","type":"product","link":"https:\/\/alizeja.lt\/en\/rubai\/baltas-magztinukas\/","title":{"rendered":"Baltas megztinukas!"},"content":{"rendered":"","protected":false},"excerpt":{"rendered":"<p><strong>Megztinis atrodo jaukiai ir yra idealus sluoksniuoti: j\u012f galima d\u0117v\u0117ti tiek ant mar\u0161kini\u0173, kaip pavaizduota nuotraukoje, tiek ir vien\u0105, derinant su \u012fvairiomis keln\u0117mis ar d\u017einsais.\u00a0\u00a0 Tai stilingas ir patogus pasirinkimas rudens bei \u017eiemos sezonui.<span class=\"uJ19be notranslate\" data-wiz-uids=\"PN37tb_l,PN37tb_m,PN37tb_n\" data-complete=\"true\" data-processed=\"true\"><span class=\"vKEkVd\" data-animation-atomic=\"\" data-wiz-attrbind=\"class=PN37tb_l_TKHnVd;\" data-sae=\"\">\u00a0<\/span><\/span><\/strong><\/p>\n<p><strong>Pagaminta Italijoje<\/strong><\/p>\n<p><strong>Med\u017eiagos sud\u0117tis: 6% lamos vilnos, 68% akrilas, 11% nailono, 12% poliesteris.<\/strong><\/p>\n<p><strong>Tinka\u00a0 M, L, XL XXL<\/strong><\/p>\n<p><strong>Megztas audinys, truput\u012f tempiasi.<\/strong><\/p>\n<p><strong>I\u0161matavimai:<\/strong><br \/>\n<strong>Bendras ilgis \u201344 cm<\/strong><br \/>\n<strong>Pe\u010di\u0173 plotis \u2013 61 cm<\/strong><br \/>\n<strong>Rankovi\u0173 ilgis \u201347cm (nuo kaklo \u2013 68 cm)<\/strong><br \/>\n<strong>Kr\u016btin\u0117s apimtis \u2013 106 cm<\/strong><br \/>\n<strong>Apa\u010dios apimtis: nei\u0161tempta 100 cm, i\u0161tempta 110 cm<\/strong><\/p>","protected":false},"featured_media":2426,"comment_status":"open","ping_status":"closed","template":"","meta":{"_gspb_post_css":"","_kad_blocks_custom_css":"","_kad_blocks_head_custom_js":"","_kad_blocks_body_custom_js":"","_kad_blocks_footer_custom_js":""},"product_brand":[],"product_cat":[19,112,33],"product_tag":[],"class_list":{"0":"post-2424","1":"product","2":"type-product","3":"status-publish","4":"has-post-thumbnail","6":"product_cat-drabuziai","7":"product_cat-ispardavimai","8":"product_cat-megztiniai","10":"first","11":"instock","12":"sale","13":"taxable","14":"shipping-taxable","15":"purchasable","16":"product-type-variable","17":"has-default-attributes"},"supplier_id":null,"supplier_sku":"","barcode":null,"atum_controlled":true,"out_stock_date":null,"out_stock_threshold":null,"inheritable":true,"inbound_stock":null,"stock_on_hold":0,"sold_today":0,"sales_last_days":0,"reserved_stock":null,"customer_returns":null,"warehouse_damage":null,"lost_in_post":null,"other_logs":null,"out_stock_days":0,"lost_sales":0,"has_location":false,"update_date":"2026-05-15T02:35:32","atum_locations":[],"atum_stock_status":"instock","restock_status":false,"low_stock_amount":0,"sales_update_date":"2026-05-15T02:35:32","calc_backorders":null,"taxonomy_info":{"product_cat":[{"value":19,"label":"Visi drabu\u017eiai"},{"value":112,"label":"I\u0161pardavimai"},{"value":33,"label":"Megztiniai\/ kardiganai"}]},"featured_image_src_large":["https:\/\/alizeja.lt\/wp-content\/uploads\/2025\/12\/173302-1024x1024.jpg",1024,1024,true],"author_info":[],"comment_info":0,"_links":{"self":[{"href":"https:\/\/alizeja.lt\/en\/wp-json\/wp\/v2\/product\/2424","targetHints":{"allow":["GET"]}}],"collection":[{"href":"https:\/\/alizeja.lt\/en\/wp-json\/wp\/v2\/product"}],"about":[{"href":"https:\/\/alizeja.lt\/en\/wp-json\/wp\/v2\/types\/product"}],"replies":[{"embeddable":true,"href":"https:\/\/alizeja.lt\/en\/wp-json\/wp\/v2\/comments?post=2424"}],"wp:featuredmedia":[{"embeddable":true,"href":"https:\/\/alizeja.lt\/en\/wp-json\/wp\/v2\/media\/2426"}],"wp:attachment":[{"href":"https:\/\/alizeja.lt\/en\/wp-json\/wp\/v2\/media?parent=2424"}],"wp:term":[{"taxonomy":"product_brand","embeddable":true,"href":"https:\/\/alizeja.lt\/en\/wp-json\/wp\/v2\/product_brand?post=2424"},{"taxonomy":"product_cat","embeddable":true,"href":"https:\/\/alizeja.lt\/en\/wp-json\/wp\/v2\/product_cat?post=2424"},{"taxonomy":"product_tag","embeddable":true,"href":"https:\/\/alizeja.lt\/en\/wp-json\/wp\/v2\/product_tag?post=2424"}],"curies":[{"name":"wp","href":"https:\/\/api.w.org\/{rel}","templated":true}]}}