{"id":2474,"date":"2025-12-07T14:51:40","date_gmt":"2025-12-07T14:51:40","guid":{"rendered":"https:\/\/alizeja.lt\/?post_type=product&#038;p=2474"},"modified":"2026-04-14T18:34:39","modified_gmt":"2026-04-14T18:34:39","slug":"selmisko-zavesio-palaidine","status":"publish","type":"product","link":"https:\/\/alizeja.lt\/en\/rubai\/selmisko-zavesio-palaidine\/","title":{"rendered":"EKO ODOS palaidin\u0117"},"content":{"rendered":"<p style=\"box-sizing: border-box; margin: 0px; padding: 0px; border: none; font-variant-numeric: inherit; font-variant-east-asian: inherit; font-variant-alternates: inherit; font-variant-position: inherit; font-stretch: inherit; line-height: inherit; font-family: Montserrat, sans-serif; font-optical-sizing: inherit; font-size-adjust: inherit; font-kerning: inherit; font-feature-settings: inherit; font-variation-settings: inherit; margin-block-end: var(--theme-content-spacing); color: #222222;\">\n<p style=\"box-sizing: border-box; margin: 0px; padding: 0px; border: none; font-variant-numeric: inherit; font-variant-east-asian: inherit; font-variant-alternates: inherit; font-variant-position: inherit; font-stretch: inherit; line-height: inherit; font-family: Montserrat, sans-serif; font-optical-sizing: inherit; font-size-adjust: inherit; font-kerning: inherit; font-feature-settings: inherit; font-variation-settings: inherit; margin-block-end: var(--theme-content-spacing); color: #222222;\">","protected":false},"excerpt":{"rendered":"<p><strong>\u00a0Palaidin\u0117 dirbtin\u0117s odos. Su \u0161velniais n\u0117riniais ties i\u0161kirpte. Plonos petne\u0161\u0117l\u0117s pabr\u0117\u0161 J\u016bs\u0173 pe\u010dius, o audinio tekst\u016bra prid\u0117s pikanti\u0161kumo J\u016bs\u0173 \u012fvaizd\u017eiui.<\/strong><\/p>\n<p><strong>Pagaminta<\/strong> <strong>Italijoje!<br \/>\n<\/strong><\/p>\n<p><strong>Med\u017eiagos sud\u0117tis: 100% poliesteris.<\/strong><\/p>\n<p><strong>Nugaroje yra guma, taip reguliuojasi kr\u016btin\u0117s apimtis.<\/strong><\/p>\n<p><strong>Petne\u0161\u0117l\u0117s reguliuojasi.<\/strong><\/p>\n<p><strong>Dydis:\u00a0 S, M, L<br \/>\n<\/strong><\/p>\n<p><strong>I\u0161matavimai:<\/strong><\/p>\n<ul>\n<li><strong>Ilgis:\u00a0 ilgiausia\u00a0 67 cm., trumpiausia 57 cm<br \/>\n<\/strong><\/li>\n<li><strong>Kr\u016btin\u0117: nuo 84 cm., iki 96 cm<br \/>\n<\/strong><\/li>\n<li><strong>Apa\u010dia:\u00a0 110 cm<\/strong><\/li>\n<\/ul>\n<p><strong>\u00a0<\/strong><\/p>","protected":false},"featured_media":2476,"comment_status":"open","ping_status":"closed","template":"","meta":{"_gspb_post_css":"","_kad_blocks_custom_css":"","_kad_blocks_head_custom_js":"","_kad_blocks_body_custom_js":"","_kad_blocks_footer_custom_js":""},"product_brand":[],"product_cat":[19,112,34],"product_tag":[],"class_list":{"0":"post-2474","1":"product","2":"type-product","3":"status-publish","4":"has-post-thumbnail","6":"product_cat-drabuziai","7":"product_cat-ispardavimai","8":"product_cat-palaidines","10":"first","11":"instock","12":"sale","13":"taxable","14":"shipping-taxable","15":"purchasable","16":"product-type-variable","17":"has-default-attributes"},"supplier_id":null,"supplier_sku":"","barcode":null,"atum_controlled":true,"out_stock_date":null,"out_stock_threshold":null,"inheritable":true,"inbound_stock":null,"stock_on_hold":0,"sold_today":0,"sales_last_days":0,"reserved_stock":null,"customer_returns":null,"warehouse_damage":null,"lost_in_post":null,"other_logs":null,"out_stock_days":0,"lost_sales":0,"has_location":false,"update_date":"2026-05-15T02:35:27","atum_locations":[],"atum_stock_status":"instock","restock_status":false,"low_stock_amount":0,"sales_update_date":"2026-05-15T02:35:27","calc_backorders":null,"taxonomy_info":{"product_cat":[{"value":19,"label":"Visi drabu\u017eiai"},{"value":112,"label":"I\u0161pardavimai"},{"value":34,"label":"Palaidin\u0117s"}]},"featured_image_src_large":["https:\/\/alizeja.lt\/wp-content\/uploads\/2025\/12\/1769181-1024x1024.jpg",1024,1024,true],"author_info":[],"comment_info":0,"_links":{"self":[{"href":"https:\/\/alizeja.lt\/en\/wp-json\/wp\/v2\/product\/2474","targetHints":{"allow":["GET"]}}],"collection":[{"href":"https:\/\/alizeja.lt\/en\/wp-json\/wp\/v2\/product"}],"about":[{"href":"https:\/\/alizeja.lt\/en\/wp-json\/wp\/v2\/types\/product"}],"replies":[{"embeddable":true,"href":"https:\/\/alizeja.lt\/en\/wp-json\/wp\/v2\/comments?post=2474"}],"wp:featuredmedia":[{"embeddable":true,"href":"https:\/\/alizeja.lt\/en\/wp-json\/wp\/v2\/media\/2476"}],"wp:attachment":[{"href":"https:\/\/alizeja.lt\/en\/wp-json\/wp\/v2\/media?parent=2474"}],"wp:term":[{"taxonomy":"product_brand","embeddable":true,"href":"https:\/\/alizeja.lt\/en\/wp-json\/wp\/v2\/product_brand?post=2474"},{"taxonomy":"product_cat","embeddable":true,"href":"https:\/\/alizeja.lt\/en\/wp-json\/wp\/v2\/product_cat?post=2474"},{"taxonomy":"product_tag","embeddable":true,"href":"https:\/\/alizeja.lt\/en\/wp-json\/wp\/v2\/product_tag?post=2474"}],"curies":[{"name":"wp","href":"https:\/\/api.w.org\/{rel}","templated":true}]}}