{"id":2528,"date":"2026-02-15T11:21:17","date_gmt":"2026-02-15T11:21:17","guid":{"rendered":"https:\/\/alizeja.lt\/?post_type=product&#038;p=2528"},"modified":"2026-04-14T09:43:04","modified_gmt":"2026-04-14T09:43:04","slug":"megzta-palaidine","status":"publish","type":"product","link":"https:\/\/alizeja.lt\/en\/rubai\/megzta-palaidine\/","title":{"rendered":"Megzta palaidin\u0117!"},"content":{"rendered":"","protected":false},"excerpt":{"rendered":"<p><strong>\u0160velni palaidin\u0117.\u00a0 Trij\u0173 ketvir\u010di\u0173 rankovi\u0173 ilgis, puikiai pabr\u0117\u017eia rie\u0161us, ir subtil\u0173 kakl\u0105, dekoruota ant pe\u010di\u0173 sagomis.<br \/>\n<\/strong><\/p>\n<p><strong>Megztas audinys, truput\u012f tempiasi.<\/strong><\/p>\n<p><strong>Pagaminta P.R.C.<\/strong><\/p>\n<p><strong>Med\u017eiagos sud\u0117tis: 65% Viskoz\u0117, 35% Nailonas.<\/strong><\/p>\n<div class=\"entry-content is-layout-constrained\">\n<p><strong>Tinka:\u00a0 M, L, XL<br \/>\n<\/strong><\/p>\n<\/div>\n<p><strong>I\u0161matavimai:<\/strong><\/p>\n<ul>\n<li><strong>Ilgis:\u00a0 51 cm.<br \/>\n<\/strong><\/li>\n<li><strong>Pe\u010di\u0173 plo.: 54 cm<\/strong><\/li>\n<li><strong>Rankov\u0117s: 32 cm.,\u00a0 nuo kaklo 50 cm.<br \/>\n<\/strong><\/li>\n<li><strong>Kr\u016btin\u0117: 100cm<\/strong><\/li>\n<li><strong>Apa\u010dia:\u00a0 96 cm<\/strong><\/li>\n<\/ul>\n<p><strong>\u00a0<\/strong><\/p>","protected":false},"featured_media":2530,"comment_status":"open","ping_status":"closed","template":"","meta":{"_gspb_post_css":"","_kad_blocks_custom_css":"","_kad_blocks_head_custom_js":"","_kad_blocks_body_custom_js":"","_kad_blocks_footer_custom_js":""},"product_brand":[],"product_cat":[19,112,33,34],"product_tag":[],"class_list":{"0":"post-2528","1":"product","2":"type-product","3":"status-publish","4":"has-post-thumbnail","6":"product_cat-drabuziai","7":"product_cat-ispardavimai","8":"product_cat-megztiniai","9":"product_cat-palaidines","11":"first","12":"instock","13":"sale","14":"taxable","15":"shipping-taxable","16":"purchasable","17":"product-type-variable","18":"has-default-attributes"},"supplier_id":null,"supplier_sku":"","barcode":null,"atum_controlled":true,"out_stock_date":null,"out_stock_threshold":null,"inheritable":true,"inbound_stock":null,"stock_on_hold":0,"sold_today":0,"sales_last_days":0,"reserved_stock":null,"customer_returns":null,"warehouse_damage":null,"lost_in_post":null,"other_logs":null,"out_stock_days":0,"lost_sales":0,"has_location":false,"update_date":"2026-05-15T02:35:26","atum_locations":[],"atum_stock_status":"instock","restock_status":false,"low_stock_amount":0,"sales_update_date":"2026-05-15T02:35:26","calc_backorders":null,"taxonomy_info":{"product_cat":[{"value":19,"label":"Visi drabu\u017eiai"},{"value":112,"label":"I\u0161pardavimai"},{"value":33,"label":"Megztiniai\/ kardiganai"},{"value":34,"label":"Palaidin\u0117s"}]},"featured_image_src_large":["https:\/\/alizeja.lt\/wp-content\/uploads\/2026\/02\/174390-1024x1024.jpg",1024,1024,true],"author_info":[],"comment_info":0,"_links":{"self":[{"href":"https:\/\/alizeja.lt\/en\/wp-json\/wp\/v2\/product\/2528","targetHints":{"allow":["GET"]}}],"collection":[{"href":"https:\/\/alizeja.lt\/en\/wp-json\/wp\/v2\/product"}],"about":[{"href":"https:\/\/alizeja.lt\/en\/wp-json\/wp\/v2\/types\/product"}],"replies":[{"embeddable":true,"href":"https:\/\/alizeja.lt\/en\/wp-json\/wp\/v2\/comments?post=2528"}],"wp:featuredmedia":[{"embeddable":true,"href":"https:\/\/alizeja.lt\/en\/wp-json\/wp\/v2\/media\/2530"}],"wp:attachment":[{"href":"https:\/\/alizeja.lt\/en\/wp-json\/wp\/v2\/media?parent=2528"}],"wp:term":[{"taxonomy":"product_brand","embeddable":true,"href":"https:\/\/alizeja.lt\/en\/wp-json\/wp\/v2\/product_brand?post=2528"},{"taxonomy":"product_cat","embeddable":true,"href":"https:\/\/alizeja.lt\/en\/wp-json\/wp\/v2\/product_cat?post=2528"},{"taxonomy":"product_tag","embeddable":true,"href":"https:\/\/alizeja.lt\/en\/wp-json\/wp\/v2\/product_tag?post=2528"}],"curies":[{"name":"wp","href":"https:\/\/api.w.org\/{rel}","templated":true}]}}