{"id":2786,"date":"2026-03-15T12:52:14","date_gmt":"2026-03-15T12:52:14","guid":{"rendered":"https:\/\/alizeja.lt\/?post_type=product&#038;p=2786"},"modified":"2026-04-17T04:36:39","modified_gmt":"2026-04-17T04:36:39","slug":"languoti-marskineliai","status":"publish","type":"product","link":"https:\/\/alizeja.lt\/en\/rubai\/languoti-marskineliai\/","title":{"rendered":"Languoti mar\u0161kin\u0117liai."},"content":{"rendered":"","protected":false},"excerpt":{"rendered":"<p><strong class=\"Yjhzub\" data-sfc-cb=\"\" data-complete=\"true\">Stilingi languoti medvilniniai mar\u0161kiniai.<\/strong><\/p>\n<div class=\"otQkpb\" role=\"heading\" aria-level=\"3\" data-animation-nesting=\"\" data-sfc-cp=\"\" data-sfc-cb=\"\" data-complete=\"true\" data-processed=\"true\" data-sae=\"\"><strong>Tinka nuo S iki XXXL nugaros dalyje esantys rai\u0161teliai su formuos pagal fig\u016br\u0105, kokio nor\u0117sit silueto.<\/strong><\/div>\n<div role=\"heading\" aria-level=\"3\" data-animation-nesting=\"\" data-sfc-cp=\"\" data-sfc-cb=\"\" data-complete=\"true\" data-processed=\"true\" data-sae=\"\"><strong>Detal\u016bs i\u0161matavimai apra\u0161ymuose.<\/strong><\/div>\n<div role=\"heading\" aria-level=\"3\" data-animation-nesting=\"\" data-sfc-cp=\"\" data-sfc-cb=\"\" data-complete=\"true\" data-processed=\"true\" data-sae=\"\"><strong>Sud\u0117tis: 90% medviln\u0117, 10% viskoz\u0117. Labai \u0161velnu\u010diai.<\/strong><\/div>\n<div role=\"heading\" aria-level=\"3\" data-animation-nesting=\"\" data-sfc-cp=\"\" data-sfc-cb=\"\" data-complete=\"true\" data-processed=\"true\" data-sae=\"\"><\/div>\n<div class=\"Y3BBE\" data-sfc-cp=\"\" data-sfc-cb=\"\" data-hveid=\"CAEICBAA\" data-complete=\"true\" data-processed=\"true\"><strong>Atnaujinkite savo kasdien\u012f \u012fvaizd\u012f su \u0161iais jaukiais ir madingais languotais mar\u0161kiniais. Mink\u0161tas audinys ir \u0161velni\u0173 m\u0117lyn\u0173 bei sodri\u0173 rud\u0173 atspalvi\u0173 derinys sukuria tobul\u0105 balans\u0105 tarp klasikos ir modernaus stiliaus.<\/strong><\/div>\n<div class=\"Y3BBE\" data-sfc-cp=\"\" data-sfc-cb=\"\" data-hveid=\"CAEICBAA\" data-complete=\"true\" data-processed=\"true\"><\/div>\n<div class=\"Y3BBE\" data-sfc-cp=\"\" data-sfc-cb=\"\" data-hveid=\"CAEIDRAA\" data-complete=\"true\" data-processed=\"true\">\n<p><strong>I\u0161matavimai:<\/strong><\/p>\n<p><strong>S\u00a0\u00a0 ma\u017eiausias suformavimas.<\/strong><\/p>\n<p><strong>Bendras ilgis \u2013 59 cm<\/strong><br \/>\n<strong>Pe\u010di\u0173 plotis \u2013 49cm<\/strong><br \/>\n<strong>Rankovi\u0173 ilgis \u2013 74 cm., matuota nuo kaklo.<\/strong><br \/>\n<strong>Kr\u016btin\u0117s apimtis \u2013 90 cm<\/strong><br \/>\n<strong>Apa\u010dios apimtis: 100 cm<!--\/data\/user\/0\/com.samsung.android.app.notes\/files\/clipdata\/clipdata_bodytext_251028_153126_665.sdocx--><\/strong><\/p>\n<p><strong>Galima dar pakoreguoti\u00a0 5 cm ma\u017eesn\u012f dyd\u012f.<\/strong><\/p>\n<p><strong>XXXL\u00a0\u00a0\u00a0 did\u017eiausias suformavimas.<\/strong><\/p>\n<p><strong>Bendras ilgis \u2013 59 cm<\/strong><br \/>\n<strong>Pe\u010di\u0173 plotis \u2013 49 cm<\/strong><br \/>\n<strong>Rankovi\u0173 ilgis \u2013 74cm., matuota nuo kaklo.<\/strong><br \/>\n<strong>Kr\u016btin\u0117s apimtis \u2013 110 cm<\/strong><br \/>\n<strong>Apa\u010dios apimtis: 110 cm<\/strong><\/p>\n<\/div>\n<p><!--more--><\/p>\n<p><!--more--><\/p>","protected":false},"featured_media":2788,"comment_status":"open","ping_status":"closed","template":"","meta":{"_gspb_post_css":"","_kad_blocks_custom_css":"","_kad_blocks_head_custom_js":"","_kad_blocks_body_custom_js":"","_kad_blocks_footer_custom_js":""},"product_brand":[],"product_cat":[61,19],"product_tag":[],"class_list":{"0":"post-2786","1":"product","2":"type-product","3":"status-publish","4":"has-post-thumbnail","6":"product_cat-marskineliai","7":"product_cat-drabuziai","9":"first","10":"instock","11":"taxable","12":"shipping-taxable","13":"purchasable","14":"product-type-variable","15":"has-default-attributes"},"supplier_id":null,"supplier_sku":"","barcode":null,"atum_controlled":true,"out_stock_date":null,"out_stock_threshold":null,"inheritable":true,"inbound_stock":null,"stock_on_hold":0,"sold_today":0,"sales_last_days":0,"reserved_stock":null,"customer_returns":null,"warehouse_damage":null,"lost_in_post":null,"other_logs":null,"out_stock_days":0,"lost_sales":0,"has_location":false,"update_date":"2026-05-15T02:35:31","atum_locations":[],"atum_stock_status":"instock","restock_status":false,"low_stock_amount":0,"sales_update_date":"2026-05-15T02:35:31","calc_backorders":null,"taxonomy_info":{"product_cat":[{"value":61,"label":"Mar\u0161kin\u0117liai"},{"value":19,"label":"Visi drabu\u017eiai"}]},"featured_image_src_large":["https:\/\/alizeja.lt\/wp-content\/uploads\/2026\/03\/1000018527-women-bottom-01_front-women-footwear-2_front-Nora-Warm-Studio-674x1024.png",674,1024,true],"author_info":[],"comment_info":0,"_links":{"self":[{"href":"https:\/\/alizeja.lt\/en\/wp-json\/wp\/v2\/product\/2786","targetHints":{"allow":["GET"]}}],"collection":[{"href":"https:\/\/alizeja.lt\/en\/wp-json\/wp\/v2\/product"}],"about":[{"href":"https:\/\/alizeja.lt\/en\/wp-json\/wp\/v2\/types\/product"}],"replies":[{"embeddable":true,"href":"https:\/\/alizeja.lt\/en\/wp-json\/wp\/v2\/comments?post=2786"}],"wp:featuredmedia":[{"embeddable":true,"href":"https:\/\/alizeja.lt\/en\/wp-json\/wp\/v2\/media\/2788"}],"wp:attachment":[{"href":"https:\/\/alizeja.lt\/en\/wp-json\/wp\/v2\/media?parent=2786"}],"wp:term":[{"taxonomy":"product_brand","embeddable":true,"href":"https:\/\/alizeja.lt\/en\/wp-json\/wp\/v2\/product_brand?post=2786"},{"taxonomy":"product_cat","embeddable":true,"href":"https:\/\/alizeja.lt\/en\/wp-json\/wp\/v2\/product_cat?post=2786"},{"taxonomy":"product_tag","embeddable":true,"href":"https:\/\/alizeja.lt\/en\/wp-json\/wp\/v2\/product_tag?post=2786"}],"curies":[{"name":"wp","href":"https:\/\/api.w.org\/{rel}","templated":true}]}}