{"id":2905,"date":"2026-03-17T19:17:49","date_gmt":"2026-03-17T19:17:49","guid":{"rendered":"https:\/\/alizeja.lt\/?post_type=product&#038;p=2905"},"modified":"2026-04-17T05:10:25","modified_gmt":"2026-04-17T05:10:25","slug":"prabangus-juodi-daugiasluoksniai-marskiniai-su-dekoracija","status":"publish","type":"product","link":"https:\/\/alizeja.lt\/en\/rubai\/prabangus-juodi-daugiasluoksniai-marskiniai-su-dekoracija\/","title":{"rendered":"Prabang\u016bs juodi daugiasluoksniai mar\u0161kiniai su dekoracija."},"content":{"rendered":"<p>&nbsp;<\/p>\n<p>&nbsp;<\/p>","protected":false},"excerpt":{"rendered":"<p><strong>Sukurkite nepriekai\u0161ting\u0105 ir modern\u0173 \u012fvaizd\u012f su \u0161iais unikalaus dizaino juodais mar\u0161kiniais. Tai drabu\u017eis, kuris sujungia klasikin\u0119 elegancij\u0105 su \u0161iuolaikin\u0117mis mados tendencijomis, puikiai tinkantis tiek verslo susitikimams, tiek \u0161ventin\u0117ms progoms.<\/strong><!--\/data\/user\/0\/com.samsung.android.app.notes\/files\/clipdata\/clipdata_bodytext_251026_215145_654.sdocx--><\/p>\n<p><strong><span class=\"T286Pc\" data-sfc-cp=\"\" data-sfc-cb=\"\" data-complete=\"true\" aria-owns=\"action-menu-parent-container\">Mar\u0161kiniai pasi\u017eymi asimetri\u0161ku, dviej\u0173 sluoksni\u0173 priekiu, kuris suteikia drabu\u017eiui apimties ir moderni\u0105 strukt\u016br\u0105.<\/span><\/strong><\/p>\n<p><strong><span class=\"T286Pc\" data-sfc-cp=\"\" data-sfc-cb=\"\" data-complete=\"true\" aria-owns=\"action-menu-parent-container\">Vir\u0161utin\u0117je dalyje esanti i\u0161skirtin\u0117 akut\u0117mis ir karoliukais, rankom i\u0161 siuvin\u0117ta detal\u0117 suteikia prabangos ir tarnauja kaip subtilus akcentas, nereikalaujantis papildom\u0173 papuo\u0161al\u0173.<\/span><\/strong><\/p>\n<p><strong><span class=\"T286Pc\" data-sfc-cp=\"\" data-sfc-cb=\"\" data-complete=\"true\" aria-owns=\"action-menu-parent-container\">Tvarkinga klasikin\u0117 apykakl\u0117 ir pasl\u0117ptas sag\u0173 u\u017esegimas i\u0161laiko oficial\u0173 stili\u0173.<\/span><\/strong><\/p>\n<p><strong><span class=\"T286Pc\" data-sfc-cp=\"\" data-sfc-cb=\"\" data-complete=\"true\" aria-owns=\"action-menu-parent-container\"><strong class=\"Yjhzub\" data-sfc-cb=\"\" data-complete=\"true\">Rankov\u0117s:<\/strong> ilgos, su klasikiniais rankogaliais.<\/span><\/strong><\/p>\n<p><strong>Pagaminta Turkijoje!<\/strong><\/p>\n<p><strong>Sud\u0117tis: 80% viskoz\u0117, 20% likra.<\/strong><\/p>\n<p><strong>M<\/strong><\/p>\n<p><strong>Bendras ilgis: 76 cm.,<\/strong><br \/>\n<strong> Kr\u016btin\u0117s apimtis: 118 cm.,<\/strong><br \/>\n<strong> Pe\u010di\u0173 plotis:41 cm.,<\/strong><br \/>\n<strong> Rankovi\u0173 ilgis: 63 cm.<\/strong><br \/>\n<strong> Klub\u0173 apimtis 126 cm.<\/strong><!--\/data\/user\/0\/com.samsung.android.app.notes\/files\/clipdata\/clipdata_bodytext_251026_215145_654.sdocx--><\/p>\n<p><strong>L<br \/>\n<\/strong><\/p>\n<p><strong>Bendras ilgis: 76 cm.,<\/strong><br \/>\n<strong> Kr\u016btin\u0117s apimtis: 122 cm.,<\/strong><br \/>\n<strong> Pe\u010di\u0173 plotis:42 cm.,<\/strong><br \/>\n<strong> Rankovi\u0173 ilgis: 63 cm.<\/strong><br \/>\n<strong> Klub\u0173 apimtis 132 cm.<\/strong><!--\/data\/user\/0\/com.samsung.android.app.notes\/files\/clipdata\/clipdata_bodytext_251026_215145_654.sdocx--><\/p>\n<p><strong>XL<\/strong><\/p>\n<p><strong>Bendras ilgis: 76 cm.,<\/strong><br \/>\n<strong> Kr\u016btin\u0117s apimtis: 126 cm.,<\/strong><br \/>\n<strong> Pe\u010di\u0173 plotis:42 cm.,<\/strong><br \/>\n<strong> Rankovi\u0173 ilgis: 63 cm.<\/strong><br \/>\n<strong> Klub\u0173 apimtis 132 cm.<\/strong><!--\/data\/user\/0\/com.samsung.android.app.notes\/files\/clipdata\/clipdata_bodytext_251026_215145_654.sdocx--><\/p>\n<p>&nbsp;<\/p>\n<p><strong>\u00a0<\/strong><\/p>\n<p>&nbsp;<\/p>\n<p>&nbsp;<\/p>","protected":false},"featured_media":2909,"comment_status":"open","ping_status":"closed","template":"","meta":{"_gspb_post_css":"","_kad_blocks_custom_css":"","_kad_blocks_head_custom_js":"","_kad_blocks_body_custom_js":"","_kad_blocks_footer_custom_js":""},"product_brand":[],"product_cat":[61,19],"product_tag":[],"class_list":{"0":"post-2905","1":"product","2":"type-product","3":"status-publish","4":"has-post-thumbnail","6":"product_cat-marskineliai","7":"product_cat-drabuziai","9":"first","10":"instock","11":"taxable","12":"shipping-taxable","13":"purchasable","14":"product-type-variable"},"supplier_id":null,"supplier_sku":"","barcode":null,"atum_controlled":true,"out_stock_date":null,"out_stock_threshold":null,"inheritable":true,"inbound_stock":null,"stock_on_hold":0,"sold_today":0,"sales_last_days":0,"reserved_stock":null,"customer_returns":null,"warehouse_damage":null,"lost_in_post":null,"other_logs":null,"out_stock_days":0,"lost_sales":0,"has_location":false,"update_date":"2026-05-15T02:35:28","atum_locations":[],"atum_stock_status":"instock","restock_status":false,"low_stock_amount":0,"sales_update_date":"2026-05-15T02:35:28","calc_backorders":null,"taxonomy_info":{"product_cat":[{"value":61,"label":"Mar\u0161kin\u0117liai"},{"value":19,"label":"Visi drabu\u017eiai"}]},"featured_image_src_large":["https:\/\/alizeja.lt\/wp-content\/uploads\/2026\/03\/1000018104-women-bottom-01_front-women-footwear-2_front-Nora-Warm-Studio-674x1024.png",674,1024,true],"author_info":[],"comment_info":0,"_links":{"self":[{"href":"https:\/\/alizeja.lt\/en\/wp-json\/wp\/v2\/product\/2905","targetHints":{"allow":["GET"]}}],"collection":[{"href":"https:\/\/alizeja.lt\/en\/wp-json\/wp\/v2\/product"}],"about":[{"href":"https:\/\/alizeja.lt\/en\/wp-json\/wp\/v2\/types\/product"}],"replies":[{"embeddable":true,"href":"https:\/\/alizeja.lt\/en\/wp-json\/wp\/v2\/comments?post=2905"}],"wp:featuredmedia":[{"embeddable":true,"href":"https:\/\/alizeja.lt\/en\/wp-json\/wp\/v2\/media\/2909"}],"wp:attachment":[{"href":"https:\/\/alizeja.lt\/en\/wp-json\/wp\/v2\/media?parent=2905"}],"wp:term":[{"taxonomy":"product_brand","embeddable":true,"href":"https:\/\/alizeja.lt\/en\/wp-json\/wp\/v2\/product_brand?post=2905"},{"taxonomy":"product_cat","embeddable":true,"href":"https:\/\/alizeja.lt\/en\/wp-json\/wp\/v2\/product_cat?post=2905"},{"taxonomy":"product_tag","embeddable":true,"href":"https:\/\/alizeja.lt\/en\/wp-json\/wp\/v2\/product_tag?post=2905"}],"curies":[{"name":"wp","href":"https:\/\/api.w.org\/{rel}","templated":true}]}}