{"id":2929,"date":"2026-03-19T11:20:52","date_gmt":"2026-03-19T11:20:52","guid":{"rendered":"https:\/\/alizeja.lt\/?post_type=product&#038;p=2929"},"modified":"2026-04-18T16:24:35","modified_gmt":"2026-04-18T16:24:35","slug":"klasikiniai-tiesaus-kirpimo-pilki-dzinsai","status":"publish","type":"product","link":"https:\/\/alizeja.lt\/en\/rubai\/klasikiniai-tiesaus-kirpimo-pilki-dzinsai\/","title":{"rendered":"Klasikiniai tiesaus kirpimo pilki d\u017einsai."},"content":{"rendered":"<div class=\"ct-accordion-tab\"><\/div>\n<div class=\"entry-content is-layout-constrained\">\n<div id=\"reviews\" class=\"woocommerce-Reviews\">\n<div id=\"comments\">\n<p>&nbsp;<\/p>\n<\/div>\n<div id=\"review_form_wrapper\">\n<div id=\"review_form\">\n<div id=\"respond\" class=\"comment-respond\">\n<p>&nbsp;<\/p>\n<form id=\"commentform\" class=\"comment-form has-labels-outside\" action=\"https:\/\/alizeja.lt\/wp-comments-post.php\" method=\"post\" data-trp-original-action=\"https:\/\/alizeja.lt\/wp-comments-post.php\">\n<div class=\"comment-form-rating\">\n<p>&nbsp;<\/p>\n<p class=\"stars\">\n<\/div>\n<p class=\"comment-form-field-textarea\"><label for=\"comment\"><\/label><textarea id=\"comment\" cols=\"45\" name=\"comment\" required=\"\" rows=\"8\"><\/textarea><\/p>\n<p class=\"ct-review-upload-section\">\n<input type=\"hidden\" name=\"trp-form-language\" value=\"en\"\/><\/form>\n<\/div>\n<\/div>\n<\/div>\n<\/div>\n<\/div>\n<div class=\"woocommerce-tabs wc-tabs-wrapper\" data-type=\"type-3:center\">\n<div class=\"ct-accordion-tab\">\n<article id=\"tab-reviews\" aria-hidden=\"true\" data-behaviour=\"drop-down\">\n<div class=\"entry-content is-layout-constrained\">\n<div id=\"reviews\" class=\"woocommerce-Reviews\">\n<div id=\"review_form_wrapper\">\n<div id=\"review_form\">\n<div id=\"respond\" class=\"comment-respond\">\n<form id=\"commentform\" class=\"comment-form has-labels-outside\" action=\"https:\/\/alizeja.lt\/wp-comments-post.php\" method=\"post\" data-trp-original-action=\"https:\/\/alizeja.lt\/wp-comments-post.php\">\n<p class=\"form-submit\">\n<input type=\"hidden\" name=\"trp-form-language\" value=\"en\"\/><\/form>\n<\/div>\n<\/div>\n<\/div>\n<\/div>\n<\/div>\n<\/article>\n<\/div>\n<\/div>\n<p><!--\/data\/user\/0\/com.samsung.android.app.notes\/files\/clipdata\/clipdata_bodytext_251110_125335_491.sdocx--><\/p>","protected":false},"excerpt":{"rendered":"<p><strong>Atraskite tobul\u0105 komforto ir stiliaus derin\u012f su \u0161iais pilko atspalvio d\u017einsais. Auk\u0161tintas liemuo\u00a0 vizualiai pailgina siluet\u0105, o tiesus, laisvai krentantis\u00a0 kirpimas suteikia modernumo bet kokiam \u012fvaizd\u017eiui. Pagaminti i\u0161 kokybi\u0161kos medviln\u0117s, \u0161ie d\u017einsai puikiai i\u0161laiko form\u0105.<\/strong><\/p>\n<p><strong><span class=\"T286Pc\" data-sfc-cp=\"\" data-sfc-root=\"c\" data-sfc-cb=\"\" data-complete=\"true\">Prie\u017ei\u016bra: Galima skalbti skalbimo ma\u0161inoje (rekomenduojama i\u0161versti \u012f kit\u0105 pus\u0119).<\/span><\/strong><\/p>\n<p><strong><span style=\"font-size: 17px;\">Sud\u0117tis: 79% medviln\u0117s, 19% poliesterio, 2% spandeksas.<\/span><\/strong><!--\/data\/user\/0\/com.samsung.android.app.notes\/files\/clipdata\/clipdata_bodytext_251027_144431_318.sdocx--><\/p>\n<div class=\"ct-accordion-tab\">\n<article id=\"tab-description\" class=\"\" aria-hidden=\"false\" data-behaviour=\"drop-down\">\n<div class=\"entry-content is-layout-constrained\"><strong>Modelio \u016bgis 176 cm<\/strong><\/div>\n<\/article>\n<\/div>\n<div class=\"entry-content is-layout-constrained\">\n<div id=\"reviews\" class=\"woocommerce-Reviews\">\n<div id=\"comments\">\n<article id=\"tab-description\" class=\"\" aria-hidden=\"false\" data-behaviour=\"drop-down\">\n<div class=\"entry-content is-layout-constrained\">\n<p><strong>D\u017einsai tempiasi.<\/strong><\/p>\n<p><strong>I\u0161matavimai:<\/strong><\/p>\n<p><strong>S <\/strong><\/p>\n<p><strong>Liemens apimtis: 70cm.,\u00a0 5 cm., gali temptis.<\/strong><\/p>\n<p><strong>Bendras ilgis: 101 cm<\/strong><\/p>\n<p><strong>\u0160laun\u0173 apimtis: 54 m tempiasi 6 cm..<\/strong><\/p>\n<p><strong>Klub\u0173 apimtis: 98cm tempiasi 10 cm..<\/strong><\/p>\n<p><strong>M<\/strong><\/p>\n<p><strong>Liemens apimtis: 78 cm., tempiasi dar 8 cm..<\/strong><\/p>\n<p><strong>Bendras ilgis: 101 cm<\/strong><\/p>\n<p><strong>\u0160laun\u0173 apimtis: 56 cm tempiasi 8 cm..<\/strong><\/p>\n<p><strong>Klubo apimtis: 100 cm.,tempiasi 10 cm.<\/strong><\/p>\n<p><strong>L<\/strong><\/p>\n<p><strong>Liemens apimtis: 80 cm., tempiasi 6 cm..<\/strong><\/p>\n<p><strong>Bendras ilgis: 104 cm<\/strong><\/p>\n<p><strong>\u0160laun\u0173 apimtis: 60 cm tempiasi 6 cm..<\/strong><\/p>\n<p><strong>Klub\u0173 apimtis: 108 cm., tempiasi 10 cm..<\/strong><\/p>\n<p><strong>XL<\/strong><\/p>\n<p><strong>Liemens apimtis: 84 cm., tempiasi 12 cm..<\/strong><\/p>\n<p><strong>Bendras ilgis: 104 cm<\/strong><\/p>\n<p><strong>\u0160laun\u0173 apimtis: 62 cm tempiasi 6 cm..<\/strong><\/p>\n<p><strong>Klub\u0173 apimtis: 110 cm., tempiasi apie 10 cm..<\/strong><\/p>\n<p><strong>XXL<\/strong><\/p>\n<\/div>\n<\/article>\n<p><strong>Liemens apimtis: 88 cm., tempiasi 12 cm..<\/strong><\/p>\n<p><strong>Bendras ilgis: 102 c<\/strong><\/p>\n<p><strong>\u0160laun\u0173 apimtis: 62 cm tempiasi 6 cm..<\/strong><\/p>\n<p><strong>Klub\u0173 apimtis: 116 cm., tempiasi 10 cm..<\/strong><\/p>\n<\/div>\n<\/div>\n<\/div>\n<p>&nbsp;<\/p>","protected":false},"featured_media":2936,"comment_status":"open","ping_status":"closed","template":"","meta":{"_gspb_post_css":"","_kad_blocks_custom_css":"","_kad_blocks_head_custom_js":"","_kad_blocks_body_custom_js":"","_kad_blocks_footer_custom_js":""},"product_brand":[],"product_cat":[21,19],"product_tag":[],"class_list":{"0":"post-2929","1":"product","2":"type-product","3":"status-publish","4":"has-post-thumbnail","6":"product_cat-kelnes","7":"product_cat-drabuziai","9":"first","10":"instock","11":"taxable","12":"shipping-taxable","13":"purchasable","14":"product-type-variable","15":"has-default-attributes"},"supplier_id":null,"supplier_sku":"","barcode":null,"atum_controlled":true,"out_stock_date":null,"out_stock_threshold":null,"inheritable":true,"inbound_stock":null,"stock_on_hold":0,"sold_today":0,"sales_last_days":0,"reserved_stock":null,"customer_returns":null,"warehouse_damage":null,"lost_in_post":null,"other_logs":null,"out_stock_days":0,"lost_sales":0,"has_location":false,"update_date":"2026-05-15T02:35:26","atum_locations":[],"atum_stock_status":"instock","restock_status":false,"low_stock_amount":0,"sales_update_date":"2026-05-15T02:35:26","calc_backorders":null,"taxonomy_info":{"product_cat":[{"value":21,"label":"Keln\u0117s"},{"value":19,"label":"Visi drabu\u017eiai"}]},"featured_image_src_large":["https:\/\/alizeja.lt\/wp-content\/uploads\/2026\/03\/1000018536-1000018537.j-women-footwear-2_front-Nora-Warm-Studio-2-2-674x1024.png",674,1024,true],"author_info":[],"comment_info":0,"_links":{"self":[{"href":"https:\/\/alizeja.lt\/en\/wp-json\/wp\/v2\/product\/2929","targetHints":{"allow":["GET"]}}],"collection":[{"href":"https:\/\/alizeja.lt\/en\/wp-json\/wp\/v2\/product"}],"about":[{"href":"https:\/\/alizeja.lt\/en\/wp-json\/wp\/v2\/types\/product"}],"replies":[{"embeddable":true,"href":"https:\/\/alizeja.lt\/en\/wp-json\/wp\/v2\/comments?post=2929"}],"wp:featuredmedia":[{"embeddable":true,"href":"https:\/\/alizeja.lt\/en\/wp-json\/wp\/v2\/media\/2936"}],"wp:attachment":[{"href":"https:\/\/alizeja.lt\/en\/wp-json\/wp\/v2\/media?parent=2929"}],"wp:term":[{"taxonomy":"product_brand","embeddable":true,"href":"https:\/\/alizeja.lt\/en\/wp-json\/wp\/v2\/product_brand?post=2929"},{"taxonomy":"product_cat","embeddable":true,"href":"https:\/\/alizeja.lt\/en\/wp-json\/wp\/v2\/product_cat?post=2929"},{"taxonomy":"product_tag","embeddable":true,"href":"https:\/\/alizeja.lt\/en\/wp-json\/wp\/v2\/product_tag?post=2929"}],"curies":[{"name":"wp","href":"https:\/\/api.w.org\/{rel}","templated":true}]}}