{"id":3006,"date":"2026-03-20T17:42:15","date_gmt":"2026-03-20T17:42:15","guid":{"rendered":"https:\/\/alizeja.lt\/?post_type=product&#038;p=3006"},"modified":"2026-04-16T20:18:55","modified_gmt":"2026-04-16T20:18:55","slug":"klasikiniai-zydri-marskiniai-su-juostom","status":"publish","type":"product","link":"https:\/\/alizeja.lt\/en\/rubai\/klasikiniai-zydri-marskiniai-su-juostom\/","title":{"rendered":"\u017eydri mar\u0161kiniai"},"content":{"rendered":"<p>&nbsp;<\/p>\n<p>&nbsp;<\/p>","protected":false},"excerpt":{"rendered":"<p><strong><span class=\"T286Pc\" data-sfc-cp=\"\" data-sfc-root=\"c\" data-sfc-cb=\"\" data-complete=\"true\">Subtil\u016bs, vertikal\u016bs, \u017eydri ir balti dry\u017eeliai, vizualiai ilgina siluet\u0105.<\/span><\/strong><\/p>\n<p><strong><span class=\"T286Pc\" data-sfc-cp=\"\" data-sfc-root=\"c\" data-sfc-cb=\"\" data-complete=\"true\">Laisvo kirpimo nugaros dalyje, apa\u010dioje, yra guma kuri kei\u010dia model\u012f i\u0161 esm\u0117s,\u00a0 u\u017etikrinantis patogum\u0105 ir jud\u0117jimo laisv\u0119.<\/span><\/strong><\/p>\n<p><strong><span class=\"T286Pc\" data-sfc-cp=\"\" data-sfc-root=\"c\" data-sfc-cb=\"\" data-complete=\"true\">Klasikin\u0117 apykakl\u0117, ilgos rankov\u0117s su sagomis u\u017esegamais rankogaliais ir vientisas u\u017esegimas sagomis priekyje.<\/span><\/strong><\/p>\n<p><strong><span class=\"T286Pc\" data-sfc-cp=\"\" data-sfc-root=\"c\" data-sfc-cb=\"\" data-complete=\"true\">Pagaminta i\u0161 lengvos medviln\u0117s, tod\u0117l audinys yra pralaidus orui ir malonus odai.<\/span><\/strong><\/p>\n<p><strong>Sud\u0117tis: 71% medviln\u0117s, 25% poliamidas, 4%elastanas.<\/strong><\/p>\n<p><strong>Pagaminta Turkijoje.<\/strong><\/p>\n<p><strong>Dydis: <\/strong><\/p>\n<p><strong>36<\/strong><\/p>\n<p><strong>Pe\u010di\u0173 plotis: 44 cm<\/strong><\/p>\n<p><strong>Rankov\u0117s ilgis: 60 cm<\/strong><\/p>\n<p><strong>Kr\u016btin\u0117s apimtis: 100 cm<\/strong><\/p>\n<p><strong>Juosmens apimtis: 100 cm., gali i\u0161sitempti iki 114 cm.<\/strong><\/p>\n<p><strong>Bendras ilgis: 55 cm<\/strong><\/p>\n<p><strong>38<\/strong><\/p>\n<p><strong>Pe\u010di\u0173 plotis: 46 cm<\/strong><\/p>\n<p><strong>Rankov\u0117s ilgis: 61 cm<\/strong><\/p>\n<p><strong>Kr\u016btin\u0117s apimtis: 115 cm<\/strong><\/p>\n<p><strong>Juosmens apimtis: 106 cm., gali i\u0161sitempti iki 120 cm.<br \/>\n<\/strong><\/p>\n<p><strong>Bendras ilgis: 55,5 cm<\/strong><\/p>\n<p><strong>40<\/strong><\/p>\n<p><strong>Pe\u010di\u0173 plotis: 48 cm<\/strong><\/p>\n<p><strong>Rankov\u0117s ilgis: 61 cm<\/strong><\/p>\n<p><strong>Kr\u016btin\u0117s apimtis: 120 cm<\/strong><\/p>\n<p><strong>Juosmens apimtis: 110 cm., gali i\u0161sitempti iki 124 cm.<\/strong><\/p>\n<p><strong>Bendras ilgis: 57 cm<\/strong><\/p>\n<p><strong>42<\/strong><\/p>\n<p><strong>Pe\u010di\u0173 plotis: 48 cm<\/strong><\/p>\n<p><strong>Rankov\u0117s ilgis: 61 cm<\/strong><\/p>\n<p><strong>Kr\u016btin\u0117s apimtis: 130\u00a0 cm<\/strong><\/p>\n<p><strong>Juosmens apimtis: 116 cm., gali i\u0161sitempti iki 130 cm.<\/strong><\/p>\n<p><strong>Bendras ilgis: 61 cm<\/strong><\/p>\n<p><strong>44<\/strong><\/p>\n<p><strong>Pe\u010di\u0173 plotis: 48 cm<\/strong><\/p>\n<p><strong>Rankov\u0117s ilgis: 63 cm<\/strong><\/p>\n<p><strong>Kr\u016btin\u0117s apimtis: 140 cm<\/strong><\/p>\n<p><strong>Juosmens apimtis: 118 cm., gali i\u0161sitempti iki 132 cm.<\/strong><\/p>\n<p><strong>Bendras ilgis: 61 cm<\/strong><\/p>","protected":false},"featured_media":3013,"comment_status":"open","ping_status":"closed","template":"","meta":{"_gspb_post_css":"","_kad_blocks_custom_css":"","_kad_blocks_head_custom_js":"","_kad_blocks_body_custom_js":"","_kad_blocks_footer_custom_js":""},"product_brand":[],"product_cat":[61,19],"product_tag":[],"class_list":{"0":"post-3006","1":"product","2":"type-product","3":"status-publish","4":"has-post-thumbnail","6":"product_cat-marskineliai","7":"product_cat-drabuziai","9":"first","10":"instock","11":"taxable","12":"shipping-taxable","13":"purchasable","14":"product-type-variable","15":"has-default-attributes"},"supplier_id":null,"supplier_sku":"","barcode":null,"atum_controlled":true,"out_stock_date":null,"out_stock_threshold":null,"inheritable":true,"inbound_stock":null,"stock_on_hold":0,"sold_today":0,"sales_last_days":0,"reserved_stock":null,"customer_returns":null,"warehouse_damage":null,"lost_in_post":null,"other_logs":null,"out_stock_days":0,"lost_sales":0,"has_location":false,"update_date":"2026-05-15T02:35:28","atum_locations":[],"atum_stock_status":"instock","restock_status":false,"low_stock_amount":0,"sales_update_date":"2026-05-15T02:35:28","calc_backorders":null,"taxonomy_info":{"product_cat":[{"value":61,"label":"Mar\u0161kin\u0117liai"},{"value":19,"label":"Visi drabu\u017eiai"}]},"featured_image_src_large":["https:\/\/alizeja.lt\/wp-content\/uploads\/2026\/03\/1000018075-women-bottom-01_front-women-footwear-2_front-Nora-Warm-Studio-2-674x1024.png",674,1024,true],"author_info":[],"comment_info":0,"_links":{"self":[{"href":"https:\/\/alizeja.lt\/en\/wp-json\/wp\/v2\/product\/3006","targetHints":{"allow":["GET"]}}],"collection":[{"href":"https:\/\/alizeja.lt\/en\/wp-json\/wp\/v2\/product"}],"about":[{"href":"https:\/\/alizeja.lt\/en\/wp-json\/wp\/v2\/types\/product"}],"replies":[{"embeddable":true,"href":"https:\/\/alizeja.lt\/en\/wp-json\/wp\/v2\/comments?post=3006"}],"wp:featuredmedia":[{"embeddable":true,"href":"https:\/\/alizeja.lt\/en\/wp-json\/wp\/v2\/media\/3013"}],"wp:attachment":[{"href":"https:\/\/alizeja.lt\/en\/wp-json\/wp\/v2\/media?parent=3006"}],"wp:term":[{"taxonomy":"product_brand","embeddable":true,"href":"https:\/\/alizeja.lt\/en\/wp-json\/wp\/v2\/product_brand?post=3006"},{"taxonomy":"product_cat","embeddable":true,"href":"https:\/\/alizeja.lt\/en\/wp-json\/wp\/v2\/product_cat?post=3006"},{"taxonomy":"product_tag","embeddable":true,"href":"https:\/\/alizeja.lt\/en\/wp-json\/wp\/v2\/product_tag?post=3006"}],"curies":[{"name":"wp","href":"https:\/\/api.w.org\/{rel}","templated":true}]}}