{"id":3066,"date":"2026-03-22T08:14:34","date_gmt":"2026-03-22T08:14:34","guid":{"rendered":"https:\/\/alizeja.lt\/?post_type=product&#038;p=3066"},"modified":"2026-04-14T08:57:44","modified_gmt":"2026-04-14T08:57:44","slug":"palaidine-18","status":"publish","type":"product","link":"https:\/\/alizeja.lt\/en\/rubai\/palaidine-18\/","title":{"rendered":"Palaidin\u0117."},"content":{"rendered":"","protected":false},"excerpt":{"rendered":"<p style=\"box-sizing: border-box; margin: 0px; padding: 0px; border: none; font-variant-numeric: inherit; font-variant-east-asian: inherit; font-variant-alternates: inherit; font-variant-position: inherit; font-stretch: inherit; line-height: inherit; font-family: Montserrat, sans-serif; font-optical-sizing: inherit; font-size-adjust: inherit; font-kerning: inherit; font-feature-settings: inherit; font-variation-settings: inherit; margin-block-end: var(--theme-content-spacing); color: #222222;\"><strong><span style=\"box-sizing: border-box; color: #0a0a0a; font-family: 'Google Sans', Roboto, Arial, sans-serif;\">Pagaminta i\u0161 ypa\u010d malonaus audinio, \u0161i palaidin\u0117 apgaubs tave \u0161velnumu ir leis jaustis patogiai vis\u0105 dien\u0105.\u00a0<\/span><\/strong><\/p>\n<p><strong>Pagaminta Turkijoje.<\/strong><\/p>\n<p><strong>Sud\u0117tis: 95% medviln\u0117, 5% elastanas.<\/strong><\/p>\n<p><strong>I\u0161matavimai:<\/strong><\/p>\n<p><strong>34 &#8211; XS<\/strong><\/p>\n<ul>\n<li><strong>Ilgis: 60 cm<\/strong><\/li>\n<li><strong>Pe\u010di\u0173 plo.: 37 cm<\/strong><\/li>\n<li><strong>Rankov\u0117s: 23 cm<\/strong><\/li>\n<li><strong>Kr\u016btin\u0117: 90 cm<\/strong><\/li>\n<li><strong>Apa\u010dia: 94 cm<\/strong><\/li>\n<\/ul>\n<p><strong>36 &#8211; S<\/strong><\/p>\n<ul>\n<li><strong>Ilgis: 61 cm<\/strong><\/li>\n<li><strong>Pe\u010di\u0173 p.: 39,5 cm<\/strong><\/li>\n<li><strong>Rankov\u0117s: 23 cm<\/strong><\/li>\n<li><strong>Kr\u016btin\u0117: 98 cm<\/strong><\/li>\n<li><strong>Apa\u010dia: 102 cm<\/strong><\/li>\n<\/ul>\n<p><strong>40 &#8211; L<\/strong><\/p>\n<ul>\n<li><strong>Ilgis: 66 cm<\/strong><\/li>\n<li><strong>Pe\u010di\u0173 p.: 41\u00a0 cm<\/strong><\/li>\n<li><strong>Rankov\u0117s: 23 cm<\/strong><\/li>\n<li><strong>Kr\u016btin\u0117 : 108 cm<\/strong><\/li>\n<li><strong>Apa\u010dia: 107 cm<\/strong><\/li>\n<\/ul>\n<p>&nbsp;<\/p>\n<p><strong>\u00a0<\/strong><\/p>","protected":false},"featured_media":3055,"comment_status":"open","ping_status":"closed","template":"","meta":{"_gspb_post_css":"","_kad_blocks_custom_css":"","_kad_blocks_head_custom_js":"","_kad_blocks_body_custom_js":"","_kad_blocks_footer_custom_js":""},"product_brand":[],"product_cat":[34,19],"product_tag":[],"class_list":{"0":"post-3066","1":"product","2":"type-product","3":"status-publish","4":"has-post-thumbnail","6":"product_cat-palaidines","7":"product_cat-drabuziai","9":"first","10":"instock","11":"taxable","12":"shipping-taxable","13":"purchasable","14":"product-type-variable","15":"has-default-attributes"},"supplier_id":null,"supplier_sku":"","barcode":null,"atum_controlled":true,"out_stock_date":null,"out_stock_threshold":null,"inheritable":true,"inbound_stock":null,"stock_on_hold":0,"sold_today":0,"sales_last_days":0,"reserved_stock":null,"customer_returns":null,"warehouse_damage":null,"lost_in_post":null,"other_logs":null,"out_stock_days":0,"lost_sales":0,"has_location":false,"update_date":"2026-05-15T02:35:26","atum_locations":[],"atum_stock_status":"instock","restock_status":false,"low_stock_amount":0,"sales_update_date":"2026-05-15T02:35:26","calc_backorders":null,"taxonomy_info":{"product_cat":[{"value":34,"label":"Palaidin\u0117s"},{"value":19,"label":"Visi drabu\u017eiai"}]},"featured_image_src_large":["https:\/\/alizeja.lt\/wp-content\/uploads\/2025\/10\/1000018086-women-bottom-01_front-women-footwear-2_front-Nora-Warm-Studio-674x1024.png",674,1024,true],"author_info":[],"comment_info":0,"_links":{"self":[{"href":"https:\/\/alizeja.lt\/en\/wp-json\/wp\/v2\/product\/3066","targetHints":{"allow":["GET"]}}],"collection":[{"href":"https:\/\/alizeja.lt\/en\/wp-json\/wp\/v2\/product"}],"about":[{"href":"https:\/\/alizeja.lt\/en\/wp-json\/wp\/v2\/types\/product"}],"replies":[{"embeddable":true,"href":"https:\/\/alizeja.lt\/en\/wp-json\/wp\/v2\/comments?post=3066"}],"wp:featuredmedia":[{"embeddable":true,"href":"https:\/\/alizeja.lt\/en\/wp-json\/wp\/v2\/media\/3055"}],"wp:attachment":[{"href":"https:\/\/alizeja.lt\/en\/wp-json\/wp\/v2\/media?parent=3066"}],"wp:term":[{"taxonomy":"product_brand","embeddable":true,"href":"https:\/\/alizeja.lt\/en\/wp-json\/wp\/v2\/product_brand?post=3066"},{"taxonomy":"product_cat","embeddable":true,"href":"https:\/\/alizeja.lt\/en\/wp-json\/wp\/v2\/product_cat?post=3066"},{"taxonomy":"product_tag","embeddable":true,"href":"https:\/\/alizeja.lt\/en\/wp-json\/wp\/v2\/product_tag?post=3066"}],"curies":[{"name":"wp","href":"https:\/\/api.w.org\/{rel}","templated":true}]}}