{"id":3087,"date":"2026-03-23T13:40:06","date_gmt":"2026-03-23T13:40:06","guid":{"rendered":"https:\/\/alizeja.lt\/?post_type=product&#038;p=3087"},"modified":"2026-05-05T19:03:01","modified_gmt":"2026-05-05T19:03:01","slug":"marskineliai-8","status":"publish","type":"product","link":"https:\/\/alizeja.lt\/en\/rubai\/marskineliai-8\/","title":{"rendered":"Mar\u0161kin\u0117liai."},"content":{"rendered":"<p>&nbsp;<\/p>\n<p>&nbsp;<\/p>\n<p>&nbsp;<\/p>","protected":false},"excerpt":{"rendered":"<p><strong><span class=\"T286Pc\" data-sfc-cp=\"\" data-sfc-root=\"c\" data-sfc-cb=\"\" data-complete=\"true\">Laisvo kirpimo nugaros dalyje yra \u012fsiuvas,\u00a0 u\u017etikrinantis patogum\u0105 ir jud\u0117jimo laisv\u0119.<\/span><\/strong><\/p>\n<p><strong><span class=\"T286Pc\" data-sfc-cp=\"\" data-sfc-root=\"c\" data-sfc-cb=\"\" data-complete=\"true\">Trumpa apykakl\u0117, ilgos rankov\u0117s su sagomis u\u017esegamais rankogaliais ir vientisas u\u017esegimas sagomis priekyje.<\/span><\/strong><\/p>\n<p><strong><span class=\"T286Pc\" data-sfc-cp=\"\" data-sfc-root=\"c\" data-sfc-cb=\"\" data-complete=\"true\">Pagaminta i\u0161 lengvos viskoz\u0117s, tod\u0117l audinys yra pralaidus orui ir malonus odai.<\/span><\/strong><\/p>\n<p><strong>Sud\u0117tis: 100% viskoz\u0117.<\/strong><\/p>\n<p><strong>Pagaminta Turkijoje.<\/strong><\/p>\n<p><strong>Dydis: <\/strong><\/p>\n<p><strong>36<\/strong><\/p>\n<p><strong>Pe\u010di\u0173 plotis: 38 cm<\/strong><\/p>\n<p><strong>Rankov\u0117s ilgis: 62 cm<\/strong><\/p>\n<p><strong>Kr\u016btin\u0117s apimtis: 90 cm<\/strong><\/p>\n<p><strong>Juosmens apimtis: 109 cm.,<\/strong><\/p>\n<p><strong>Bendras ilgis: 62 cm<\/strong><\/p>\n<p><strong>38<\/strong><\/p>\n<p><strong>Pe\u010di\u0173 plotis: 44 cm<\/strong><\/p>\n<p><strong>Rankov\u0117s ilgis: 62 cm<\/strong><\/p>\n<p><strong>Kr\u016btin\u0117s apimtis: 98 cm<\/strong><\/p>\n<p><strong>Juosmens apimtis: 110 cm<\/strong><\/p>\n<p><strong>Bendras ilgis: 62 cm<\/strong><\/p>","protected":false},"featured_media":3094,"comment_status":"open","ping_status":"closed","template":"","meta":{"_gspb_post_css":"","_kad_blocks_custom_css":"","_kad_blocks_head_custom_js":"","_kad_blocks_body_custom_js":"","_kad_blocks_footer_custom_js":""},"product_brand":[],"product_cat":[61,19],"product_tag":[],"class_list":{"0":"post-3087","1":"product","2":"type-product","3":"status-publish","4":"has-post-thumbnail","6":"product_cat-marskineliai","7":"product_cat-drabuziai","9":"first","10":"instock","11":"taxable","12":"shipping-taxable","13":"purchasable","14":"product-type-variable"},"supplier_id":null,"supplier_sku":"","barcode":null,"atum_controlled":true,"out_stock_date":null,"out_stock_threshold":null,"inheritable":true,"inbound_stock":null,"stock_on_hold":0,"sold_today":0,"sales_last_days":1,"reserved_stock":null,"customer_returns":null,"warehouse_damage":null,"lost_in_post":null,"other_logs":null,"out_stock_days":0,"lost_sales":0,"has_location":false,"update_date":"2026-05-15T02:35:31","atum_locations":[],"atum_stock_status":"instock","restock_status":false,"low_stock_amount":0,"sales_update_date":"2026-05-15T02:35:31","calc_backorders":null,"taxonomy_info":{"product_cat":[{"value":61,"label":"Mar\u0161kin\u0117liai"},{"value":19,"label":"Visi drabu\u017eiai"}]},"featured_image_src_large":["https:\/\/alizeja.lt\/wp-content\/uploads\/2026\/03\/1000018066-women-bottom-02_front-women-footwear-2_front-Sophia-Warm-Studio-1-674x1024.png",674,1024,true],"author_info":[],"comment_info":0,"_links":{"self":[{"href":"https:\/\/alizeja.lt\/en\/wp-json\/wp\/v2\/product\/3087","targetHints":{"allow":["GET"]}}],"collection":[{"href":"https:\/\/alizeja.lt\/en\/wp-json\/wp\/v2\/product"}],"about":[{"href":"https:\/\/alizeja.lt\/en\/wp-json\/wp\/v2\/types\/product"}],"replies":[{"embeddable":true,"href":"https:\/\/alizeja.lt\/en\/wp-json\/wp\/v2\/comments?post=3087"}],"wp:featuredmedia":[{"embeddable":true,"href":"https:\/\/alizeja.lt\/en\/wp-json\/wp\/v2\/media\/3094"}],"wp:attachment":[{"href":"https:\/\/alizeja.lt\/en\/wp-json\/wp\/v2\/media?parent=3087"}],"wp:term":[{"taxonomy":"product_brand","embeddable":true,"href":"https:\/\/alizeja.lt\/en\/wp-json\/wp\/v2\/product_brand?post=3087"},{"taxonomy":"product_cat","embeddable":true,"href":"https:\/\/alizeja.lt\/en\/wp-json\/wp\/v2\/product_cat?post=3087"},{"taxonomy":"product_tag","embeddable":true,"href":"https:\/\/alizeja.lt\/en\/wp-json\/wp\/v2\/product_tag?post=3087"}],"curies":[{"name":"wp","href":"https:\/\/api.w.org\/{rel}","templated":true}]}}