{"id":3126,"date":"2026-03-23T18:10:03","date_gmt":"2026-03-23T18:10:03","guid":{"rendered":"https:\/\/alizeja.lt\/?post_type=product&#038;p=3126"},"modified":"2026-05-15T16:29:46","modified_gmt":"2026-05-15T16:29:46","slug":"puosni-palaidine-3","status":"publish","type":"product","link":"https:\/\/alizeja.lt\/en\/rubai\/puosni-palaidine-3\/","title":{"rendered":"Puo\u0161ni Palaidin\u0117."},"content":{"rendered":"","protected":false},"excerpt":{"rendered":"<p><strong>Palaidin\u0117 yra puikus pasirinkimas \u0161vent\u0117ms ar nuotykiams mieste.<br \/>\n<\/strong><\/p>\n<p><strong>Tinka S, M, L, XL<\/strong><\/p>\n<p><strong>Megztas audinys, bet plonas, labai \u0161velnus, tamprus audinys.<\/strong><\/p>\n<p><strong>Palaidin\u0117\u00a0 su blizgu\u010diu, vos matomas.<br \/>\n<\/strong><\/p>\n<p><strong>Sud\u0117tis: 55% viskoz\u0117s, 25% nailonas,\u00a0 20% poliesteris.<\/strong><\/p>\n<p><strong>Prie\u017ei\u016bra: skalbimas 30 laipsni\u0173 tem., d\u017eiovykl\u0117je d\u017eiovinti NEGALIMA, pakabinus d\u017eiovinti negalima, tik ant lygaus pavir\u0161iaus,\u00a0 horizontaliai i\u0161skleisti.<\/strong><\/p>\n<p><strong>I\u0161matavimai:<\/strong><\/p>\n<ul>\n<li><strong>Ilgis: 52 cm<\/strong><\/li>\n<li><strong>Pe\u010di\u0173 plo.: 38 cm<\/strong><\/li>\n<li><strong>Rankov\u0117s: 26 cm<\/strong><\/li>\n<li><strong>Kr\u016btin\u0117: ne i\u0161 temta 96 cm., i\u0161 temta 110 cm<\/strong><\/li>\n<li><strong>Apa\u010dia:\u00a0 ne i\u0161 temta 74 cm., i\u0161 temta 96 cm<\/strong><\/li>\n<\/ul>","protected":false},"featured_media":3119,"comment_status":"open","ping_status":"closed","template":"","meta":{"_gspb_post_css":"","_kad_blocks_custom_css":"","_kad_blocks_head_custom_js":"","_kad_blocks_body_custom_js":"","_kad_blocks_footer_custom_js":""},"product_brand":[],"product_cat":[34,19],"product_tag":[],"class_list":{"0":"post-3126","1":"product","2":"type-product","3":"status-publish","4":"has-post-thumbnail","6":"product_cat-palaidines","7":"product_cat-drabuziai","9":"first","10":"instock","11":"taxable","12":"shipping-taxable","13":"purchasable","14":"product-type-variable","15":"has-default-attributes"},"supplier_id":null,"supplier_sku":"","barcode":null,"atum_controlled":true,"out_stock_date":null,"out_stock_threshold":null,"inheritable":true,"inbound_stock":null,"stock_on_hold":1,"sold_today":1,"sales_last_days":1,"reserved_stock":null,"customer_returns":null,"warehouse_damage":null,"lost_in_post":null,"other_logs":null,"out_stock_days":0,"lost_sales":0,"has_location":false,"update_date":"2026-05-15T16:30:47","atum_locations":[],"atum_stock_status":"instock","restock_status":false,"low_stock_amount":0,"sales_update_date":"2026-05-15T02:35:26","calc_backorders":null,"taxonomy_info":{"product_cat":[{"value":34,"label":"Palaidin\u0117s"},{"value":19,"label":"Visi drabu\u017eiai"}]},"featured_image_src_large":["https:\/\/alizeja.lt\/wp-content\/uploads\/2026\/03\/1000018871-1000018611-women-footwear-1_front-Sophia-Warm-Studio-2-1-1003x1024.png",1003,1024,true],"author_info":[],"comment_info":0,"_links":{"self":[{"href":"https:\/\/alizeja.lt\/en\/wp-json\/wp\/v2\/product\/3126","targetHints":{"allow":["GET"]}}],"collection":[{"href":"https:\/\/alizeja.lt\/en\/wp-json\/wp\/v2\/product"}],"about":[{"href":"https:\/\/alizeja.lt\/en\/wp-json\/wp\/v2\/types\/product"}],"replies":[{"embeddable":true,"href":"https:\/\/alizeja.lt\/en\/wp-json\/wp\/v2\/comments?post=3126"}],"wp:featuredmedia":[{"embeddable":true,"href":"https:\/\/alizeja.lt\/en\/wp-json\/wp\/v2\/media\/3119"}],"wp:attachment":[{"href":"https:\/\/alizeja.lt\/en\/wp-json\/wp\/v2\/media?parent=3126"}],"wp:term":[{"taxonomy":"product_brand","embeddable":true,"href":"https:\/\/alizeja.lt\/en\/wp-json\/wp\/v2\/product_brand?post=3126"},{"taxonomy":"product_cat","embeddable":true,"href":"https:\/\/alizeja.lt\/en\/wp-json\/wp\/v2\/product_cat?post=3126"},{"taxonomy":"product_tag","embeddable":true,"href":"https:\/\/alizeja.lt\/en\/wp-json\/wp\/v2\/product_tag?post=3126"}],"curies":[{"name":"wp","href":"https:\/\/api.w.org\/{rel}","templated":true}]}}