{"id":3252,"date":"2026-04-03T15:53:01","date_gmt":"2026-04-03T15:53:01","guid":{"rendered":"https:\/\/alizeja.lt\/?post_type=product&#038;p=3252"},"modified":"2026-04-03T15:53:01","modified_gmt":"2026-04-03T15:53:01","slug":"lietpaltis","status":"publish","type":"product","link":"https:\/\/alizeja.lt\/en\/rubai\/lietpaltis\/","title":{"rendered":"lietpaltis"},"content":{"rendered":"<p>XL<\/p>\n<p>Bendras ilgis: 92 cm<\/p>\n<p>Rankovi\u0173 ilgis: 60 cm., bet galima sutrumpinti iki 40 cm.<\/p>\n<p>Liemens apimtis: 106 cm., galima sutraukti 67 cm ir labai gra\u017eiai atrodo<\/p>\n<p>Pe\u010di\u0173 plotis: 44 cm<\/p>\n<p>XXL<\/p>\n<p>Bendras ilgis: 91 cm<\/p>\n<p>Rankovi\u0173 ilgis: 61 cm., bet galima sutrumpinti iki 40 cm.<\/p>\n<p>Liemens apimtis: 116 cm galima sutraukti 76 cm ir labai gra\u017eiai atrodo.<\/p>\n<p>Pe\u010di\u0173 plotis: 46 cm<\/p>\n<p>XXXL<\/p>\n<p>Bendras ilgis: 92 cm<\/p>\n<p>Rankovi\u0173 ilgis: 61 cm., bet galima sutrumpinti iki 40 cm.<\/p>\n<p>Liemens apimtis: 120 cm galima sutraukti 76 cm ir labai gra\u017eiai atrodo.<\/p>\n<p>Pe\u010di\u0173 plotis: 43 cm<\/p>","protected":false},"excerpt":{"rendered":"<p><strong>Lietpaltis tinka ne\u0161ioti \u0161iltam Pavasariui, Vasarai, Rudeniui.<\/strong><\/p>\n<p><strong>Plonas, be pamu\u0161alo. Yra dvi ki\u0161en\u0117s, n\u0117ra u\u017e segimo, susiri\u0161a, taip galima reguliuoti juosmen\u012f.<\/strong><\/p>\n<p><strong>Tinka ne\u0161ioti\u00a0 S rekomenduoju XL dyd\u012f, tikrai tinka, nes reguliuojasi liemuo, patikrinau ant savo dukros.<\/strong><\/p>\n<p><strong> M rekomenduoju rinktis\u00a0 XL dyd\u012f, tikrai tinka, nes reguliuojasi liemuo.<br \/>\n<\/strong><\/p>\n<p><strong>L <\/strong><strong>rekomenduoju rinktis\u00a0 XL dyd\u012f, tikrai tinka, nes reguliuojasi liemuo.<br \/>\n<\/strong><\/p>\n<p><strong>L, XL, XXL, XXXL<\/strong><\/p>\n<p><strong>Reguliuojasi rankovi\u0173 ilgis, yra dir\u017eelis kuris susega ir sutrumpina rankov\u0119.<\/strong><\/p>\n<p><strong>\u00a0Med\u017eiagos sud\u0117tis: 95% polesteris, 5% spandeksas.<\/strong><\/p>\n<p><strong>Tiksl\u016bs i\u0161matavimai apra\u0161ymuose!<\/strong><\/p>","protected":false},"featured_media":3249,"comment_status":"closed","ping_status":"closed","template":"","meta":{"_gspb_post_css":"","_kad_blocks_custom_css":"","_kad_blocks_head_custom_js":"","_kad_blocks_body_custom_js":"","_kad_blocks_footer_custom_js":""},"product_brand":[],"product_cat":[19,47],"product_tag":[],"class_list":{"0":"post-3252","1":"product","2":"type-product","3":"status-publish","4":"has-post-thumbnail","6":"product_cat-drabuziai","7":"product_cat-striukes","9":"first","10":"instock","11":"taxable","12":"shipping-taxable","13":"purchasable","14":"product-type-variable","15":"has-default-attributes"},"supplier_id":null,"supplier_sku":"","barcode":null,"atum_controlled":true,"out_stock_date":null,"out_stock_threshold":null,"inheritable":true,"inbound_stock":null,"stock_on_hold":0,"sold_today":0,"sales_last_days":0,"reserved_stock":null,"customer_returns":null,"warehouse_damage":null,"lost_in_post":null,"other_logs":null,"out_stock_days":0,"lost_sales":0,"has_location":false,"update_date":"2026-04-15T00:41:09","atum_locations":[],"atum_stock_status":"instock","restock_status":false,"low_stock_amount":"","sales_update_date":"2026-04-15T00:41:09","calc_backorders":null,"taxonomy_info":{"product_cat":[{"value":19,"label":"Visi drabu\u017eiai"},{"value":47,"label":"Striuk\u0117s"}]},"featured_image_src_large":["https:\/\/alizeja.lt\/wp-content\/uploads\/2026\/04\/1000019146-women-footwear-2_front-Clara-Warm-Studio-674x1024.png",674,1024,true],"author_info":[],"comment_info":0,"_links":{"self":[{"href":"https:\/\/alizeja.lt\/en\/wp-json\/wp\/v2\/product\/3252","targetHints":{"allow":["GET"]}}],"collection":[{"href":"https:\/\/alizeja.lt\/en\/wp-json\/wp\/v2\/product"}],"about":[{"href":"https:\/\/alizeja.lt\/en\/wp-json\/wp\/v2\/types\/product"}],"replies":[{"embeddable":true,"href":"https:\/\/alizeja.lt\/en\/wp-json\/wp\/v2\/comments?post=3252"}],"wp:featuredmedia":[{"embeddable":true,"href":"https:\/\/alizeja.lt\/en\/wp-json\/wp\/v2\/media\/3249"}],"wp:attachment":[{"href":"https:\/\/alizeja.lt\/en\/wp-json\/wp\/v2\/media?parent=3252"}],"wp:term":[{"taxonomy":"product_brand","embeddable":true,"href":"https:\/\/alizeja.lt\/en\/wp-json\/wp\/v2\/product_brand?post=3252"},{"taxonomy":"product_cat","embeddable":true,"href":"https:\/\/alizeja.lt\/en\/wp-json\/wp\/v2\/product_cat?post=3252"},{"taxonomy":"product_tag","embeddable":true,"href":"https:\/\/alizeja.lt\/en\/wp-json\/wp\/v2\/product_tag?post=3252"}],"curies":[{"name":"wp","href":"https:\/\/api.w.org\/{rel}","templated":true}]}}