{"id":3298,"date":"2026-04-13T17:49:06","date_gmt":"2026-04-13T17:49:06","guid":{"rendered":"https:\/\/alizeja.lt\/?post_type=product&#038;p=3298"},"modified":"2026-04-13T17:52:57","modified_gmt":"2026-04-13T17:52:57","slug":"suknele-2","status":"publish","type":"product","link":"https:\/\/alizeja.lt\/en\/rubai\/suknele-2\/","title":{"rendered":"Suknel\u0117"},"content":{"rendered":"","protected":false},"excerpt":{"rendered":"<p><strong>Ilga suknel\u0117. Plonas, \u0161velnus audinys. Vir\u0161utin\u0117 dalis \u0161iek tiek\u00a0 tempiasi.<\/strong><\/p>\n<p><strong>Yra dvi ki\u0161en\u0117s.<\/strong><\/p>\n<p><strong>Pagaminta Italijoje. <\/strong><\/p>\n<p><strong>Med\u017eiagos sud\u0117tis: 100% medviln\u0117s.<\/strong><\/p>\n<p><strong>Tinka ne\u0161ioti nuo\u00a0 M, L, XL, XXL<\/strong><\/p>\n<p><strong>Modelio \u016bgis 176 cm<\/strong><\/p>\n<p><strong>Bendras ilgis: 130 cm<br \/>\n<\/strong><\/p>\n<p><strong>Kr\u016btin\u0117s apimtis: ne i\u0161 temtas 88cm.,\u00a0 i\u0161 temta 110 cm.<br \/>\n<\/strong><\/p>\n<p><strong>Liemens apimtis: ne i\u0161 temtas 84 cm.,\u00a0 i\u0161 temta 110 cm.<br \/>\n<\/strong><\/p>\n<p><strong>Rankovi\u0173 ilgis: 60 cm <\/strong><\/p>\n<p><strong>Pe\u010di\u0173 plotis: 39 cm<\/strong><\/p>\n<p><strong>Klub\u0173 apimtis: 140 cm<\/strong><\/p>","protected":false},"featured_media":3300,"comment_status":"closed","ping_status":"closed","template":"","meta":{"_gspb_post_css":"","_kad_blocks_custom_css":"","_kad_blocks_head_custom_js":"","_kad_blocks_body_custom_js":"","_kad_blocks_footer_custom_js":""},"product_brand":[],"product_cat":[19,30],"product_tag":[],"class_list":{"0":"post-3298","1":"product","2":"type-product","3":"status-publish","4":"has-post-thumbnail","6":"product_cat-drabuziai","7":"product_cat-sukneles","9":"first","10":"instock","11":"taxable","12":"shipping-taxable","13":"purchasable","14":"product-type-variable","15":"has-default-attributes"},"supplier_id":null,"supplier_sku":"","barcode":null,"atum_controlled":true,"out_stock_date":null,"out_stock_threshold":null,"inheritable":true,"inbound_stock":null,"stock_on_hold":0,"sold_today":0,"sales_last_days":0,"reserved_stock":null,"customer_returns":null,"warehouse_damage":null,"lost_in_post":null,"other_logs":null,"out_stock_days":0,"lost_sales":0,"has_location":false,"update_date":"2026-04-15T00:41:09","atum_locations":[],"atum_stock_status":"instock","restock_status":false,"low_stock_amount":"","sales_update_date":"2026-04-15T00:41:09","calc_backorders":null,"taxonomy_info":{"product_cat":[{"value":19,"label":"Visi drabu\u017eiai"},{"value":30,"label":"Suknel\u0117s"}]},"featured_image_src_large":["https:\/\/alizeja.lt\/wp-content\/uploads\/2026\/04\/175012-1024x1024.jpg",1024,1024,true],"author_info":[],"comment_info":0,"_links":{"self":[{"href":"https:\/\/alizeja.lt\/en\/wp-json\/wp\/v2\/product\/3298","targetHints":{"allow":["GET"]}}],"collection":[{"href":"https:\/\/alizeja.lt\/en\/wp-json\/wp\/v2\/product"}],"about":[{"href":"https:\/\/alizeja.lt\/en\/wp-json\/wp\/v2\/types\/product"}],"replies":[{"embeddable":true,"href":"https:\/\/alizeja.lt\/en\/wp-json\/wp\/v2\/comments?post=3298"}],"wp:featuredmedia":[{"embeddable":true,"href":"https:\/\/alizeja.lt\/en\/wp-json\/wp\/v2\/media\/3300"}],"wp:attachment":[{"href":"https:\/\/alizeja.lt\/en\/wp-json\/wp\/v2\/media?parent=3298"}],"wp:term":[{"taxonomy":"product_brand","embeddable":true,"href":"https:\/\/alizeja.lt\/en\/wp-json\/wp\/v2\/product_brand?post=3298"},{"taxonomy":"product_cat","embeddable":true,"href":"https:\/\/alizeja.lt\/en\/wp-json\/wp\/v2\/product_cat?post=3298"},{"taxonomy":"product_tag","embeddable":true,"href":"https:\/\/alizeja.lt\/en\/wp-json\/wp\/v2\/product_tag?post=3298"}],"curies":[{"name":"wp","href":"https:\/\/api.w.org\/{rel}","templated":true}]}}