{"id":3338,"date":"2026-04-16T10:08:26","date_gmt":"2026-04-16T10:08:26","guid":{"rendered":"https:\/\/alizeja.lt\/?post_type=product&#038;p=3338"},"modified":"2026-04-16T10:17:35","modified_gmt":"2026-04-16T10:17:35","slug":"palaidine-22","status":"publish","type":"product","link":"https:\/\/alizeja.lt\/en\/rubai\/palaidine-22\/","title":{"rendered":"Palaidin\u0117."},"content":{"rendered":"","protected":false},"excerpt":{"rendered":"<p style=\"box-sizing: border-box; margin: 0px; padding: 0px; border: none; font-variant-numeric: inherit; font-variant-east-asian: inherit; font-variant-alternates: inherit; font-variant-position: inherit; font-stretch: inherit; line-height: inherit; font-family: Montserrat, sans-serif; font-optical-sizing: inherit; font-size-adjust: inherit; font-kerning: inherit; font-feature-settings: inherit; font-variation-settings: inherit; margin-block-end: var(--theme-content-spacing); color: #222222;\"><strong><span style=\"box-sizing: border-box; color: #0a0a0a; font-family: 'Google Sans', Roboto, Arial, sans-serif;\">Pagaminta i\u0161 ypa\u010d malonaus audinio, jausit\u0117s patogiai vis\u0105 dien\u0105.\u00a0<\/span><\/strong><\/p>\n<p style=\"box-sizing: border-box; margin: 0px; padding: 0px; border: none; font-variant-numeric: inherit; font-variant-east-asian: inherit; font-variant-alternates: inherit; font-variant-position: inherit; font-stretch: inherit; line-height: inherit; font-family: Montserrat, sans-serif; font-optical-sizing: inherit; font-size-adjust: inherit; font-kerning: inherit; font-feature-settings: inherit; font-variation-settings: inherit; margin-block-end: var(--theme-content-spacing); color: #222222;\"><strong><span style=\"box-sizing: border-box; color: #0a0a0a; font-family: 'Google Sans', Roboto, Arial, sans-serif;\">Palaidin\u0117 yra puikus pasirinkimas \u0161vent\u0117ms ar nuotykiams mieste.<br \/>\n<\/span><\/strong><\/p>\n<p><strong>Tinka S, M, L, XL<\/strong><\/p>\n<p><strong>Audinys plonas, labai \u0161velnus ir\u00a0 permatomas.<\/strong><\/p>\n<p><strong>Palaidin\u0117 vos su blizgu\u010diu, yra stati apykakl\u0117 9 cm.<br \/>\n<\/strong><\/p>\n<p><strong>Sud\u0117tis: 100% poliesteris.<\/strong><\/p>\n<p><strong>I\u0161matavimai:<\/strong><\/p>\n<p><strong>Bendras ilgis \u2013 61 cm<\/strong><br \/>\n<strong>Pe\u010di\u0173 plotis \u2013 38 cm<\/strong><br \/>\n<strong>Rankovi\u0173 ilgis \u2013 60 cm <\/strong><br \/>\n<strong>Kr\u016btin\u0117s apimtis \u2013 102 cm<br \/>\n<\/strong><\/p>\n<p><strong>Apa\u010dia &#8211; 110 cm<\/strong><\/p>\n<p><strong>\u00a0<\/strong><\/p>","protected":false},"featured_media":3332,"comment_status":"open","ping_status":"closed","template":"","meta":{"_gspb_post_css":"","_kad_blocks_custom_css":"","_kad_blocks_head_custom_js":"","_kad_blocks_body_custom_js":"","_kad_blocks_footer_custom_js":""},"product_brand":[],"product_cat":[34,19],"product_tag":[],"class_list":{"0":"post-3338","1":"product","2":"type-product","3":"status-publish","4":"has-post-thumbnail","6":"product_cat-palaidines","7":"product_cat-drabuziai","9":"first","10":"instock","11":"taxable","12":"shipping-taxable","13":"purchasable","14":"product-type-variable","15":"has-default-attributes"},"supplier_id":null,"supplier_sku":"","barcode":null,"atum_controlled":true,"out_stock_date":null,"out_stock_threshold":null,"inheritable":true,"inbound_stock":null,"stock_on_hold":0,"sold_today":0,"sales_last_days":0,"reserved_stock":null,"customer_returns":null,"warehouse_damage":null,"lost_in_post":null,"other_logs":null,"out_stock_days":0,"lost_sales":0,"has_location":false,"update_date":"2026-05-15T02:35:30","atum_locations":[],"atum_stock_status":"instock","restock_status":false,"low_stock_amount":0,"sales_update_date":"2026-05-15T02:35:30","calc_backorders":null,"taxonomy_info":{"product_cat":[{"value":34,"label":"Palaidin\u0117s"},{"value":19,"label":"Visi drabu\u017eiai"}]},"featured_image_src_large":["https:\/\/alizeja.lt\/wp-content\/uploads\/2026\/03\/173636-1024x1024.jpg",1024,1024,true],"author_info":[],"comment_info":0,"_links":{"self":[{"href":"https:\/\/alizeja.lt\/en\/wp-json\/wp\/v2\/product\/3338","targetHints":{"allow":["GET"]}}],"collection":[{"href":"https:\/\/alizeja.lt\/en\/wp-json\/wp\/v2\/product"}],"about":[{"href":"https:\/\/alizeja.lt\/en\/wp-json\/wp\/v2\/types\/product"}],"replies":[{"embeddable":true,"href":"https:\/\/alizeja.lt\/en\/wp-json\/wp\/v2\/comments?post=3338"}],"wp:featuredmedia":[{"embeddable":true,"href":"https:\/\/alizeja.lt\/en\/wp-json\/wp\/v2\/media\/3332"}],"wp:attachment":[{"href":"https:\/\/alizeja.lt\/en\/wp-json\/wp\/v2\/media?parent=3338"}],"wp:term":[{"taxonomy":"product_brand","embeddable":true,"href":"https:\/\/alizeja.lt\/en\/wp-json\/wp\/v2\/product_brand?post=3338"},{"taxonomy":"product_cat","embeddable":true,"href":"https:\/\/alizeja.lt\/en\/wp-json\/wp\/v2\/product_cat?post=3338"},{"taxonomy":"product_tag","embeddable":true,"href":"https:\/\/alizeja.lt\/en\/wp-json\/wp\/v2\/product_tag?post=3338"}],"curies":[{"name":"wp","href":"https:\/\/api.w.org\/{rel}","templated":true}]}}