{"id":3357,"date":"2026-04-16T16:37:36","date_gmt":"2026-04-16T16:37:36","guid":{"rendered":"https:\/\/alizeja.lt\/?post_type=product&#038;p=3357"},"modified":"2026-04-16T16:47:50","modified_gmt":"2026-04-16T16:47:50","slug":"lino-ir-medvilnes-palaidine-be-rankoviu-2","status":"publish","type":"product","link":"https:\/\/alizeja.lt\/en\/rubai\/lino-ir-medvilnes-palaidine-be-rankoviu-2\/","title":{"rendered":"Lino ir medviln\u0117s palaidin\u0117 be rankovi\u0173."},"content":{"rendered":"","protected":false},"excerpt":{"rendered":"<p><strong><span class=\"T286Pc\" data-sfc-cp=\"\" data-sfc-cb=\"\" data-complete=\"true\" aria-owns=\"action-menu-parent-container\">Pagaminta i\u0161 nat\u016bralaus, kv\u0117puojan\u010dio lino ir medviln\u0117s ( priekis i\u0161 lino, o nugaros dalis i\u0161 medviln\u0117s), idealiai tinkan\u010dio \u0161iltoms vasaros dienoms.<\/span><\/strong><\/p>\n<p><strong><span class=\"T286Pc\" data-sfc-cp=\"\" data-sfc-cb=\"\" data-complete=\"true\" aria-owns=\"action-menu-parent-container\"> Laisvai krentantis, \u0161iek tiek plat\u0117jantis (A formos) kirpimas u\u017etikrina maksimal\u0173 komfort\u0105 ir jud\u0117jimo laisv\u0119.<\/span><\/strong><\/p>\n<p><strong>Nugaros dalis ilgesn\u0117.<\/strong><\/p>\n<p><strong>Parduodama su pakabuku.<\/strong><\/p>\n<p><strong>Pagaminta Italija. <\/strong><\/p>\n<p><strong>Sud\u0117tis: 100% medviln\u0117, 100% linas.<br \/>\n<\/strong><\/p>\n<p><strong>Tinka nuo: M, L, XL, XXL<\/strong><\/p>\n<p><strong>I\u0161matavimai:<\/strong><br \/>\n<strong>Bendras ilgis \u2013 65 cm priekin\u0117 dalis, nugaros ilgis 74 cm<\/strong><br \/>\n<strong>Kr\u016btin\u0117s apimtis \u2013 108 cm<\/strong><br \/>\n<strong>Apa\u010dios apimtis \u2013 126 cm<\/strong><br \/>\n<strong><!--\/data\/user\/0\/com.samsung.android.app.notes\/files\/clipdata\/clipdata_bodytext_251028_153722_171.sdocx--><\/strong><\/p>\n<p><strong>Petne\u0161\u0117li\u0173 plotis &#8211;\u00a0 7 cm ir po truput\u012f plat\u0117ja<\/strong><\/p>","protected":false},"featured_media":3360,"comment_status":"open","ping_status":"closed","template":"","meta":{"_gspb_post_css":"","_kad_blocks_custom_css":"","_kad_blocks_head_custom_js":"","_kad_blocks_body_custom_js":"","_kad_blocks_footer_custom_js":""},"product_brand":[],"product_cat":[34,19],"product_tag":[],"class_list":{"0":"post-3357","1":"product","2":"type-product","3":"status-publish","4":"has-post-thumbnail","6":"product_cat-palaidines","7":"product_cat-drabuziai","9":"first","10":"instock","11":"taxable","12":"shipping-taxable","13":"purchasable","14":"product-type-variable","15":"has-default-attributes"},"supplier_id":null,"supplier_sku":"","barcode":null,"atum_controlled":true,"out_stock_date":null,"out_stock_threshold":null,"inheritable":true,"inbound_stock":null,"stock_on_hold":0,"sold_today":0,"sales_last_days":0,"reserved_stock":null,"customer_returns":null,"warehouse_damage":null,"lost_in_post":null,"other_logs":null,"out_stock_days":0,"lost_sales":0,"has_location":false,"update_date":"2026-05-15T02:35:29","atum_locations":[],"atum_stock_status":"instock","restock_status":false,"low_stock_amount":0,"sales_update_date":"2026-05-15T02:35:29","calc_backorders":null,"taxonomy_info":{"product_cat":[{"value":34,"label":"Palaidin\u0117s"},{"value":19,"label":"Visi drabu\u017eiai"}]},"featured_image_src_large":["https:\/\/alizeja.lt\/wp-content\/uploads\/2026\/04\/1000018730-1000018613-women-footwear-1_front-Nora-Warm-Studio-2-2-666x1024.png",666,1024,true],"author_info":[],"comment_info":0,"_links":{"self":[{"href":"https:\/\/alizeja.lt\/en\/wp-json\/wp\/v2\/product\/3357","targetHints":{"allow":["GET"]}}],"collection":[{"href":"https:\/\/alizeja.lt\/en\/wp-json\/wp\/v2\/product"}],"about":[{"href":"https:\/\/alizeja.lt\/en\/wp-json\/wp\/v2\/types\/product"}],"replies":[{"embeddable":true,"href":"https:\/\/alizeja.lt\/en\/wp-json\/wp\/v2\/comments?post=3357"}],"wp:featuredmedia":[{"embeddable":true,"href":"https:\/\/alizeja.lt\/en\/wp-json\/wp\/v2\/media\/3360"}],"wp:attachment":[{"href":"https:\/\/alizeja.lt\/en\/wp-json\/wp\/v2\/media?parent=3357"}],"wp:term":[{"taxonomy":"product_brand","embeddable":true,"href":"https:\/\/alizeja.lt\/en\/wp-json\/wp\/v2\/product_brand?post=3357"},{"taxonomy":"product_cat","embeddable":true,"href":"https:\/\/alizeja.lt\/en\/wp-json\/wp\/v2\/product_cat?post=3357"},{"taxonomy":"product_tag","embeddable":true,"href":"https:\/\/alizeja.lt\/en\/wp-json\/wp\/v2\/product_tag?post=3357"}],"curies":[{"name":"wp","href":"https:\/\/api.w.org\/{rel}","templated":true}]}}